{"id":2000,"date":"2019-07-24T10:37:44","date_gmt":"2019-07-24T10:37:44","guid":{"rendered":"https:\/\/www.zfoam.com\/?page_id=2000"},"modified":"2020-07-06T08:31:10","modified_gmt":"2020-07-06T08:31:10","slug":"verkaufsbedingungen","status":"publish","type":"page","link":"https:\/\/www.zfoam.com\/de\/verkaufsbedingungen\/","title":{"rendered":"Verkaufsbedingungen"},"content":{"rendered":"<div class=\"fusion-fullwidth fullwidth-box fusion-builder-row-1 nonhundred-percent-fullwidth non-hundred-percent-height-scrolling\" style=\"background-color: rgba(255,255,255,0);background-position: center center;background-repeat: no-repeat;padding-top:0px;padding-right:0px;padding-bottom:0px;padding-left:0px;margin-bottom: 0px;margin-top: 0px;border-width: 0px 0px 0px 0px;border-color:#eae9e9;border-style:solid;\" ><div class=\"fusion-builder-row fusion-row\"><div class=\"fusion-layout-column fusion_builder_column fusion-builder-column-0 fusion_builder_column_1_1 1_1 fusion-one-full fusion-column-first fusion-column-last\" style=\"margin-top:0px;margin-bottom:20px;\"><div class=\"fusion-column-wrapper fusion-flex-column-wrapper-legacy\" style=\"background-position:left top;background-repeat:no-repeat;-webkit-background-size:cover;-moz-background-size:cover;-o-background-size:cover;background-size:cover;padding: 0px 0px 0px 0px;\"><div class=\"fusion-text fusion-text-1\"><h2>1. FRISTEN.<\/h2>\n<p>Ausgenommen im Fall einer anderslautenden schriftlichen Vereinbarung gilt jede gestundete Zahlung als unabh\u00e4ngiger Vertrag zwischen Verk\u00e4ufer und K\u00e4ufer.<\/p>\n<h2>2. PREISERH\u00d6HUNG<\/h2>\n<p>Der Verk\u00e4ufer beh\u00e4lt sich den Anspruch auf Preiserh\u00f6hung der Ware vor, indem er es zu jeder Zeit vor der Lieferung mitteilt. Sollte der K\u00e4ufer diese Preiserh\u00f6hung als nicht angemessen erachten, kann er die gestundeten und noch nicht erfolgten Lieferungen, die am Datum des Erhalts der Mitteilung des K\u00e4ufers beim Verk\u00e4ufer auch noch nicht unterwegs sind, stornieren, indem er innerhalb von sieben Tagen ab Erhalt der Mitteilung des Verk\u00e4ufers eine schriftliche Mitteilung sendet.<\/p>\n<h2>3. GEWICHT, VOLUMEN UND ABMESSUNGEN DER WARE<\/h2>\n<p>Das Gewicht und das Volumen der Ware wird im Werk oder im Lager des Verk\u00e4ufers oder des Agenten des Verk\u00e4ufers bestimmt. Die so vom Verk\u00e4ufer oder vom Agenten des Verk\u00e4ufers festgestellten und erkl\u00e4rten Gewichte, Volumen und Abmessungen gelten als die Gewichte, Volumen und Abmessungen der gelieferten Ware, ausgenommen im Fall, dass der K\u00e4ufer oder der Agent des K\u00e4ufers entsprechend der weiter unten angegebenen Klausel 14 c) eine Abweichung melden sollte.<\/p>\n<h2>4. MENGENTOLERANZ<\/h2>\n<p>Der Verk\u00e4ufer beh\u00e4lt sich den Anspruch vor, bei allen Bestellungen bis 10\u00a0% \u00dcber- oder Untermenge des Gewichts, Volumens, der Abmessungen oder der bestellten Mengen zu liefern.<\/p>\n<h2>5. GARANTIEN UND HAFTUNGEN<\/h2>\n<ol>\n<li>a) Der Verk\u00e4ufer garantiert, dass die Ware die vom Verk\u00e4ufer seinerzeit f\u00fcr die Waren als allgemein festgelegten Spezifikationen erf\u00fcllt. Der Verk\u00e4ufer garantiert keine Eignung der Ware f\u00fcr einen besonderen Zweck, selbst dann, wenn dieser Zweck bekannt ist. Unter der Bezeichnung, unter der die Ware verkauft wird, wird auch keine Garantie dieser Art als implizit angesehen.<\/li>\n<li>b) Die vertragliche und au\u00dfervertragliche Haftung des Verk\u00e4ufers f\u00fcr evtl. Verluste oder Sch\u00e4den, die sich mittelbar oder unmittelbar von der Lieferung oder der Verwendung der Ware oder der Verpackung, der Paletten oder Container, in denen die Ware geliefert wird, ableiten (egal ob sie durch Nachl\u00e4ssigkeit des Verk\u00e4ufers selbst verursacht sind oder nicht), ist auf den abgerechneten Wert der Lieferung, aus der sich die Sch\u00e4den oder Verluste ableiten, begrenzt.<\/li>\n<li>c) Der Verk\u00e4ufer haftet unter keinen Umst\u00e4nden f\u00fcr wirtschaftliche Folgesch\u00e4den oder Verluste, egal, auf welche Art diese entstehen.<\/li>\n<\/ol>\n<h2>6. H\u00d6HERE GEWALT<\/h2>\n<p>Keine der Parteien haftet gegen\u00fcber der anderen, aus irgendeinem Grund &#8211; der au\u00dferhalb der billigen Kontrolle liegt (oder nicht auf billige Art h\u00e4tte vermieden werden k\u00f6nnen) &#8211; in folgenden F\u00e4llen: Wenn der K\u00e4ufer daran gehindert w\u00e4re oder es verz\u00f6gern w\u00fcrde, die Lieferung zu \u00fcbernehmen, oder wenn der Verk\u00e4ufer daran gehindert w\u00e4re oder es verz\u00f6gern w\u00fcrde, die Ware oder einen beliebigen Teil davon innerhalb der daf\u00fcr festgelegten Zeit zu liefern.<\/p>\n<h2>7. EIGNUNG DER LAGEREINRICHTUNGEN UND DER FAHRZEUGE F\u00dcR DIE ABHOLUNG<\/h2>\n<ol>\n<li>a) Der Verk\u00e4ufer beh\u00e4lt sich den Anspruch vor, jederzeit und ohne Mitteilung die Ausf\u00fchrung der Lieferung einer beliebigen Menge der Ware zu verweigern. Als Folge daraus \u00fcbernimmt er auch keine Verantwortung daf\u00fcr, wenn das Lagerdepot oder die sonstigen Installationen, in die diese Menge der Ware bei der Lieferung an den K\u00e4ufer verlagert werden soll, ungeeignet sind &#8211; z. B., da sie f\u00fcr diesen Transport nicht zug\u00e4nglich sind, f\u00fcr Personen oder Waren gef\u00e4hrlich sind oder einer gesetzlichen, regulatorischen, satzungsm\u00e4\u00dfigen Vorschrift oder einer beliebigen g\u00fcltigen Vorschrift widersprechen. In diesem Fall hat der Verk\u00e4ufer das Recht, dem K\u00e4ufer alle Transportkosten sowie sonstigen billigen, vom Verk\u00e4ufer zu zahlenden Ausgaben, zu berechnen. Sollte jedoch vom Verk\u00e4ufer eine beliebige Menge der Waren geliefert werden, gilt diese Lieferung auf keinerlei Art als Anerkennung der Eignung des Lagerdepots oder der o. a. Installationen seitens des Verk\u00e4ufers.<\/li>\n<li>b) Der K\u00e4ufer garantiert, dass alle Fahrzeuge oder Beh\u00e4lter zur Abholung, die vom K\u00e4ufer oder einer beliebigen Person, die im Namen und in Vertretung des K\u00e4ufers handelt, zur Verf\u00fcgung gestellt werden, die entsprechende Gesetzgebung sowie alle anwendbaren Sicherheits- und Hygieneanforderungen erf\u00fcllen. Auch wenn der Verk\u00e4ufer sie inspizieren kann, um die Eignung und Sicherheitsbedingungen dieser Fahrzeuge und Ger\u00e4te zu pr\u00fcfen, ist der Verk\u00e4ufer unter keinen Umst\u00e4nden f\u00fcr die Eignung oder den Zustand, in dem sich diese befinden, verantwortlich, wie auch nicht f\u00fcr die Sch\u00e4den oder Verluste, die sich daraus ableiten.<\/li>\n<\/ol>\n<h2>8. FEHLENDE AUSF\u00dcHRUNG ODER AUSBLEIBENDER ERHALT DER LIEFERUNG<\/h2>\n<ol>\n<li>a) Wenn der Verk\u00e4ufer die Lieferung der Waren oder eines Teils davon nicht innerhalb einer billigen Verz\u00f6gerung in Bezug auf die f\u00fcr die Lieferung vereinbarten Termine aus irgendeinem Grund &#8211; der nicht in den obigen Klauseln 6 und 7 enthalten ist &#8211; ausf\u00fchrt, beschr\u00e4nkt sich die Haftung des Verk\u00e4ufers in Bezug auf diese Auslassung auf den (evtl.) nachgewiesenen \u00dcberschuss in Bezug auf den in diesem Vertrag vorgesehenen Preis der Kosten, die f\u00fcr den K\u00e4ufer durch den Erwerb einer vergleichbaren Ware entstehen, um die nicht gelieferte Ware zu ersetzen (indem er billig versucht hat, diese Ware auf dem verf\u00fcgbaren billigsten und angemessen geeigneten Markt zu erwerben).<\/li>\n<li>B) Sollte der K\u00e4ufer, unbeschadet der Vorgaben in der obigen Klausel 1, die Lieferung der Ware oder eines beliebigen Teils davon an den f\u00fcr die Lieferung vorgesehenen Terminen aus einem beliebigen Grund, der nicht denen in der obigen Klausel 6 entspricht, nicht annehmen, ist der Verk\u00e4ufer berechtigt, diese Lieferung und alle restlichen offenen oder gestundeten Lieferungen zu stornieren und dem K\u00e4ufer evtl. erlittene Verluste zu berechnen.<\/li>\n<\/ol>\n<h2>9. LIEFERUNG UND RISIKEN<\/h2>\n<p>Ohne anderslautende Angaben und unbeschadet dessen, wer Fracht und Versicherung oder nur Fracht bezahlt, gilt die Ware als geliefert und der Gefahren\u00fcbergang an den K\u00e4ufer als erfolgt, wenn die Waren, Container, Paletten usw. auf das Transportfahrzeug gestellt sind.<\/p>\n<p>Bei anderslautenden Angaben auf Anfrage des K\u00e4ufers und nach vorheriger Annahme durch den Verk\u00e4ufer gilt die Lieferung in folgenden F\u00e4llen als erfolgt und die Gefahr an den K\u00e4ufer \u00fcbertragen:<\/p>\n<ol>\n<li>a) Wenn die Ware vom K\u00e4ufer oder einer von ihm ernannten oder in seiner Vertretung handelnden Person abgeholt wird (EX WORKS): Sobald die Ware, Container, Paletten usw. auf das Transportfahrzeug gestellt ist\/sind.<\/li>\n<li>b) Wenn die Ware per Schiff transportiert wird (FOB): sobald die Waren die Bordkante des Schiffs im Einschiffungshafen \u00fcberquert haben.<\/li>\n<li>c) Wenn die Waren per Bahn oder LKW (FCA, FAS) transportiert werden: sobald die Waren auf das Transportfahrzeug gestellt sind.<\/li>\n<li>d) Wenn die Waren so verkauft werden, dass der Verk\u00e4ufer den Transport u.\/o. die Versicherung (CFR, CIF, CPT, CIP) \u00fcbernimmt: Die Lieferung gilt als erfolgt und die Gefahren gehen zulasten des K\u00e4ufers, wenn die Ware auf dem Transportfahrzeug deponiert ist. Sollte die Lieferung am Zielort oder an der Grenze (DAP, DAT, DDP) erfolgen, gilt sie als erfolgt: sobald die Waren, Container, Paletten usw. das Bord oder die Transportfahrzeugkante \u00fcberschritten haben.<\/li>\n<\/ol>\n<h2>10. EIGENTUM DER WARE<\/h2>\n<ol>\n<li>a) Das Eigentum der Ware, die Vertragsgegenstand ist, wird dem K\u00e4ufer nur mit der Lieferung \u00fcbertragen, nachdem der Verk\u00e4ufer vorher die komplette Zahlung dieser Ware erhalten hat.<\/li>\n<li>b) Unter allen anderen Umst\u00e4nden bleibt der Verk\u00e4ufer Eigent\u00fcmer der Ware und der K\u00e4ufer besitzt die Ware in seiner Eigenschaft als Verwahrer, bis deren gesamte Zahlung vom Verk\u00e4ufer erhalten wurde, oder, wenn es vorher geschehen sollte, die Ware veredelt oder in einen anderen Zusammenbau oder ein Produkt aufgenommen wurde.<\/li>\n<li>c) Solange das Eigentum der Ware dem Verk\u00e4ufer geh\u00f6rt, muss der K\u00e4ufer die Ware im Lager getrennt und ohne Vermischung derart aufbewahren, dass sie als Ware im Eigentum des Verk\u00e4ufers identifiziert werden kann. Wenn es notwendig ist, die Ware in Installationen mit anderen Waren \u00e4hnlicher Eigenschaften zu lagern, muss sie so gelagert werden, dass die Menge der Ware, die dem Verk\u00e4ufer geh\u00f6rt, identifiziert werden kann. Der Verk\u00e4ufer hat das Recht, unbeschadet der Verpflichtung des K\u00e4ufers zum Erwerb der Ware, den Besitz der Ware zur\u00fcckzuerhalten und zu diesem Zweck die vom K\u00e4ufer belegten Einrichtungen zu betreten.<\/li>\n<li>d) Keine der Vorgaben in diesem Vertrag verhindert oder beschr\u00e4nkt den Verkauf seitens des K\u00e4ufers im Rahmen seiner ordentlichen T\u00e4tigkeiten der Ware, die veredelt wurde oder der Zusammenbauten, in die die Ware aufgenommen wurde. Sollte sie jedoch verkauft werden, bevor deren vollst\u00e4ndige Zahlung erhalten wurde, besitzt der K\u00e4ufer die f\u00fcr den Verkauf dieser Ware erhaltenen und dem Verk\u00e4ufer geschuldeten Geldbetr\u00e4ge in seiner Eigenschaft als Treuh\u00e4nder des Verk\u00e4ufers.<\/li>\n<\/ol>\n<h2>11. ZAHLUNG.<\/h2>\n<ol>\n<li>a) Die Zahlung muss sp\u00e4testens an dem auf der Rechnung oder an einem anderen schriftlich festgelegten Zahltag erfolgen.<\/li>\n<li>b) Der Verk\u00e4ufer beh\u00e4lt sich den Anspruch vor, Zinsen mit einem Zinssatz von drei Prozent (3\u00a0%) \u00fcber dem g\u00fcltigen EURIBOR Zinssatz f\u00fcr aktive Transaktionen auf alle Betr\u00e4ge zu berechnen, die an dem im obigen Unterabschnitt a) angegebenen Datum nicht erhalten wurden. Dieser Zinssatz wird ab diesem Datum bis zu dem Datum berechnet, an dem der Verk\u00e4ufer die vollst\u00e4ndige Zahlung erh\u00e4lt.<\/li>\n<li>C) Sollte der K\u00e4ufer eine beliebige Zahlung f\u00fcr eine beliebige andere Ware, die Verkaufsgegenstand zwischen Verk\u00e4ufer und K\u00e4ufer ist, am festgelegten Termin aufgrund des Verk\u00e4ufers nicht leisten, kann jeder beliebige, vom Verk\u00e4ufer in Verbindung mit diesem Vertrag zur Verf\u00fcgung gestellte Kredit sofort storniert werden und der im Vertrag festgelegte und unbezahlte Preis gilt zu Zahlungszwecken als f\u00e4llig, unbeschadet der Anspr\u00fcche in der obigen Klausel 10 des Verk\u00e4ufers.<\/li>\n<\/ol>\n<h2>12. VERPACKUNGEN, PALETTEN UND CONTAINER<\/h2>\n<p>Wenn vereinbart wird, dass die Verpackungen, Paletten und Container zur\u00fcckgegeben werden m\u00fcssen, m\u00fcssen sie in gutem Zustand und zulasten des Verk\u00e4ufers an das auf der Verk\u00e4uferrechnung angegebene Werk oder Depot zur\u00fcckgegeben werden. Der K\u00e4ufer muss dem Verk\u00e4ufer deren Versanddatum mitteilen. Sollte der K\u00e4ufer diese Verpackungen, Paletten und Container nicht innerhalb einer billigen Frist und auf alle F\u00e4lle innerhalb der drei folgenden Monate in einem guten Zustand zur\u00fcckgeben, muss der K\u00e4ufer deren Ersatzkosten bezahlen.<\/p>\n<h2>13. STORNIERUNG<\/h2>\n<p>Unbeschadet aller weiteren Rechte und Ressourcen, die ihm evtl. zustehen, kann der Verk\u00e4ufer alle Lieferungen oder gestundeten Zahlungen der Waren aufschieben oder stornieren, wenn der K\u00e4ufer<\/p>\n<ol>\n<li>a) eine beliebige Zahlung nicht an ihrem F\u00e4lligkeitstermin leistet;<\/li>\n<li>b) ein Abkommen oder eine Vereinbarung mit seinen Gl\u00e4ubigern erreicht;<\/li>\n<li>c) einen Konkursverwalter ernannt bekommt oder ein Gerichtsbeschluss f\u00fcr dessen Abrechnung oder eine diesbez\u00fcglich Verf\u00fcgung von einem Gericht erlassen wird.<\/li>\n<li>d) Wenn ein Gerichtsbeschluss f\u00fcr den Eingriff erlassen wird.<\/li>\n<li>e) Wenn der K\u00e4ufer die Bestimmungen und Bedingungen dieses Vertrags verletzt.<\/li>\n<\/ol>\n<h2>14. REKLAMATIONEN<\/h2>\n<ol>\n<li>a) Alle Reklamationen aufgrund Sch\u00e4den oder teilweisen Verlusten an der Transitware m\u00fcssen der Versicherungsgesellschaft und dem Verk\u00e4ufer oder dessen Agenten innerhalb von drei Tagen ab der Lieferung schriftlich eingereicht werden. Der Lieferschein muss dementsprechend indossiert werden.<\/li>\n<li>b) Alle Reklamationen aufgrund fehlender Lieferung der Gesamtheit oder eines Teils eines Versands oder eines getrennten Packst\u00fccks, das zu einem Versand geh\u00f6rt, m\u00fcssen der Versicherungsgesellschaft und dem Verk\u00e4ufer oder dessen Agenten innerhalb von sieben Tagen ab Erhalt der Rechnung oder der Versandmeldung, falls diese vorher erfolgt, durch den K\u00e4ufer oder dessen Agenten schriftlich eingereicht werden.<\/li>\n<li>C) Sobald es billig machbar ist und auf alle F\u00e4lle innerhalb von sieben Tagen nach Erhalt der Ware, muss der K\u00e4ufer sie untersuchen, um festzustellen, ob sie den Vorgaben im Vertrag entspricht. Andernfalls muss er es dem Verk\u00e4ufer sofort schriftlich melden, indem er ausreichend Daten einreicht. Der K\u00e4ufer muss dem Verk\u00e4ufer die Untersuchung der Angelegenheiten in Verbindung mit dieser Meldung erlauben, bevor der Rest der Waren desselben Versands verwendet oder dem Verk\u00e4ufer zur\u00fcckgegeben wird.<\/li>\n<li>d) Bei ausbleibenden f\u00f6rmlichen oder auf sonstige Art gestellten Reklamationen laut Vorgaben in den obigen Abs\u00e4tzen a), b) oder c), gilt die Lieferung als erfolgt und entsprechend der Vertragsbestimmungen als akzeptiert.<\/li>\n<\/ol>\n<h2>15. MARKEN UND PATENTE<\/h2>\n<ol>\n<li>a) Keine Aussagen oder implizit enthaltene Angaben in diesem Vertrag verleihen dem K\u00e4ufer Anspr\u00fcche auf die Verwendung einer Marke im Besitz des Verk\u00e4ufers oder einer seiner verbundenen Gesellschaften, oder die von diesen unter Lizenz f\u00fcr die laut diesem Vertrag gelieferte Ware verwendet wird.<\/li>\n<li>B) Sollte der Verk\u00e4ufer die Ware laut Spezifikationen des K\u00e4ufers herstellen oder anpassen, muss der K\u00e4ufer den Verk\u00e4ufer f\u00fcr alle Kosten, Reklamationen und Ausgaben entsch\u00e4digen, die der Verk\u00e4ufer in Verbindung mit einer tats\u00e4chlichen oder mutma\u00dflichen Verletzung irgendwelcher Patente, Geschmacksmuster, Handelsmarken oder sonstigen Rechten im Besitz von Dritten auf sich nimmt.<\/li>\n<\/ol>\n<h2>16. \u00dcBERLASSUNGSVERBOT<\/h2>\n<p>Der K\u00e4ufer darf diesen Vertrag ohne vorherige schriftliche Zustimmung des Verk\u00e4ufers nicht \u00fcberlassen.<\/p>\n<h2>17. \u00c4NDERUNG DER BEDINGUNGEN<\/h2>\n<p>Keine der in der Bestellung, in den Einkaufsbedingungen und anderen Mitteilungen des K\u00e4ufers enthaltenen Bestimmungen oder Bedingungen heben diejenigen auf oder \u00e4ndern diejenigen, die in diesen Verkaufsbedingungen enthalten sind. Diese k\u00f6nnen weder getrennt noch in ihrer Gesamtheit ohne vorherige schriftliche Zustimmung des Verk\u00e4ufers annulliert noch ge\u00e4ndert werden.<\/p>\n<\/div><div class=\"fusion-clearfix\"><\/div><\/div><\/div><\/div><\/div>\n","protected":false},"excerpt":{"rendered":"","protected":false},"author":1,"featured_media":0,"parent":0,"menu_order":0,"comment_status":"closed","ping_status":"closed","template":"","meta":{"footnotes":""},"class_list":["post-2000","page","type-page","status-publish","hentry"],"yoast_head":"<!-- This site is optimized with the Yoast SEO plugin v27.2 - https:\/\/yoast.com\/product\/yoast-seo-wordpress\/ -->\n<title>Verkaufsbedingungen - ZFoam<\/title>\n<meta name=\"robots\" content=\"index, follow, max-snippet:-1, max-image-preview:large, max-video-preview:-1\" \/>\n<link rel=\"canonical\" href=\"https:\/\/www.zfoam.com\/de\/verkaufsbedingungen\/\" \/>\n<meta property=\"og:locale\" content=\"de_DE\" \/>\n<meta property=\"og:type\" content=\"article\" \/>\n<meta property=\"og:title\" content=\"Verkaufsbedingungen - ZFoam\" \/>\n<meta property=\"og:url\" content=\"https:\/\/www.zfoam.com\/de\/verkaufsbedingungen\/\" \/>\n<meta property=\"og:site_name\" content=\"ZFoam\" \/>\n<meta property=\"article:modified_time\" content=\"2020-07-06T08:31:10+00:00\" \/>\n<meta name=\"twitter:card\" content=\"summary_large_image\" \/>\n<meta name=\"twitter:label1\" content=\"Gesch\u00e4tzte Lesezeit\" \/>\n\t<meta name=\"twitter:data1\" content=\"12\u00a0Minuten\" \/>\n<script type=\"application\/ld+json\" class=\"yoast-schema-graph\">{\"@context\":\"https:\/\/schema.org\",\"@graph\":[{\"@type\":\"WebPage\",\"@id\":\"https:\/\/www.zfoam.com\/de\/verkaufsbedingungen\/\",\"url\":\"https:\/\/www.zfoam.com\/de\/verkaufsbedingungen\/\",\"name\":\"Verkaufsbedingungen - ZFoam\",\"isPartOf\":{\"@id\":\"https:\/\/www.zfoam.com\/#website\"},\"datePublished\":\"2019-07-24T10:37:44+00:00\",\"dateModified\":\"2020-07-06T08:31:10+00:00\",\"breadcrumb\":{\"@id\":\"https:\/\/www.zfoam.com\/de\/verkaufsbedingungen\/#breadcrumb\"},\"inLanguage\":\"de\",\"potentialAction\":[{\"@type\":\"ReadAction\",\"target\":[\"https:\/\/www.zfoam.com\/de\/verkaufsbedingungen\/\"]}]},{\"@type\":\"BreadcrumbList\",\"@id\":\"https:\/\/www.zfoam.com\/de\/verkaufsbedingungen\/#breadcrumb\",\"itemListElement\":[{\"@type\":\"ListItem\",\"position\":1,\"name\":\"Portada\",\"item\":\"https:\/\/www.zfoam.com\/de\/\"},{\"@type\":\"ListItem\",\"position\":2,\"name\":\"Verkaufsbedingungen\"}]},{\"@type\":\"WebSite\",\"@id\":\"https:\/\/www.zfoam.com\/#website\",\"url\":\"https:\/\/www.zfoam.com\/\",\"name\":\"ZFoam\",\"description\":\"Fabricante de espumas\",\"publisher\":{\"@id\":\"https:\/\/www.zfoam.com\/#organization\"},\"potentialAction\":[{\"@type\":\"SearchAction\",\"target\":{\"@type\":\"EntryPoint\",\"urlTemplate\":\"https:\/\/www.zfoam.com\/?s={search_term_string}\"},\"query-input\":{\"@type\":\"PropertyValueSpecification\",\"valueRequired\":true,\"valueName\":\"search_term_string\"}}],\"inLanguage\":\"de\"},{\"@type\":\"Organization\",\"@id\":\"https:\/\/www.zfoam.com\/#organization\",\"name\":\"ZFoam\",\"url\":\"https:\/\/www.zfoam.com\/\",\"logo\":{\"@type\":\"ImageObject\",\"inLanguage\":\"de\",\"@id\":\"https:\/\/www.zfoam.com\/#\/schema\/logo\/image\/\",\"url\":\"https:\/\/www.zfoam.com\/wp-content\/uploads\/2017\/05\/logo_zfoam_25.png\",\"contentUrl\":\"https:\/\/www.zfoam.com\/wp-content\/uploads\/2017\/05\/logo_zfoam_25.png\",\"width\":220,\"height\":51,\"caption\":\"ZFoam\"},\"image\":{\"@id\":\"https:\/\/www.zfoam.com\/#\/schema\/logo\/image\/\"}}]}<\/script>\n<!-- \/ Yoast SEO plugin. -->","yoast_head_json":{"title":"Verkaufsbedingungen - ZFoam","robots":{"index":"index","follow":"follow","max-snippet":"max-snippet:-1","max-image-preview":"max-image-preview:large","max-video-preview":"max-video-preview:-1"},"canonical":"https:\/\/www.zfoam.com\/de\/verkaufsbedingungen\/","og_locale":"de_DE","og_type":"article","og_title":"Verkaufsbedingungen - ZFoam","og_url":"https:\/\/www.zfoam.com\/de\/verkaufsbedingungen\/","og_site_name":"ZFoam","article_modified_time":"2020-07-06T08:31:10+00:00","twitter_card":"summary_large_image","twitter_misc":{"Gesch\u00e4tzte Lesezeit":"12\u00a0Minuten"},"schema":{"@context":"https:\/\/schema.org","@graph":[{"@type":"WebPage","@id":"https:\/\/www.zfoam.com\/de\/verkaufsbedingungen\/","url":"https:\/\/www.zfoam.com\/de\/verkaufsbedingungen\/","name":"Verkaufsbedingungen - ZFoam","isPartOf":{"@id":"https:\/\/www.zfoam.com\/#website"},"datePublished":"2019-07-24T10:37:44+00:00","dateModified":"2020-07-06T08:31:10+00:00","breadcrumb":{"@id":"https:\/\/www.zfoam.com\/de\/verkaufsbedingungen\/#breadcrumb"},"inLanguage":"de","potentialAction":[{"@type":"ReadAction","target":["https:\/\/www.zfoam.com\/de\/verkaufsbedingungen\/"]}]},{"@type":"BreadcrumbList","@id":"https:\/\/www.zfoam.com\/de\/verkaufsbedingungen\/#breadcrumb","itemListElement":[{"@type":"ListItem","position":1,"name":"Portada","item":"https:\/\/www.zfoam.com\/de\/"},{"@type":"ListItem","position":2,"name":"Verkaufsbedingungen"}]},{"@type":"WebSite","@id":"https:\/\/www.zfoam.com\/#website","url":"https:\/\/www.zfoam.com\/","name":"ZFoam","description":"Fabricante de espumas","publisher":{"@id":"https:\/\/www.zfoam.com\/#organization"},"potentialAction":[{"@type":"SearchAction","target":{"@type":"EntryPoint","urlTemplate":"https:\/\/www.zfoam.com\/?s={search_term_string}"},"query-input":{"@type":"PropertyValueSpecification","valueRequired":true,"valueName":"search_term_string"}}],"inLanguage":"de"},{"@type":"Organization","@id":"https:\/\/www.zfoam.com\/#organization","name":"ZFoam","url":"https:\/\/www.zfoam.com\/","logo":{"@type":"ImageObject","inLanguage":"de","@id":"https:\/\/www.zfoam.com\/#\/schema\/logo\/image\/","url":"https:\/\/www.zfoam.com\/wp-content\/uploads\/2017\/05\/logo_zfoam_25.png","contentUrl":"https:\/\/www.zfoam.com\/wp-content\/uploads\/2017\/05\/logo_zfoam_25.png","width":220,"height":51,"caption":"ZFoam"},"image":{"@id":"https:\/\/www.zfoam.com\/#\/schema\/logo\/image\/"}}]}},"_links":{"self":[{"href":"https:\/\/www.zfoam.com\/de\/wp-json\/wp\/v2\/pages\/2000","targetHints":{"allow":["GET"]}}],"collection":[{"href":"https:\/\/www.zfoam.com\/de\/wp-json\/wp\/v2\/pages"}],"about":[{"href":"https:\/\/www.zfoam.com\/de\/wp-json\/wp\/v2\/types\/page"}],"author":[{"embeddable":true,"href":"https:\/\/www.zfoam.com\/de\/wp-json\/wp\/v2\/users\/1"}],"replies":[{"embeddable":true,"href":"https:\/\/www.zfoam.com\/de\/wp-json\/wp\/v2\/comments?post=2000"}],"version-history":[{"count":2,"href":"https:\/\/www.zfoam.com\/de\/wp-json\/wp\/v2\/pages\/2000\/revisions"}],"predecessor-version":[{"id":2002,"href":"https:\/\/www.zfoam.com\/de\/wp-json\/wp\/v2\/pages\/2000\/revisions\/2002"}],"wp:attachment":[{"href":"https:\/\/www.zfoam.com\/de\/wp-json\/wp\/v2\/media?parent=2000"}],"curies":[{"name":"wp","href":"https:\/\/api.w.org\/{rel}","templated":true}]}}