{"id":3881,"date":"2020-06-26T12:33:28","date_gmt":"2020-06-26T12:33:28","guid":{"rendered":"https:\/\/www.zfoam.com\/?page_id=3881"},"modified":"2020-08-12T12:45:43","modified_gmt":"2020-08-12T12:45:43","slug":"zfoam-sport-kerne-paddletennisschlaeger","status":"publish","type":"page","link":"https:\/\/www.zfoam.com\/de\/zfoam-sport\/zfoam-sport-kerne-paddletennisschlaeger\/","title":{"rendered":"Zfoam Sport Kerne f\u00fcr paddletennisschl\u00e4ger"},"content":{"rendered":"<p><div class=\"fusion-fullwidth fullwidth-box fusion-builder-row-1 nonhundred-percent-fullwidth non-hundred-percent-height-scrolling fusion-equal-height-columns\" style=\"background-color: #66a581;background-position: center center;background-repeat: no-repeat;padding-top:27px;padding-right:0px;padding-bottom:0px;padding-left:0px;margin-bottom: 0px;margin-top: 0px;border-width: 0px 0px 0px 0px;border-color:#eae9e9;border-style:solid;\" ><div class=\"fusion-builder-row fusion-row\"><div class=\"fusion-layout-column fusion_builder_column fusion-builder-column-0 fusion_builder_column_1_1 1_1 fusion-one-full fusion-column-first fusion-column-last\" style=\"margin-top:0px;margin-bottom:20px;\"><div class=\"fusion-column-wrapper fusion-flex-column-wrapper-legacy\" style=\"background-position:left top;background-repeat:no-repeat;-webkit-background-size:cover;-moz-background-size:cover;-o-background-size:cover;background-size:cover;padding: 0px 0px 0px 0px;\"><div class=\"imageframe-align-center\"><span class=\" fusion-imageframe imageframe-none imageframe-1 hover-type-none\" style=\"width:100%;max-width:280px;\"><img decoding=\"async\" width=\"700\" height=\"340\" title=\"zfoam-sport-sectores\" src=\"https:\/\/www.zfoam.com\/wp-content\/uploads\/2017\/05\/zfoam-sport-sectores.png\" class=\"img-responsive wp-image-1671\" srcset=\"https:\/\/www.zfoam.com\/wp-content\/uploads\/2017\/05\/zfoam-sport-sectores-200x97.png 200w, https:\/\/www.zfoam.com\/wp-content\/uploads\/2017\/05\/zfoam-sport-sectores-400x194.png 400w, https:\/\/www.zfoam.com\/wp-content\/uploads\/2017\/05\/zfoam-sport-sectores-600x291.png 600w, https:\/\/www.zfoam.com\/wp-content\/uploads\/2017\/05\/zfoam-sport-sectores.png 700w\" sizes=\"(max-width: 800px) 100vw, 700px\" \/><\/span><\/div><div class=\"fusion-clearfix\"><\/div><\/div><\/div><\/div><\/div><div class=\"fusion-fullwidth fullwidth-box fusion-builder-row-2 nonhundred-percent-fullwidth non-hundred-percent-height-scrolling\" style=\"background-color: rgba(255,255,255,0);background-position: center center;background-repeat: no-repeat;padding-top:0px;padding-right:0px;padding-bottom:0px;padding-left:0px;margin-bottom: 0px;margin-top: 0px;border-width: 0px 0px 0px 0px;border-color:#eae9e9;border-style:solid;\" ><div class=\"fusion-builder-row fusion-row\"><div class=\"fusion-layout-column fusion_builder_column fusion-builder-column-1 fusion_builder_column_1_1 1_1 fusion-one-full fusion-column-first fusion-column-last\" style=\"margin-top:0px;margin-bottom:20px;\"><div class=\"fusion-column-wrapper fusion-flex-column-wrapper-legacy\" style=\"background-position:left top;background-repeat:no-repeat;-webkit-background-size:cover;-moz-background-size:cover;-o-background-size:cover;background-size:cover;padding: 0px 0px 0px 0px;\"><div class=\"fusion-text fusion-text-1\"><h1 style=\"text-align: center;\"><span style=\"color: #66a581;\">Technische Sch\u00e4ume f\u00fcr paddletennisschl\u00e4ger<br \/>\n<\/span><\/h1>\n<\/div><div class=\"fusion-text fusion-text-2\"><p style=\"text-align: center; font-size: 14px;\"><span style=\"color: #66a581;\">Wir produzieren und liefern technische Hochleistungssch\u00e4ume f\u00fcr Paddelkerne<br \/>\n<\/span><\/p>\n<\/div><div class=\"fusion-sep-clear\"><\/div><div class=\"fusion-separator\" style=\"margin-left: auto;margin-right: auto;margin-bottom:40px;width:100%;max-width:100px;\"><div class=\"fusion-separator-border sep-single sep-solid\" style=\"border-color:#66a581;border-top-width:2px;\"><\/div><\/div><div class=\"fusion-sep-clear\"><\/div><div class=\"fusion-text fusion-text-3\"><p style=\"text-align: center; font-size: 14px;\">Kerne aus Poly\u00e4thylenschaum (FOAM) und EVA mit unterschiedlichen H\u00e4rtegraden, mit denen leichte und haltbare Schl\u00e4ger mit gleichm\u00e4\u00dfigem Verhalten hergestellt werden k\u00f6nnen.<\/p>\n<\/div><div class=\"fusion-clearfix\"><\/div><\/div><\/div><\/div><\/div><div class=\"fusion-fullwidth fullwidth-box fusion-builder-row-3 nonhundred-percent-fullwidth non-hundred-percent-height-scrolling\" style=\"background-color: rgba(255,255,255,0);background-position: center center;background-repeat: no-repeat;padding-top:19px;padding-right:0px;padding-bottom:0px;padding-left:0px;margin-bottom: 0px;margin-top: 0px;border-width: 0px 0px 0px 0px;border-color:#eae9e9;border-style:solid;\" ><div class=\"fusion-builder-row fusion-row\"><div class=\"fusion-layout-column fusion_builder_column fusion-builder-column-2 fusion_builder_column_1_2 1_2 fusion-one-half fusion-column-first\" style=\"width:50%;width:calc(50% - ( ( 4% ) * 0.5 ) );margin-right: 4%;margin-top:0px;margin-bottom:20px;\"><div class=\"fusion-column-wrapper fusion-flex-column-wrapper-legacy\" style=\"background-position:left top;background-repeat:no-repeat;-webkit-background-size:cover;-moz-background-size:cover;-o-background-size:cover;background-size:cover;padding: 0px 0px 0px 40px;\"><span class=\" fusion-imageframe imageframe-none imageframe-2 hover-type-none\" style=\"width:100%;max-width:380px;\"><img decoding=\"async\" width=\"700\" height=\"463\" title=\"paddel_de\" src=\"https:\/\/www.zfoam.com\/wp-content\/uploads\/2020\/06\/paddel_de.jpg\" class=\"img-responsive wp-image-3886\" srcset=\"https:\/\/www.zfoam.com\/wp-content\/uploads\/2020\/06\/paddel_de-200x132.jpg 200w, https:\/\/www.zfoam.com\/wp-content\/uploads\/2020\/06\/paddel_de-400x265.jpg 400w, https:\/\/www.zfoam.com\/wp-content\/uploads\/2020\/06\/paddel_de-600x397.jpg 600w, https:\/\/www.zfoam.com\/wp-content\/uploads\/2020\/06\/paddel_de.jpg 700w\" sizes=\"(max-width: 800px) 100vw, 600px\" \/><\/span><div class=\"fusion-clearfix\"><\/div><\/div><\/div><div class=\"fusion-layout-column fusion_builder_column fusion-builder-column-3 fusion_builder_column_1_2 1_2 fusion-one-half fusion-column-last\" style=\"width:50%;width:calc(50% - ( ( 4% ) * 0.5 ) );margin-top:0px;margin-bottom:20px;\"><div class=\"fusion-column-wrapper fusion-flex-column-wrapper-legacy\" style=\"background-position:left top;background-repeat:no-repeat;-webkit-background-size:cover;-moz-background-size:cover;-o-background-size:cover;background-size:cover;border-left:2px solid #d9eefc;padding: 0px 0px 0px 20px;\"><div class=\"fusion-text fusion-text-4\"><p style=\"text-align: left; font-size: 22px;\"><strong><span style=\"color: #66a581;\">Was bieten wir Ihnen an?<\/span><\/strong><\/p>\n<\/div><ul class=\"fusion-checklist fusion-checklist-1\" style=\"font-size:14px;line-height:23.8px;\"><li class=\"fusion-li-item\"><span style=\"background-color:#66a581;font-size:12.32px;height:23.8px;width:23.8px;margin-right:9.8px;\" class=\"icon-wrapper circle-yes\"><i class=\"fusion-li-icon fa fa-check\" style=\"color:#ffffff;\" aria-hidden=\"true\"><\/i><\/span><div class=\"fusion-li-item-content\" style=\"margin-left:33.6px;\">\n<div class=\"et_pb_module et_pb_blurb et_pb_blurb_0 et_pb_text_align_left et_pb_blurb_position_left et_pb_bg_layout_light\">\n<div class=\"et_pb_blurb_content\">\n<div class=\"et_pb_blurb_container\">\n<div class=\"et_pb_blurb_description\">\n<div class=\"et_pb_module et_pb_blurb et_pb_blurb_0 et_pb_text_align_left et_pb_blurb_position_left et_pb_bg_layout_light\">\n<div class=\"et_pb_blurb_content\">\n<div class=\"et_pb_blurb_container\">\n<div class=\"et_pb_blurb_description\">\n<div class=\"et_pb_module et_pb_blurb et_pb_blurb_0 et_pb_text_align_left et_pb_blurb_position_left et_pb_bg_layout_light\">\n<div class=\"et_pb_blurb_content\">\n<div class=\"et_pb_blurb_container\">\n<div class=\"et_pb_blurb_description\">\n<div class=\"et_pb_module et_pb_blurb et_pb_blurb_0 et_pb_text_align_left et_pb_blurb_position_left et_pb_bg_layout_light\">\n<div class=\"et_pb_blurb_content\">\n<div class=\"et_pb_blurb_container\">\n<div class=\"et_pb_blurb_description\">\n<p>Hoch reine Materialien ohne Reststoffe von Sch\u00e4umungsagenten oder \ufb02\u00fcchtigen organischen Verbindungen.<\/p>\n<\/div>\n<\/div>\n<\/div>\n<\/div>\n<\/div>\n<\/div>\n<\/div>\n<\/div>\n<\/div>\n<\/div>\n<\/div>\n<\/div>\n<\/div>\n<\/div>\n<\/div>\n<\/div>\n<\/div><\/li><li class=\"fusion-li-item\"><span style=\"background-color:#66a581;font-size:12.32px;height:23.8px;width:23.8px;margin-right:9.8px;\" class=\"icon-wrapper circle-yes\"><i class=\"fusion-li-icon fa fa-check\" style=\"color:#ffffff;\" aria-hidden=\"true\"><\/i><\/span><div class=\"fusion-li-item-content\" style=\"margin-left:33.6px;\">\n<div class=\"et_pb_module et_pb_blurb et_pb_blurb_1 et_pb_text_align_left et_pb_blurb_position_left et_pb_bg_layout_light\">\n<div class=\"et_pb_blurb_content\">\n<div class=\"et_pb_blurb_container\">\n<div class=\"et_pb_blurb_description\">\n<div class=\"et_pb_module et_pb_blurb et_pb_blurb_1 et_pb_text_align_left et_pb_blurb_position_left et_pb_bg_layout_light\">\n<div class=\"et_pb_blurb_content\">\n<div class=\"et_pb_blurb_container\">\n<div class=\"et_pb_blurb_description\">\n<div class=\"et_pb_module et_pb_blurb et_pb_blurb_1 et_pb_text_align_left et_pb_blurb_position_left et_pb_bg_layout_light\">\n<div class=\"et_pb_blurb_content\">\n<div class=\"et_pb_blurb_container\">\n<div class=\"et_pb_blurb_description\">\n<div class=\"et_pb_module et_pb_blurb et_pb_blurb_1 et_pb_text_align_left et_pb_blurb_position_left et_pb_bg_layout_light\">\n<div class=\"et_pb_blurb_content\">\n<div class=\"et_pb_blurb_container\">\n<div class=\"et_pb_blurb_description\">\n<p>Verschiedene Materialtypen f\u00fcr alle Schl\u00e4gersortimente: Kinder, Anf\u00e4nger, Pro\ufb01s, Kraft, Kontrolle usw.:<\/p>\n<ul>\n<li>LA 15.<\/li>\n<li>LD 15.<\/li>\n<li>EV 30.<\/li>\n<li>EV 42.<\/li>\n<li>EV 50.<\/li>\n<li>VA 35.<\/li>\n<li>PN 28 SOFT.<\/li>\n<\/ul>\n<\/div>\n<\/div>\n<\/div>\n<\/div>\n<\/div>\n<\/div>\n<\/div>\n<\/div>\n<\/div>\n<\/div>\n<\/div>\n<\/div>\n<\/div>\n<\/div>\n<\/div>\n<\/div>\n<\/div><\/li><\/ul><div class=\"fusion-sep-clear\"><\/div><div class=\"fusion-separator fusion-full-width-sep\" style=\"margin-left: auto;margin-right: auto;width:100%;\"><div class=\"fusion-separator-border sep-double\" style=\"border-color:rgba(247,247,247,0);border-top-width:16px;border-bottom-width:16px;\"><\/div><\/div><div class=\"fusion-sep-clear\"><\/div><div class=\"fusion-alignright\"><style type=\"text\/css\">.fusion-button.button-1 .fusion-button-text, .fusion-button.button-1 i {color:#ffffff;}.fusion-button.button-1 .fusion-button-icon-divider{border-color:#ffffff;}.fusion-button.button-1:hover .fusion-button-text, .fusion-button.button-1:hover i,.fusion-button.button-1:focus .fusion-button-text, .fusion-button.button-1:focus i,.fusion-button.button-1:active .fusion-button-text, .fusion-button.button-1:active{color:#ffffff;}.fusion-button.button-1:hover .fusion-button-icon-divider, .fusion-button.button-1:hover .fusion-button-icon-divider, .fusion-button.button-1:active .fusion-button-icon-divider{border-color:#ffffff;}.fusion-button.button-1:hover, .fusion-button.button-1:focus, .fusion-button.button-1:active{border-color:#ffffff;}.fusion-button.button-1 {border-color:#ffffff;border-radius:2px;}.fusion-button.button-1{background: #66a581;}.fusion-button.button-1:hover,.button-1:focus,.fusion-button.button-1:active{background: #66a581;}<\/style><a class=\"fusion-button button-flat button-small button-custom button-1 fusion-button-default-span fusion-button-default-type\" target=\"_self\" href=\"https:\/\/www.zfoam.com\/de\/zfoam-sport\/\"><i class=\"fa-angle-double-left fas button-icon-left\" aria-hidden=\"true\"><\/i><span class=\"fusion-button-text\">Zur\u00fcck zu zfoam sport<\/span><\/a><\/div><div class=\"fusion-clearfix\"><\/div><\/div><\/div><\/div><\/div><\/p>\n","protected":false},"excerpt":{"rendered":"","protected":false},"author":1,"featured_media":0,"parent":3818,"menu_order":0,"comment_status":"closed","ping_status":"closed","template":"100-width.php","meta":{"footnotes":""},"class_list":["post-3881","page","type-page","status-publish","hentry"],"yoast_head":"<!-- This site is optimized with the Yoast SEO plugin v27.2 - https:\/\/yoast.com\/product\/yoast-seo-wordpress\/ -->\n<title>Zfoam Sport Kerne f\u00fcr paddletennisschl\u00e4ger - ZFoam<\/title>\n<meta name=\"robots\" content=\"index, follow, max-snippet:-1, max-image-preview:large, max-video-preview:-1\" \/>\n<link rel=\"canonical\" href=\"https:\/\/www.zfoam.com\/de\/zfoam-sport\/zfoam-sport-kerne-paddletennisschlaeger\/\" \/>\n<meta property=\"og:locale\" content=\"de_DE\" \/>\n<meta property=\"og:type\" content=\"article\" \/>\n<meta property=\"og:title\" content=\"Zfoam Sport Kerne f\u00fcr paddletennisschl\u00e4ger - ZFoam\" \/>\n<meta property=\"og:url\" content=\"https:\/\/www.zfoam.com\/de\/zfoam-sport\/zfoam-sport-kerne-paddletennisschlaeger\/\" \/>\n<meta property=\"og:site_name\" content=\"ZFoam\" \/>\n<meta property=\"article:modified_time\" content=\"2020-08-12T12:45:43+00:00\" \/>\n<meta name=\"twitter:card\" content=\"summary_large_image\" \/>\n<meta name=\"twitter:label1\" content=\"Gesch\u00e4tzte Lesezeit\" \/>\n\t<meta name=\"twitter:data1\" content=\"9\u00a0Minuten\" \/>\n<script type=\"application\/ld+json\" class=\"yoast-schema-graph\">{\"@context\":\"https:\/\/schema.org\",\"@graph\":[{\"@type\":\"WebPage\",\"@id\":\"https:\/\/www.zfoam.com\/de\/zfoam-sport\/zfoam-sport-kerne-paddletennisschlaeger\/\",\"url\":\"https:\/\/www.zfoam.com\/de\/zfoam-sport\/zfoam-sport-kerne-paddletennisschlaeger\/\",\"name\":\"Zfoam Sport Kerne f\u00fcr paddletennisschl\u00e4ger - ZFoam\",\"isPartOf\":{\"@id\":\"https:\/\/www.zfoam.com\/#website\"},\"datePublished\":\"2020-06-26T12:33:28+00:00\",\"dateModified\":\"2020-08-12T12:45:43+00:00\",\"breadcrumb\":{\"@id\":\"https:\/\/www.zfoam.com\/de\/zfoam-sport\/zfoam-sport-kerne-paddletennisschlaeger\/#breadcrumb\"},\"inLanguage\":\"de\",\"potentialAction\":[{\"@type\":\"ReadAction\",\"target\":[\"https:\/\/www.zfoam.com\/de\/zfoam-sport\/zfoam-sport-kerne-paddletennisschlaeger\/\"]}]},{\"@type\":\"BreadcrumbList\",\"@id\":\"https:\/\/www.zfoam.com\/de\/zfoam-sport\/zfoam-sport-kerne-paddletennisschlaeger\/#breadcrumb\",\"itemListElement\":[{\"@type\":\"ListItem\",\"position\":1,\"name\":\"Portada\",\"item\":\"https:\/\/www.zfoam.com\/de\/\"},{\"@type\":\"ListItem\",\"position\":2,\"name\":\"ZFOAM Sport\",\"item\":\"https:\/\/www.zfoam.com\/de\/zfoam-sport\/\"},{\"@type\":\"ListItem\",\"position\":3,\"name\":\"Zfoam Sport Kerne f\u00fcr paddletennisschl\u00e4ger\"}]},{\"@type\":\"WebSite\",\"@id\":\"https:\/\/www.zfoam.com\/#website\",\"url\":\"https:\/\/www.zfoam.com\/\",\"name\":\"ZFoam\",\"description\":\"Fabricante de espumas\",\"publisher\":{\"@id\":\"https:\/\/www.zfoam.com\/#organization\"},\"potentialAction\":[{\"@type\":\"SearchAction\",\"target\":{\"@type\":\"EntryPoint\",\"urlTemplate\":\"https:\/\/www.zfoam.com\/?s={search_term_string}\"},\"query-input\":{\"@type\":\"PropertyValueSpecification\",\"valueRequired\":true,\"valueName\":\"search_term_string\"}}],\"inLanguage\":\"de\"},{\"@type\":\"Organization\",\"@id\":\"https:\/\/www.zfoam.com\/#organization\",\"name\":\"ZFoam\",\"url\":\"https:\/\/www.zfoam.com\/\",\"logo\":{\"@type\":\"ImageObject\",\"inLanguage\":\"de\",\"@id\":\"https:\/\/www.zfoam.com\/#\/schema\/logo\/image\/\",\"url\":\"https:\/\/www.zfoam.com\/wp-content\/uploads\/2017\/05\/logo_zfoam_25.png\",\"contentUrl\":\"https:\/\/www.zfoam.com\/wp-content\/uploads\/2017\/05\/logo_zfoam_25.png\",\"width\":220,\"height\":51,\"caption\":\"ZFoam\"},\"image\":{\"@id\":\"https:\/\/www.zfoam.com\/#\/schema\/logo\/image\/\"}}]}<\/script>\n<!-- \/ Yoast SEO plugin. -->","yoast_head_json":{"title":"Zfoam Sport Kerne f\u00fcr paddletennisschl\u00e4ger - ZFoam","robots":{"index":"index","follow":"follow","max-snippet":"max-snippet:-1","max-image-preview":"max-image-preview:large","max-video-preview":"max-video-preview:-1"},"canonical":"https:\/\/www.zfoam.com\/de\/zfoam-sport\/zfoam-sport-kerne-paddletennisschlaeger\/","og_locale":"de_DE","og_type":"article","og_title":"Zfoam Sport Kerne f\u00fcr paddletennisschl\u00e4ger - ZFoam","og_url":"https:\/\/www.zfoam.com\/de\/zfoam-sport\/zfoam-sport-kerne-paddletennisschlaeger\/","og_site_name":"ZFoam","article_modified_time":"2020-08-12T12:45:43+00:00","twitter_card":"summary_large_image","twitter_misc":{"Gesch\u00e4tzte Lesezeit":"9\u00a0Minuten"},"schema":{"@context":"https:\/\/schema.org","@graph":[{"@type":"WebPage","@id":"https:\/\/www.zfoam.com\/de\/zfoam-sport\/zfoam-sport-kerne-paddletennisschlaeger\/","url":"https:\/\/www.zfoam.com\/de\/zfoam-sport\/zfoam-sport-kerne-paddletennisschlaeger\/","name":"Zfoam Sport Kerne f\u00fcr paddletennisschl\u00e4ger - ZFoam","isPartOf":{"@id":"https:\/\/www.zfoam.com\/#website"},"datePublished":"2020-06-26T12:33:28+00:00","dateModified":"2020-08-12T12:45:43+00:00","breadcrumb":{"@id":"https:\/\/www.zfoam.com\/de\/zfoam-sport\/zfoam-sport-kerne-paddletennisschlaeger\/#breadcrumb"},"inLanguage":"de","potentialAction":[{"@type":"ReadAction","target":["https:\/\/www.zfoam.com\/de\/zfoam-sport\/zfoam-sport-kerne-paddletennisschlaeger\/"]}]},{"@type":"BreadcrumbList","@id":"https:\/\/www.zfoam.com\/de\/zfoam-sport\/zfoam-sport-kerne-paddletennisschlaeger\/#breadcrumb","itemListElement":[{"@type":"ListItem","position":1,"name":"Portada","item":"https:\/\/www.zfoam.com\/de\/"},{"@type":"ListItem","position":2,"name":"ZFOAM Sport","item":"https:\/\/www.zfoam.com\/de\/zfoam-sport\/"},{"@type":"ListItem","position":3,"name":"Zfoam Sport Kerne f\u00fcr paddletennisschl\u00e4ger"}]},{"@type":"WebSite","@id":"https:\/\/www.zfoam.com\/#website","url":"https:\/\/www.zfoam.com\/","name":"ZFoam","description":"Fabricante de espumas","publisher":{"@id":"https:\/\/www.zfoam.com\/#organization"},"potentialAction":[{"@type":"SearchAction","target":{"@type":"EntryPoint","urlTemplate":"https:\/\/www.zfoam.com\/?s={search_term_string}"},"query-input":{"@type":"PropertyValueSpecification","valueRequired":true,"valueName":"search_term_string"}}],"inLanguage":"de"},{"@type":"Organization","@id":"https:\/\/www.zfoam.com\/#organization","name":"ZFoam","url":"https:\/\/www.zfoam.com\/","logo":{"@type":"ImageObject","inLanguage":"de","@id":"https:\/\/www.zfoam.com\/#\/schema\/logo\/image\/","url":"https:\/\/www.zfoam.com\/wp-content\/uploads\/2017\/05\/logo_zfoam_25.png","contentUrl":"https:\/\/www.zfoam.com\/wp-content\/uploads\/2017\/05\/logo_zfoam_25.png","width":220,"height":51,"caption":"ZFoam"},"image":{"@id":"https:\/\/www.zfoam.com\/#\/schema\/logo\/image\/"}}]}},"_links":{"self":[{"href":"https:\/\/www.zfoam.com\/de\/wp-json\/wp\/v2\/pages\/3881","targetHints":{"allow":["GET"]}}],"collection":[{"href":"https:\/\/www.zfoam.com\/de\/wp-json\/wp\/v2\/pages"}],"about":[{"href":"https:\/\/www.zfoam.com\/de\/wp-json\/wp\/v2\/types\/page"}],"author":[{"embeddable":true,"href":"https:\/\/www.zfoam.com\/de\/wp-json\/wp\/v2\/users\/1"}],"replies":[{"embeddable":true,"href":"https:\/\/www.zfoam.com\/de\/wp-json\/wp\/v2\/comments?post=3881"}],"version-history":[{"count":6,"href":"https:\/\/www.zfoam.com\/de\/wp-json\/wp\/v2\/pages\/3881\/revisions"}],"predecessor-version":[{"id":5111,"href":"https:\/\/www.zfoam.com\/de\/wp-json\/wp\/v2\/pages\/3881\/revisions\/5111"}],"up":[{"embeddable":true,"href":"https:\/\/www.zfoam.com\/de\/wp-json\/wp\/v2\/pages\/3818"}],"wp:attachment":[{"href":"https:\/\/www.zfoam.com\/de\/wp-json\/wp\/v2\/media?parent=3881"}],"curies":[{"name":"wp","href":"https:\/\/api.w.org\/{rel}","templated":true}]}}