{"id":8980,"date":"2023-05-15T10:55:40","date_gmt":"2023-05-15T08:55:40","guid":{"rendered":"https:\/\/www.zfoam.com\/?page_id=8980"},"modified":"2023-05-15T12:33:20","modified_gmt":"2023-05-15T10:33:20","slug":"herstellung","status":"publish","type":"page","link":"https:\/\/www.zfoam.com\/de\/oekologische-schaumstoffe\/herstellung\/","title":{"rendered":"Herstellung"},"content":{"rendered":"<p><div class=\"fusion-fullwidth fullwidth-box fusion-builder-row-1 nonhundred-percent-fullwidth non-hundred-percent-height-scrolling fusion-equal-height-columns\" style=\"background-color: #419e49;background-position: center center;background-repeat: no-repeat;padding-top:27px;padding-right:0px;padding-bottom:0px;padding-left:0px;margin-bottom: 0px;margin-top: 0px;border-width: 0px 0px 0px 0px;border-color:#eae9e9;border-style:solid;\" ><div class=\"fusion-builder-row fusion-row\"><div class=\"fusion-layout-column fusion_builder_column fusion-builder-column-0 fusion_builder_column_1_1 1_1 fusion-one-full fusion-column-first fusion-column-last\" style=\"margin-top:0px;margin-bottom:20px;\"><div class=\"fusion-column-wrapper fusion-flex-column-wrapper-legacy\" style=\"background-position:left top;background-repeat:no-repeat;-webkit-background-size:cover;-moz-background-size:cover;-o-background-size:cover;background-size:cover;padding: 0px 0px 0px 0px;\"><div class=\"imageframe-align-center\"><span class=\" fusion-imageframe imageframe-none imageframe-1 hover-type-none\" style=\"width:100%;max-width:280px;\"><a class=\"fusion-no-lightbox\" href=\"https:\/\/www.zfoam.com\/zfoam-eco\/\" target=\"_self\" aria-label=\"zfoam-eco-icono\"><img decoding=\"async\" width=\"300\" height=\"146\" src=\"https:\/\/www.zfoam.com\/wp-content\/uploads\/2023\/03\/zfoam-eco-icono-300x146.png\" class=\"img-responsive wp-image-8975\" srcset=\"https:\/\/www.zfoam.com\/wp-content\/uploads\/2023\/03\/zfoam-eco-icono-200x97.png 200w, https:\/\/www.zfoam.com\/wp-content\/uploads\/2023\/03\/zfoam-eco-icono-400x194.png 400w, https:\/\/www.zfoam.com\/wp-content\/uploads\/2023\/03\/zfoam-eco-icono-600x291.png 600w, https:\/\/www.zfoam.com\/wp-content\/uploads\/2023\/03\/zfoam-eco-icono.png 700w\" sizes=\"(max-width: 800px) 100vw, 300px\" \/><\/a><\/span><\/div><div class=\"fusion-clearfix\"><\/div><\/div><\/div><\/div><\/div><div class=\"fusion-fullwidth fullwidth-box fusion-builder-row-2 nonhundred-percent-fullwidth non-hundred-percent-height-scrolling\" style=\"background-color: rgba(255,255,255,0);background-position: center center;background-repeat: no-repeat;padding-top:0px;padding-right:0px;padding-bottom:0px;padding-left:0px;margin-bottom: 0px;margin-top: 0px;border-width: 0px 0px 0px 0px;border-color:#eae9e9;border-style:solid;\" ><div class=\"fusion-builder-row fusion-row\"><div class=\"fusion-layout-column fusion_builder_column fusion-builder-column-1 fusion_builder_column_1_1 1_1 fusion-one-full fusion-column-first fusion-column-last\" style=\"margin-top:0px;margin-bottom:20px;\"><div class=\"fusion-column-wrapper fusion-flex-column-wrapper-legacy\" style=\"background-position:left top;background-repeat:no-repeat;-webkit-background-size:cover;-moz-background-size:cover;-o-background-size:cover;background-size:cover;padding: 0px 0px 0px 0px;\"><div class=\"fusion-text fusion-text-1\"><h1 style=\"text-align: center;\"><span style=\"color: #333399;\">Herstellung<\/span><\/h1>\n<\/div><div class=\"fusion-text fusion-text-2\"><p style=\"text-align: center; font-size: 14px;\"><span style=\"color: #333399;\"><strong>Mit weniger mehr zu erreichen ist revolution\u00e4r und gut f\u00fcr unseren Planeten.<\/strong><br \/>\n<\/span><\/p>\n<\/div><div class=\"fusion-sep-clear\"><\/div><div class=\"fusion-separator\" style=\"margin-left: auto;margin-right: auto;margin-bottom:40px;width:100%;max-width:100px;\"><div class=\"fusion-separator-border sep-single sep-solid\" style=\"border-color:#333399;border-top-width:2px;\"><\/div><\/div><div class=\"fusion-sep-clear\"><\/div><div class=\"fusion-text fusion-text-3\"><p style=\"text-align: center; font-size: 14px;\">Uns ist bewusst, dass es zuerst an uns liegt, unsere Umwelt zu sch\u00fctzen, und zwar durch unser eigenes Produktionssystem. Aus diesem Grund haben wir bei ZFoam erhebliche Investitionen get\u00e4tigt, um unseren Ressourcenverbrauch (Energie und Rohstoffe) sowie die von uns verursachten Emissionen und Ableitungen durch gezielte Ma\u00dfnahmen so weit wie m\u00f6glich zu reduzieren:<\/p>\n<\/div><div class=\"fusion-clearfix\"><\/div><\/div><\/div><\/div><\/div><div class=\"fusion-fullwidth fullwidth-box fusion-builder-row-3 nonhundred-percent-fullwidth non-hundred-percent-height-scrolling\" style=\"background-color: rgba(255,255,255,0);background-position: center center;background-repeat: no-repeat;padding-top:19px;padding-right:0px;padding-bottom:0px;padding-left:0px;margin-bottom: 0px;margin-top: 0px;border-width: 0px 0px 0px 0px;border-color:#eae9e9;border-style:solid;\" ><div class=\"fusion-builder-row fusion-row\"><div class=\"fusion-layout-column fusion_builder_column fusion-builder-column-2 fusion_builder_column_1_2 1_2 fusion-one-half fusion-column-first\" style=\"width:50%;width:calc(50% - ( ( 4% ) * 0.5 ) );margin-right: 4%;margin-top:0px;margin-bottom:20px;\"><div class=\"fusion-column-wrapper fusion-flex-column-wrapper-legacy\" style=\"background-position:left top;background-repeat:no-repeat;-webkit-background-size:cover;-moz-background-size:cover;-o-background-size:cover;background-size:cover;border-width: 0 2px 0 0;border-color:#d9eefc;border-style:solid;padding: 0px 0px 0px 60px;\"><div class=\"imageframe-align-center\"><span class=\" fusion-imageframe imageframe-none imageframe-2 hover-type-none\" style=\"width:100%;max-width:450px;\"><img decoding=\"async\" width=\"1100\" height=\"850\" alt=\"Objetivos de Desarrollo Sostenible (ODS)\" title=\"Objetivos de Desarrollo Sostenible (ODS)\" src=\"https:\/\/www.zfoam.com\/wp-content\/uploads\/2022\/12\/Objetivos-de-Desarrollo-Sostenible-ODS-1.jpg\" class=\"img-responsive wp-image-8726\" srcset=\"https:\/\/www.zfoam.com\/wp-content\/uploads\/2022\/12\/Objetivos-de-Desarrollo-Sostenible-ODS-1-200x155.jpg 200w, https:\/\/www.zfoam.com\/wp-content\/uploads\/2022\/12\/Objetivos-de-Desarrollo-Sostenible-ODS-1-400x309.jpg 400w, https:\/\/www.zfoam.com\/wp-content\/uploads\/2022\/12\/Objetivos-de-Desarrollo-Sostenible-ODS-1-600x464.jpg 600w, https:\/\/www.zfoam.com\/wp-content\/uploads\/2022\/12\/Objetivos-de-Desarrollo-Sostenible-ODS-1-800x618.jpg 800w, https:\/\/www.zfoam.com\/wp-content\/uploads\/2022\/12\/Objetivos-de-Desarrollo-Sostenible-ODS-1.jpg 1100w\" sizes=\"(max-width: 800px) 100vw, 600px\" \/><\/span><\/div><div class=\"fusion-clearfix\"><\/div><\/div><\/div><div class=\"fusion-layout-column fusion_builder_column fusion-builder-column-3 fusion_builder_column_1_2 1_2 fusion-one-half fusion-column-last\" style=\"width:50%;width:calc(50% - ( ( 4% ) * 0.5 ) );margin-top:0px;margin-bottom:20px;\"><div class=\"fusion-column-wrapper fusion-flex-column-wrapper-legacy\" style=\"background-position:left top;background-repeat:no-repeat;-webkit-background-size:cover;-moz-background-size:cover;-o-background-size:cover;background-size:cover;padding: 0px 0px 0px 0px;\"><div class=\"fusion-text fusion-text-4\"><p style=\"text-align: left; font-size: 22px;\"><strong><span style=\"color: #333399;\">Welche Ma\u00dfnahmen haben wir getroffen?<\/span><\/strong><\/p>\n<\/div><ul class=\"fusion-checklist fusion-checklist-1 fusion-checklist-divider\" style=\"font-size:14px;line-height:23.8px;\"><li class=\"fusion-li-item\" style=\"border-bottom-color:#e0dede\"><span style=\"background-color:#333b90;font-size:12.32px;height:23.8px;width:23.8px;margin-right:9.8px;\" class=\"icon-wrapper circle-yes\"><i class=\"fusion-li-icon fa fa-check\" style=\"color:#ffffff;\" aria-hidden=\"true\"><\/i><\/span><div class=\"fusion-li-item-content\" style=\"margin-left:33.6px;\">\n<p><b>Beleuchtung<\/b><\/p>\n<p><span style=\"font-weight: 400;\">Wir haben die gesamte Beleuchtung im Werk durch LED-Leuchten ersetzt, was nicht nur den Verbrauch erheblich senkt, sondern auch gleichzeitig eine bessere Beleuchtung erm\u00f6glicht, die deutlich angenehmer f\u00fcr unser Team ist.<\/span><\/p>\n<\/div><\/li><li class=\"fusion-li-item\" style=\"border-bottom-color:#e0dede\"><span style=\"background-color:#333b90;font-size:12.32px;height:23.8px;width:23.8px;margin-right:9.8px;\" class=\"icon-wrapper circle-yes\"><i class=\"fusion-li-icon fa fa-check\" style=\"color:#ffffff;\" aria-hidden=\"true\"><\/i><\/span><div class=\"fusion-li-item-content\" style=\"margin-left:33.6px;\">\n<p><b>Wir setzen auf Eigenverbrauch<\/b><\/p>\n<p><span style=\"font-weight: 400;\">Wir haben eine PV-Eigenverbrauchsanlage mit einer installierten Gesamtleistung von 380 kW installiert. Dadurch werden unsere CO2-Emissionen um 384 Tonnen\/Jahr verringert, eine Einsparung, die 156 Tonnen Kohle pro Jahr und der Anpflanzung von j\u00e4hrlich 21.024 B\u00e4umen entspricht. Wir glauben an die Nutzung sauberer Energiequellen, die heutzutage selbstverst\u00e4ndlich sein sollte.<\/span><\/p>\n<\/div><\/li><li class=\"fusion-li-item\" style=\"border-bottom-color:#e0dede\"><span style=\"background-color:#333b90;font-size:12.32px;height:23.8px;width:23.8px;margin-right:9.8px;\" class=\"icon-wrapper circle-yes\"><i class=\"fusion-li-icon fa fa-check\" style=\"color:#ffffff;\" aria-hidden=\"true\"><\/i><\/span><div class=\"fusion-li-item-content\" style=\"margin-left:33.6px;\">\n<p><b>Intelligentere Maschinen, effizientere Maschinen<\/b><\/p>\n<p><span style=\"font-weight: 400;\">Der Weg zur maximalen Optimierung unserer Fertigungsprozesse f\u00fchrt \u00fcber die Industrie 4.0 und \u00fcber modernere, effizientere Maschinen, die in der Lage sind, ihre eigene Effizienz und viele andere Variablen zu \u00fcberwachen. Neben diesen Investitionen haben wir F\u00fchler in den \u00fcbrigen Anlagen installiert, um ein st\u00e4ndiges Feedback \u00fcber deren Leistung zu erhalten, ineffizienten Energieverbrauch zu reduzieren und m\u00f6gliche Ausf\u00e4lle vorherzusagen.<\/span><\/p>\n<\/div><\/li><li class=\"fusion-li-item\" style=\"border-bottom-color:#e0dede\"><span style=\"background-color:#333b90;font-size:12.32px;height:23.8px;width:23.8px;margin-right:9.8px;\" class=\"icon-wrapper circle-yes\"><i class=\"fusion-li-icon fa fa-check\" style=\"color:#ffffff;\" aria-hidden=\"true\"><\/i><\/span><div class=\"fusion-li-item-content\" style=\"margin-left:33.6px;\">\n<p><b>Betriebsinterne Behandlung unserer eigenen Ableitungen<\/b><\/p>\n<p><span style=\"font-weight: 400;\">Wir behandeln unsere Ableitungen betriebsintern, um die von uns selbst verursachten Auswirkungen so weit wie m\u00f6glich zu reduzieren. Dabei liegen die von uns erreichten Werte weit unter den gesetzlich vorgegebenen Grenzwerten. <\/span><\/p>\n<\/div><\/li><\/ul><div class=\"fusion-clearfix\"><\/div><\/div><\/div><\/div><\/div><div class=\"fusion-fullwidth fullwidth-box fusion-builder-row-4 nonhundred-percent-fullwidth non-hundred-percent-height-scrolling\" style=\"background-color: rgba(255,255,255,0);background-position: center center;background-repeat: no-repeat;padding-top:0px;padding-right:0px;padding-bottom:0px;padding-left:0px;margin-bottom: 0px;margin-top: 0px;border-width: 0px 0px 0px 0px;border-color:#eae9e9;border-style:solid;\" ><div class=\"fusion-builder-row fusion-row\"><div class=\"fusion-layout-column fusion_builder_column fusion-builder-column-4 fusion_builder_column_1_1 1_1 fusion-one-full fusion-column-first fusion-column-last\" style=\"margin-top:0px;margin-bottom:20px;\"><div class=\"fusion-column-wrapper fusion-flex-column-wrapper-legacy\" style=\"background-position:left top;background-repeat:no-repeat;-webkit-background-size:cover;-moz-background-size:cover;-o-background-size:cover;background-size:cover;padding: 0px 0px 0px 0px;\"><div class=\"fusion-sep-clear\"><\/div><div class=\"fusion-separator\" style=\"margin-left: auto;margin-right: auto;margin-bottom:40px;width:100%;max-width:100px;\"><div class=\"fusion-separator-border sep-single sep-solid\" style=\"border-color:#333399;border-top-width:2px;\"><\/div><\/div><div class=\"fusion-sep-clear\"><\/div><div class=\"fusion-text fusion-text-5\"><p style=\"text-align: center; font-size: 14px;\"><span style=\"font-weight: 400;\">Mit all diesen Ma\u00dfnahmen und vielen weiteren, die wir in Zukunft einf\u00fchren werden, setzen wir im Rahmen des von der UNO aufgestellten SDGs 12 f\u00fcr Nachhaltige Entwicklung (Verantwortungsbewusste Produktion) auf eine saubere und nachhaltige Herstellung unserer ECO Produkte. Ziel ist, zu einem Zero Waste Unternehmen zu werden.<\/span><\/p>\n<\/div><div class=\"fusion-clearfix\"><\/div><\/div><\/div><\/div><\/div><\/p>\n","protected":false},"excerpt":{"rendered":"","protected":false},"author":3,"featured_media":0,"parent":8961,"menu_order":0,"comment_status":"closed","ping_status":"closed","template":"100-width.php","meta":{"footnotes":""},"class_list":["post-8980","page","type-page","status-publish","hentry"],"yoast_head":"<!-- This site is optimized with the Yoast SEO plugin v27.2 - https:\/\/yoast.com\/product\/yoast-seo-wordpress\/ -->\n<title>Herstellung - ZFoam<\/title>\n<meta name=\"robots\" content=\"index, follow, max-snippet:-1, max-image-preview:large, max-video-preview:-1\" \/>\n<link rel=\"canonical\" href=\"https:\/\/www.zfoam.com\/de\/oekologische-schaumstoffe\/herstellung\/\" \/>\n<meta property=\"og:locale\" content=\"de_DE\" \/>\n<meta property=\"og:type\" content=\"article\" \/>\n<meta property=\"og:title\" content=\"Herstellung - ZFoam\" \/>\n<meta property=\"og:url\" content=\"https:\/\/www.zfoam.com\/de\/oekologische-schaumstoffe\/herstellung\/\" \/>\n<meta property=\"og:site_name\" content=\"ZFoam\" \/>\n<meta property=\"article:modified_time\" content=\"2023-05-15T10:33:20+00:00\" \/>\n<meta name=\"twitter:card\" content=\"summary_large_image\" \/>\n<meta name=\"twitter:label1\" content=\"Gesch\u00e4tzte Lesezeit\" \/>\n\t<meta name=\"twitter:data1\" content=\"12\u00a0Minuten\" \/>\n<script type=\"application\/ld+json\" class=\"yoast-schema-graph\">{\"@context\":\"https:\/\/schema.org\",\"@graph\":[{\"@type\":\"WebPage\",\"@id\":\"https:\/\/www.zfoam.com\/de\/oekologische-schaumstoffe\/herstellung\/\",\"url\":\"https:\/\/www.zfoam.com\/de\/oekologische-schaumstoffe\/herstellung\/\",\"name\":\"Herstellung - ZFoam\",\"isPartOf\":{\"@id\":\"https:\/\/www.zfoam.com\/#website\"},\"datePublished\":\"2023-05-15T08:55:40+00:00\",\"dateModified\":\"2023-05-15T10:33:20+00:00\",\"breadcrumb\":{\"@id\":\"https:\/\/www.zfoam.com\/de\/oekologische-schaumstoffe\/herstellung\/#breadcrumb\"},\"inLanguage\":\"de\",\"potentialAction\":[{\"@type\":\"ReadAction\",\"target\":[\"https:\/\/www.zfoam.com\/de\/oekologische-schaumstoffe\/herstellung\/\"]}]},{\"@type\":\"BreadcrumbList\",\"@id\":\"https:\/\/www.zfoam.com\/de\/oekologische-schaumstoffe\/herstellung\/#breadcrumb\",\"itemListElement\":[{\"@type\":\"ListItem\",\"position\":1,\"name\":\"Portada\",\"item\":\"https:\/\/www.zfoam.com\/de\/\"},{\"@type\":\"ListItem\",\"position\":2,\"name\":\"\u00d6kologische Schaumstoffe\",\"item\":\"https:\/\/www.zfoam.com\/de\/oekologische-schaumstoffe\/\"},{\"@type\":\"ListItem\",\"position\":3,\"name\":\"Herstellung\"}]},{\"@type\":\"WebSite\",\"@id\":\"https:\/\/www.zfoam.com\/#website\",\"url\":\"https:\/\/www.zfoam.com\/\",\"name\":\"ZFoam\",\"description\":\"Fabricante de espumas\",\"publisher\":{\"@id\":\"https:\/\/www.zfoam.com\/#organization\"},\"potentialAction\":[{\"@type\":\"SearchAction\",\"target\":{\"@type\":\"EntryPoint\",\"urlTemplate\":\"https:\/\/www.zfoam.com\/?s={search_term_string}\"},\"query-input\":{\"@type\":\"PropertyValueSpecification\",\"valueRequired\":true,\"valueName\":\"search_term_string\"}}],\"inLanguage\":\"de\"},{\"@type\":\"Organization\",\"@id\":\"https:\/\/www.zfoam.com\/#organization\",\"name\":\"ZFoam\",\"url\":\"https:\/\/www.zfoam.com\/\",\"logo\":{\"@type\":\"ImageObject\",\"inLanguage\":\"de\",\"@id\":\"https:\/\/www.zfoam.com\/#\/schema\/logo\/image\/\",\"url\":\"https:\/\/www.zfoam.com\/wp-content\/uploads\/2017\/05\/logo_zfoam_25.png\",\"contentUrl\":\"https:\/\/www.zfoam.com\/wp-content\/uploads\/2017\/05\/logo_zfoam_25.png\",\"width\":220,\"height\":51,\"caption\":\"ZFoam\"},\"image\":{\"@id\":\"https:\/\/www.zfoam.com\/#\/schema\/logo\/image\/\"}}]}<\/script>\n<!-- \/ Yoast SEO plugin. -->","yoast_head_json":{"title":"Herstellung - ZFoam","robots":{"index":"index","follow":"follow","max-snippet":"max-snippet:-1","max-image-preview":"max-image-preview:large","max-video-preview":"max-video-preview:-1"},"canonical":"https:\/\/www.zfoam.com\/de\/oekologische-schaumstoffe\/herstellung\/","og_locale":"de_DE","og_type":"article","og_title":"Herstellung - ZFoam","og_url":"https:\/\/www.zfoam.com\/de\/oekologische-schaumstoffe\/herstellung\/","og_site_name":"ZFoam","article_modified_time":"2023-05-15T10:33:20+00:00","twitter_card":"summary_large_image","twitter_misc":{"Gesch\u00e4tzte Lesezeit":"12\u00a0Minuten"},"schema":{"@context":"https:\/\/schema.org","@graph":[{"@type":"WebPage","@id":"https:\/\/www.zfoam.com\/de\/oekologische-schaumstoffe\/herstellung\/","url":"https:\/\/www.zfoam.com\/de\/oekologische-schaumstoffe\/herstellung\/","name":"Herstellung - ZFoam","isPartOf":{"@id":"https:\/\/www.zfoam.com\/#website"},"datePublished":"2023-05-15T08:55:40+00:00","dateModified":"2023-05-15T10:33:20+00:00","breadcrumb":{"@id":"https:\/\/www.zfoam.com\/de\/oekologische-schaumstoffe\/herstellung\/#breadcrumb"},"inLanguage":"de","potentialAction":[{"@type":"ReadAction","target":["https:\/\/www.zfoam.com\/de\/oekologische-schaumstoffe\/herstellung\/"]}]},{"@type":"BreadcrumbList","@id":"https:\/\/www.zfoam.com\/de\/oekologische-schaumstoffe\/herstellung\/#breadcrumb","itemListElement":[{"@type":"ListItem","position":1,"name":"Portada","item":"https:\/\/www.zfoam.com\/de\/"},{"@type":"ListItem","position":2,"name":"\u00d6kologische Schaumstoffe","item":"https:\/\/www.zfoam.com\/de\/oekologische-schaumstoffe\/"},{"@type":"ListItem","position":3,"name":"Herstellung"}]},{"@type":"WebSite","@id":"https:\/\/www.zfoam.com\/#website","url":"https:\/\/www.zfoam.com\/","name":"ZFoam","description":"Fabricante de espumas","publisher":{"@id":"https:\/\/www.zfoam.com\/#organization"},"potentialAction":[{"@type":"SearchAction","target":{"@type":"EntryPoint","urlTemplate":"https:\/\/www.zfoam.com\/?s={search_term_string}"},"query-input":{"@type":"PropertyValueSpecification","valueRequired":true,"valueName":"search_term_string"}}],"inLanguage":"de"},{"@type":"Organization","@id":"https:\/\/www.zfoam.com\/#organization","name":"ZFoam","url":"https:\/\/www.zfoam.com\/","logo":{"@type":"ImageObject","inLanguage":"de","@id":"https:\/\/www.zfoam.com\/#\/schema\/logo\/image\/","url":"https:\/\/www.zfoam.com\/wp-content\/uploads\/2017\/05\/logo_zfoam_25.png","contentUrl":"https:\/\/www.zfoam.com\/wp-content\/uploads\/2017\/05\/logo_zfoam_25.png","width":220,"height":51,"caption":"ZFoam"},"image":{"@id":"https:\/\/www.zfoam.com\/#\/schema\/logo\/image\/"}}]}},"_links":{"self":[{"href":"https:\/\/www.zfoam.com\/de\/wp-json\/wp\/v2\/pages\/8980","targetHints":{"allow":["GET"]}}],"collection":[{"href":"https:\/\/www.zfoam.com\/de\/wp-json\/wp\/v2\/pages"}],"about":[{"href":"https:\/\/www.zfoam.com\/de\/wp-json\/wp\/v2\/types\/page"}],"author":[{"embeddable":true,"href":"https:\/\/www.zfoam.com\/de\/wp-json\/wp\/v2\/users\/3"}],"replies":[{"embeddable":true,"href":"https:\/\/www.zfoam.com\/de\/wp-json\/wp\/v2\/comments?post=8980"}],"version-history":[{"count":5,"href":"https:\/\/www.zfoam.com\/de\/wp-json\/wp\/v2\/pages\/8980\/revisions"}],"predecessor-version":[{"id":9387,"href":"https:\/\/www.zfoam.com\/de\/wp-json\/wp\/v2\/pages\/8980\/revisions\/9387"}],"up":[{"embeddable":true,"href":"https:\/\/www.zfoam.com\/de\/wp-json\/wp\/v2\/pages\/8961"}],"wp:attachment":[{"href":"https:\/\/www.zfoam.com\/de\/wp-json\/wp\/v2\/media?parent=8980"}],"curies":[{"name":"wp","href":"https:\/\/api.w.org\/{rel}","templated":true}]}}