{"id":8987,"date":"2023-05-15T17:01:11","date_gmt":"2023-05-15T15:01:11","guid":{"rendered":"https:\/\/www.zfoam.com\/?page_id=8987"},"modified":"2023-05-15T17:01:11","modified_gmt":"2023-05-15T15:01:11","slug":"materialien","status":"publish","type":"page","link":"https:\/\/www.zfoam.com\/de\/oekologische-schaumstoffe\/materialien\/","title":{"rendered":"Materialien"},"content":{"rendered":"<p><div class=\"fusion-fullwidth fullwidth-box fusion-builder-row-1 nonhundred-percent-fullwidth non-hundred-percent-height-scrolling fusion-equal-height-columns\" style=\"background-color: #419e49;background-position: center center;background-repeat: no-repeat;padding-top:27px;padding-right:0px;padding-bottom:0px;padding-left:0px;margin-bottom: 0px;margin-top: 0px;border-width: 0px 0px 0px 0px;border-color:#eae9e9;border-style:solid;\" ><div class=\"fusion-builder-row fusion-row\"><div class=\"fusion-layout-column fusion_builder_column fusion-builder-column-0 fusion_builder_column_1_1 1_1 fusion-one-full fusion-column-first fusion-column-last\" style=\"margin-top:0px;margin-bottom:20px;\"><div class=\"fusion-column-wrapper fusion-flex-column-wrapper-legacy\" style=\"background-position:left top;background-repeat:no-repeat;-webkit-background-size:cover;-moz-background-size:cover;-o-background-size:cover;background-size:cover;padding: 0px 0px 0px 0px;\"><div class=\"imageframe-align-center\"><span class=\" fusion-imageframe imageframe-none imageframe-1 hover-type-none\" style=\"width:100%;max-width:280px;\"><a class=\"fusion-no-lightbox\" href=\"https:\/\/www.zfoam.com\/zfoam-eco\/\" target=\"_self\" aria-label=\"zfoam-eco-icono\"><img decoding=\"async\" width=\"300\" height=\"146\" src=\"https:\/\/www.zfoam.com\/wp-content\/uploads\/2023\/03\/zfoam-eco-icono-300x146.png\" class=\"img-responsive wp-image-8975\" srcset=\"https:\/\/www.zfoam.com\/wp-content\/uploads\/2023\/03\/zfoam-eco-icono-200x97.png 200w, https:\/\/www.zfoam.com\/wp-content\/uploads\/2023\/03\/zfoam-eco-icono-400x194.png 400w, https:\/\/www.zfoam.com\/wp-content\/uploads\/2023\/03\/zfoam-eco-icono-600x291.png 600w, https:\/\/www.zfoam.com\/wp-content\/uploads\/2023\/03\/zfoam-eco-icono.png 700w\" sizes=\"(max-width: 800px) 100vw, 300px\" \/><\/a><\/span><\/div><div class=\"fusion-clearfix\"><\/div><\/div><\/div><\/div><\/div><div class=\"fusion-fullwidth fullwidth-box fusion-builder-row-2 nonhundred-percent-fullwidth non-hundred-percent-height-scrolling\" style=\"background-color: rgba(255,255,255,0);background-position: center center;background-repeat: no-repeat;padding-top:0px;padding-right:0px;padding-bottom:0px;padding-left:0px;margin-bottom: 0px;margin-top: 0px;border-width: 0px 0px 0px 0px;border-color:#eae9e9;border-style:solid;\" ><div class=\"fusion-builder-row fusion-row\"><div class=\"fusion-layout-column fusion_builder_column fusion-builder-column-1 fusion_builder_column_1_1 1_1 fusion-one-full fusion-column-first fusion-column-last\" style=\"margin-top:0px;margin-bottom:20px;\"><div class=\"fusion-column-wrapper fusion-flex-column-wrapper-legacy\" style=\"background-position:left top;background-repeat:no-repeat;-webkit-background-size:cover;-moz-background-size:cover;-o-background-size:cover;background-size:cover;padding: 0px 0px 0px 0px;\"><div class=\"fusion-text fusion-text-1\"><h1 style=\"text-align: center;\"><span style=\"color: #333399;\">Materialien<\/span><\/h1>\n<\/div><div class=\"fusion-text fusion-text-2\"><h4 style=\"text-align: center; font-size: 14px;\"><span style=\"color: #333399;\"><b>ZFoam ECO ist mehr als nur eine Produktpalette. Wir setzen damit auf die Verwendung nachhaltiger Materialien und eine eindeutige Ausrichtung auf die Kreislaufwirtschaft.<\/b><\/span><\/h4>\n<\/div><div class=\"fusion-sep-clear\"><\/div><div class=\"fusion-separator\" style=\"margin-left: auto;margin-right: auto;margin-bottom:40px;width:100%;max-width:100px;\"><div class=\"fusion-separator-border sep-single sep-solid\" style=\"border-color:#333399;border-top-width:2px;\"><\/div><\/div><div class=\"fusion-sep-clear\"><\/div><div class=\"fusion-text fusion-text-3\"><p style=\"text-align: center; font-size: 14px;\"><span style=\"font-weight: 400;\">Bei dieser Produktpalette, die unter der Marke ZFoam ECO vertrieben wird, zeigt sich, wie sehr wir uns f\u00fcr Nachhaltigkeit und die Verwendung von Materialien einsetzen, die genauso leistungsstark wie herk\u00f6mmliche Werkstoffe sind, dabei aber eine saubere, umweltschonende Alternative darstellen.<\/span><\/p>\n<\/div><div class=\"fusion-clearfix\"><\/div><\/div><\/div><\/div><\/div><div class=\"fusion-fullwidth fullwidth-box fusion-builder-row-3 nonhundred-percent-fullwidth non-hundred-percent-height-scrolling\" style=\"background-color: rgba(255,255,255,0);background-position: center center;background-repeat: no-repeat;padding-top:19px;padding-right:0px;padding-bottom:0px;padding-left:0px;margin-bottom: 0px;margin-top: 0px;border-width: 0px 0px 0px 0px;border-color:#eae9e9;border-style:solid;\" ><div class=\"fusion-builder-row fusion-row\"><div class=\"fusion-layout-column fusion_builder_column fusion-builder-column-2 fusion_builder_column_1_2 1_2 fusion-one-half fusion-column-first\" style=\"width:50%;width:calc(50% - ( ( 4% ) * 0.5 ) );margin-right: 4%;margin-top:0px;margin-bottom:50px;\"><div class=\"fusion-column-wrapper fusion-flex-column-wrapper-legacy\" style=\"background-position:left top;background-repeat:no-repeat;-webkit-background-size:cover;-moz-background-size:cover;-o-background-size:cover;background-size:cover;padding: 0px 0px 0px 0px;\"><div class=\"imageframe-align-center\"><span class=\" fusion-imageframe imageframe-none imageframe-2 hover-type-none\" style=\"width:100%;max-width:450px;\"><img decoding=\"async\" width=\"1000\" height=\"667\" alt=\"Packagind d\" title=\"packaging-presentacion-ZfoamV2-2\" src=\"https:\/\/www.zfoam.com\/wp-content\/uploads\/2022\/09\/packaging-presentacion-ZfoamV2-2.jpg\" class=\"img-responsive wp-image-8637\" srcset=\"https:\/\/www.zfoam.com\/wp-content\/uploads\/2022\/09\/packaging-presentacion-ZfoamV2-2-200x133.jpg 200w, https:\/\/www.zfoam.com\/wp-content\/uploads\/2022\/09\/packaging-presentacion-ZfoamV2-2-400x267.jpg 400w, https:\/\/www.zfoam.com\/wp-content\/uploads\/2022\/09\/packaging-presentacion-ZfoamV2-2-600x400.jpg 600w, https:\/\/www.zfoam.com\/wp-content\/uploads\/2022\/09\/packaging-presentacion-ZfoamV2-2-800x534.jpg 800w, https:\/\/www.zfoam.com\/wp-content\/uploads\/2022\/09\/packaging-presentacion-ZfoamV2-2.jpg 1000w\" sizes=\"(max-width: 800px) 100vw, 600px\" \/><\/span><\/div><div class=\"imageframe-align-center\"><span class=\" fusion-imageframe imageframe-none imageframe-3 hover-type-none\" style=\"width:100%;max-width:450px;\"><img decoding=\"async\" width=\"1000\" height=\"667\" alt=\"Packaging de presentaci\u00f3n ZFoam\" title=\"packaging-presentacion-ZfoamV2-1\" src=\"https:\/\/www.zfoam.com\/wp-content\/uploads\/2022\/09\/packaging-presentacion-ZfoamV2-1.jpg\" class=\"img-responsive wp-image-8633\" srcset=\"https:\/\/www.zfoam.com\/wp-content\/uploads\/2022\/09\/packaging-presentacion-ZfoamV2-1-200x133.jpg 200w, https:\/\/www.zfoam.com\/wp-content\/uploads\/2022\/09\/packaging-presentacion-ZfoamV2-1-400x267.jpg 400w, https:\/\/www.zfoam.com\/wp-content\/uploads\/2022\/09\/packaging-presentacion-ZfoamV2-1-600x400.jpg 600w, https:\/\/www.zfoam.com\/wp-content\/uploads\/2022\/09\/packaging-presentacion-ZfoamV2-1-800x534.jpg 800w, https:\/\/www.zfoam.com\/wp-content\/uploads\/2022\/09\/packaging-presentacion-ZfoamV2-1.jpg 1000w\" sizes=\"(max-width: 800px) 100vw, 600px\" \/><\/span><\/div><div class=\"fusion-clearfix\"><\/div><\/div><\/div><div class=\"fusion-layout-column fusion_builder_column fusion-builder-column-3 fusion_builder_column_1_2 1_2 fusion-one-half fusion-column-last\" style=\"width:50%;width:calc(50% - ( ( 4% ) * 0.5 ) );margin-top:0px;margin-bottom:50px;\"><div class=\"fusion-column-wrapper fusion-flex-column-wrapper-legacy\" style=\"background-position:left top;background-repeat:no-repeat;-webkit-background-size:cover;-moz-background-size:cover;-o-background-size:cover;background-size:cover;padding: 0px 0px 0px 0px;\"><div class=\"fusion-text fusion-text-4\"><p style=\"text-align: left; font-size: 22px;\"><strong><span style=\"color: #333399;\">Die ECO Produktpalette umfasst folgende Familien:<\/span><\/strong><\/p>\n<\/div><ul class=\"fusion-checklist fusion-checklist-1 fusion-checklist-divider\" style=\"font-size:14px;line-height:23.8px;\"><li class=\"fusion-li-item\" style=\"border-bottom-color:#e0dede\"><span style=\"background-color:#333b90;font-size:12.32px;height:23.8px;width:23.8px;margin-right:9.8px;\" class=\"icon-wrapper circle-yes\"><i class=\"fusion-li-icon fa fa-check\" style=\"color:#ffffff;\" aria-hidden=\"true\"><\/i><\/span><div class=\"fusion-li-item-content\" style=\"margin-left:33.6px;\">\n<p><strong>Leicht zu recycelnde Materialien<\/strong><\/p>\n<p><span style=\"font-weight: 400;\">Wir gehen von der Pr\u00e4misse aus, dass alle Schaumstoffe recycelbar sind, was gegen\u00fcber anderen Werkstoffen bereits einen gro\u00dfen Unterschied ausmacht. Aber nicht nur das, wir bieten dar\u00fcberhinaus Materialien ein, die ganz einfach und kosteng\u00fcnstig recycelt werden k\u00f6nnen, wie z. B. den ECO S33 Schaumstoff, ein unvernetzter Schaumstoff, der am Ende seiner Lebensdauer ganz einfach komplett recycelt werden kann.<\/span><span style=\"font-weight: 400;\"><br \/>\n<\/span><\/p>\n<\/div><\/li><li class=\"fusion-li-item\" style=\"border-bottom-color:#e0dede\"><span style=\"background-color:#333b90;font-size:12.32px;height:23.8px;width:23.8px;margin-right:9.8px;\" class=\"icon-wrapper circle-yes\"><i class=\"fusion-li-icon fa fa-check\" style=\"color:#ffffff;\" aria-hidden=\"true\"><\/i><\/span><div class=\"fusion-li-item-content\" style=\"margin-left:33.6px;\">\n<p><strong>Recycelte Materialien<\/strong><\/p>\n<p><span style=\"font-weight: 400;\">Wir verwenden bereits regelm\u00e4\u00dfig Werkstoffe, die zu 30-40 % aus recyceltem Material bestehen, ein Prozentsatz, der rasch zunimmt. Ein Beispiel daf\u00fcr ist unser ECO RCL Schaumstoff, der zu 65% aus einem reycelten Werkstoff besteht, wobei wir jedoch schon an Projekten arbeiten, die auf 100% recycelte Bestandteile abzielen.<\/span><span style=\"font-weight: 400;\"><br \/>\n<\/span><\/p>\n<\/div><\/li><li class=\"fusion-li-item\" style=\"border-bottom-color:#e0dede\"><span style=\"background-color:#333b90;font-size:12.32px;height:23.8px;width:23.8px;margin-right:9.8px;\" class=\"icon-wrapper circle-yes\"><i class=\"fusion-li-icon fa fa-check\" style=\"color:#ffffff;\" aria-hidden=\"true\"><\/i><\/span><div class=\"fusion-li-item-content\" style=\"margin-left:33.6px;\">\n<p><strong>Biomaterialien<\/strong><\/p>\n<p><span style=\"font-weight: 400;\">Diese Produktfamilie umfasst die LJ BIO, BIO PT und BIO PN Schaumstoffe, die aus 100% erneuerbaren Rohstoffen bestehen, die aus Rohrzucker, Forstabf\u00e4llen oder gebrauchtem Speise\u00f6l gewonnen werden und einen negativen CO2-Fu\u00dfabdruck haben (das bedeutet, dass Sie bei ihrer Produktion kein CO2 aussto\u00dfen, sondern binden). Ihre Nachverfolgbarkeit wird von der International Sustainability &amp; Carbon Certification (ISCC) zertifiziert.<\/span><\/p>\n<\/div><\/li><\/ul><div class=\"fusion-clearfix\"><\/div><\/div><\/div><\/div><\/div><div class=\"fusion-fullwidth fullwidth-box fusion-builder-row-4 nonhundred-percent-fullwidth non-hundred-percent-height-scrolling\" style=\"background-color: rgba(255,255,255,0);background-position: center center;background-repeat: no-repeat;padding-top:0px;padding-right:0px;padding-bottom:0px;padding-left:0px;margin-bottom: 0px;margin-top: 0px;border-width: 0px 0px 0px 0px;border-color:#eae9e9;border-style:solid;\" ><div class=\"fusion-builder-row fusion-row\"><div class=\"fusion-layout-column fusion_builder_column fusion-builder-column-4 fusion_builder_column_1_1 1_1 fusion-one-full fusion-column-first fusion-column-last\" style=\"margin-top:0px;margin-bottom:20px;\"><div class=\"fusion-column-wrapper fusion-flex-column-wrapper-legacy\" style=\"background-position:left top;background-repeat:no-repeat;-webkit-background-size:cover;-moz-background-size:cover;-o-background-size:cover;background-size:cover;padding: 0px 0px 0px 0px;\"><div class=\"fusion-sep-clear\"><\/div><div class=\"fusion-separator\" style=\"margin-left: auto;margin-right: auto;margin-bottom:40px;width:100%;max-width:100px;\"><div class=\"fusion-separator-border sep-single sep-solid\" style=\"border-color:#333399;border-top-width:2px;\"><\/div><\/div><div class=\"fusion-sep-clear\"><\/div><div class=\"fusion-text fusion-text-5\"><h4 style=\"text-align: center; font-size: 14px;\"><span style=\"color: #333399;\"><b>Jede Art von Schaumstoff ist an sich schon ein nachhaltiges Material, das einen viel geringeren (oder, wie Sie gesehen haben, sogar negativen) CO2-Fu\u00dfabdruck hinterl\u00e4sst, da es deutlich weniger dicht ist.<\/b><\/span><\/h4>\n<p>Das bedeutet, dass weniger Rohstoffe zur Herstellung ben\u00f6tigt werden, was sowohl den Energieverbrauch als auch die Umweltbelastung verringert.<\/p>\n<\/div><div class=\"fusion-clearfix\"><\/div><\/div><\/div><\/div><\/div><\/p>\n","protected":false},"excerpt":{"rendered":"","protected":false},"author":3,"featured_media":0,"parent":8961,"menu_order":0,"comment_status":"closed","ping_status":"closed","template":"100-width.php","meta":{"footnotes":""},"class_list":["post-8987","page","type-page","status-publish","hentry"],"yoast_head":"<!-- This site is optimized with the Yoast SEO plugin v27.2 - https:\/\/yoast.com\/product\/yoast-seo-wordpress\/ -->\n<title>Materialien - ZFoam<\/title>\n<meta name=\"robots\" content=\"index, follow, max-snippet:-1, max-image-preview:large, max-video-preview:-1\" \/>\n<link rel=\"canonical\" href=\"https:\/\/www.zfoam.com\/de\/oekologische-schaumstoffe\/materialien\/\" \/>\n<meta property=\"og:locale\" content=\"de_DE\" \/>\n<meta property=\"og:type\" content=\"article\" \/>\n<meta property=\"og:title\" content=\"Materialien - ZFoam\" \/>\n<meta property=\"og:url\" content=\"https:\/\/www.zfoam.com\/de\/oekologische-schaumstoffe\/materialien\/\" \/>\n<meta property=\"og:site_name\" content=\"ZFoam\" \/>\n<meta name=\"twitter:card\" content=\"summary_large_image\" \/>\n<meta name=\"twitter:label1\" content=\"Gesch\u00e4tzte Lesezeit\" \/>\n\t<meta name=\"twitter:data1\" content=\"6\u00a0Minuten\" \/>\n<script type=\"application\/ld+json\" class=\"yoast-schema-graph\">{\"@context\":\"https:\/\/schema.org\",\"@graph\":[{\"@type\":\"WebPage\",\"@id\":\"https:\/\/www.zfoam.com\/de\/oekologische-schaumstoffe\/materialien\/\",\"url\":\"https:\/\/www.zfoam.com\/de\/oekologische-schaumstoffe\/materialien\/\",\"name\":\"Materialien - ZFoam\",\"isPartOf\":{\"@id\":\"https:\/\/www.zfoam.com\/#website\"},\"datePublished\":\"2023-05-15T15:01:11+00:00\",\"breadcrumb\":{\"@id\":\"https:\/\/www.zfoam.com\/de\/oekologische-schaumstoffe\/materialien\/#breadcrumb\"},\"inLanguage\":\"de\",\"potentialAction\":[{\"@type\":\"ReadAction\",\"target\":[\"https:\/\/www.zfoam.com\/de\/oekologische-schaumstoffe\/materialien\/\"]}]},{\"@type\":\"BreadcrumbList\",\"@id\":\"https:\/\/www.zfoam.com\/de\/oekologische-schaumstoffe\/materialien\/#breadcrumb\",\"itemListElement\":[{\"@type\":\"ListItem\",\"position\":1,\"name\":\"Portada\",\"item\":\"https:\/\/www.zfoam.com\/de\/\"},{\"@type\":\"ListItem\",\"position\":2,\"name\":\"\u00d6kologische Schaumstoffe\",\"item\":\"https:\/\/www.zfoam.com\/de\/oekologische-schaumstoffe\/\"},{\"@type\":\"ListItem\",\"position\":3,\"name\":\"Materialien\"}]},{\"@type\":\"WebSite\",\"@id\":\"https:\/\/www.zfoam.com\/#website\",\"url\":\"https:\/\/www.zfoam.com\/\",\"name\":\"ZFoam\",\"description\":\"Fabricante de espumas\",\"publisher\":{\"@id\":\"https:\/\/www.zfoam.com\/#organization\"},\"potentialAction\":[{\"@type\":\"SearchAction\",\"target\":{\"@type\":\"EntryPoint\",\"urlTemplate\":\"https:\/\/www.zfoam.com\/?s={search_term_string}\"},\"query-input\":{\"@type\":\"PropertyValueSpecification\",\"valueRequired\":true,\"valueName\":\"search_term_string\"}}],\"inLanguage\":\"de\"},{\"@type\":\"Organization\",\"@id\":\"https:\/\/www.zfoam.com\/#organization\",\"name\":\"ZFoam\",\"url\":\"https:\/\/www.zfoam.com\/\",\"logo\":{\"@type\":\"ImageObject\",\"inLanguage\":\"de\",\"@id\":\"https:\/\/www.zfoam.com\/#\/schema\/logo\/image\/\",\"url\":\"https:\/\/www.zfoam.com\/wp-content\/uploads\/2017\/05\/logo_zfoam_25.png\",\"contentUrl\":\"https:\/\/www.zfoam.com\/wp-content\/uploads\/2017\/05\/logo_zfoam_25.png\",\"width\":220,\"height\":51,\"caption\":\"ZFoam\"},\"image\":{\"@id\":\"https:\/\/www.zfoam.com\/#\/schema\/logo\/image\/\"}}]}<\/script>\n<!-- \/ Yoast SEO plugin. -->","yoast_head_json":{"title":"Materialien - ZFoam","robots":{"index":"index","follow":"follow","max-snippet":"max-snippet:-1","max-image-preview":"max-image-preview:large","max-video-preview":"max-video-preview:-1"},"canonical":"https:\/\/www.zfoam.com\/de\/oekologische-schaumstoffe\/materialien\/","og_locale":"de_DE","og_type":"article","og_title":"Materialien - ZFoam","og_url":"https:\/\/www.zfoam.com\/de\/oekologische-schaumstoffe\/materialien\/","og_site_name":"ZFoam","twitter_card":"summary_large_image","twitter_misc":{"Gesch\u00e4tzte Lesezeit":"6\u00a0Minuten"},"schema":{"@context":"https:\/\/schema.org","@graph":[{"@type":"WebPage","@id":"https:\/\/www.zfoam.com\/de\/oekologische-schaumstoffe\/materialien\/","url":"https:\/\/www.zfoam.com\/de\/oekologische-schaumstoffe\/materialien\/","name":"Materialien - ZFoam","isPartOf":{"@id":"https:\/\/www.zfoam.com\/#website"},"datePublished":"2023-05-15T15:01:11+00:00","breadcrumb":{"@id":"https:\/\/www.zfoam.com\/de\/oekologische-schaumstoffe\/materialien\/#breadcrumb"},"inLanguage":"de","potentialAction":[{"@type":"ReadAction","target":["https:\/\/www.zfoam.com\/de\/oekologische-schaumstoffe\/materialien\/"]}]},{"@type":"BreadcrumbList","@id":"https:\/\/www.zfoam.com\/de\/oekologische-schaumstoffe\/materialien\/#breadcrumb","itemListElement":[{"@type":"ListItem","position":1,"name":"Portada","item":"https:\/\/www.zfoam.com\/de\/"},{"@type":"ListItem","position":2,"name":"\u00d6kologische Schaumstoffe","item":"https:\/\/www.zfoam.com\/de\/oekologische-schaumstoffe\/"},{"@type":"ListItem","position":3,"name":"Materialien"}]},{"@type":"WebSite","@id":"https:\/\/www.zfoam.com\/#website","url":"https:\/\/www.zfoam.com\/","name":"ZFoam","description":"Fabricante de espumas","publisher":{"@id":"https:\/\/www.zfoam.com\/#organization"},"potentialAction":[{"@type":"SearchAction","target":{"@type":"EntryPoint","urlTemplate":"https:\/\/www.zfoam.com\/?s={search_term_string}"},"query-input":{"@type":"PropertyValueSpecification","valueRequired":true,"valueName":"search_term_string"}}],"inLanguage":"de"},{"@type":"Organization","@id":"https:\/\/www.zfoam.com\/#organization","name":"ZFoam","url":"https:\/\/www.zfoam.com\/","logo":{"@type":"ImageObject","inLanguage":"de","@id":"https:\/\/www.zfoam.com\/#\/schema\/logo\/image\/","url":"https:\/\/www.zfoam.com\/wp-content\/uploads\/2017\/05\/logo_zfoam_25.png","contentUrl":"https:\/\/www.zfoam.com\/wp-content\/uploads\/2017\/05\/logo_zfoam_25.png","width":220,"height":51,"caption":"ZFoam"},"image":{"@id":"https:\/\/www.zfoam.com\/#\/schema\/logo\/image\/"}}]}},"_links":{"self":[{"href":"https:\/\/www.zfoam.com\/de\/wp-json\/wp\/v2\/pages\/8987","targetHints":{"allow":["GET"]}}],"collection":[{"href":"https:\/\/www.zfoam.com\/de\/wp-json\/wp\/v2\/pages"}],"about":[{"href":"https:\/\/www.zfoam.com\/de\/wp-json\/wp\/v2\/types\/page"}],"author":[{"embeddable":true,"href":"https:\/\/www.zfoam.com\/de\/wp-json\/wp\/v2\/users\/3"}],"replies":[{"embeddable":true,"href":"https:\/\/www.zfoam.com\/de\/wp-json\/wp\/v2\/comments?post=8987"}],"version-history":[{"count":8,"href":"https:\/\/www.zfoam.com\/de\/wp-json\/wp\/v2\/pages\/8987\/revisions"}],"predecessor-version":[{"id":9370,"href":"https:\/\/www.zfoam.com\/de\/wp-json\/wp\/v2\/pages\/8987\/revisions\/9370"}],"up":[{"embeddable":true,"href":"https:\/\/www.zfoam.com\/de\/wp-json\/wp\/v2\/pages\/8961"}],"wp:attachment":[{"href":"https:\/\/www.zfoam.com\/de\/wp-json\/wp\/v2\/media?parent=8987"}],"curies":[{"name":"wp","href":"https:\/\/api.w.org\/{rel}","templated":true}]}}