{"id":9016,"date":"2023-05-15T17:00:38","date_gmt":"2023-05-15T15:00:38","guid":{"rendered":"https:\/\/www.zfoam.com\/?page_id=9016"},"modified":"2023-05-15T17:00:38","modified_gmt":"2023-05-15T15:00:38","slug":"lebenszyklusanalyse","status":"publish","type":"page","link":"https:\/\/www.zfoam.com\/de\/oekologische-schaumstoffe\/lebenszyklusanalyse\/","title":{"rendered":"Lebenszyklusanalyse"},"content":{"rendered":"<p><div class=\"fusion-fullwidth fullwidth-box fusion-builder-row-1 nonhundred-percent-fullwidth non-hundred-percent-height-scrolling fusion-equal-height-columns\" style=\"background-color: #419e49;background-position: center center;background-repeat: no-repeat;padding-top:27px;padding-right:0px;padding-bottom:0px;padding-left:0px;margin-bottom: 0px;margin-top: 0px;border-width: 0px 0px 0px 0px;border-color:#eae9e9;border-style:solid;\" ><div class=\"fusion-builder-row fusion-row\"><div class=\"fusion-layout-column fusion_builder_column fusion-builder-column-0 fusion_builder_column_1_1 1_1 fusion-one-full fusion-column-first fusion-column-last\" style=\"margin-top:0px;margin-bottom:20px;\"><div class=\"fusion-column-wrapper fusion-flex-column-wrapper-legacy\" style=\"background-position:left top;background-repeat:no-repeat;-webkit-background-size:cover;-moz-background-size:cover;-o-background-size:cover;background-size:cover;padding: 0px 0px 0px 0px;\"><div class=\"imageframe-align-center\"><span class=\" fusion-imageframe imageframe-none imageframe-1 hover-type-none\" style=\"width:100%;max-width:280px;\"><a class=\"fusion-no-lightbox\" href=\"https:\/\/www.zfoam.com\/zfoam-eco\/\" target=\"_self\" aria-label=\"zfoam-eco-icono\"><img decoding=\"async\" width=\"300\" height=\"146\" src=\"https:\/\/www.zfoam.com\/wp-content\/uploads\/2023\/03\/zfoam-eco-icono-300x146.png\" class=\"img-responsive wp-image-8975\" srcset=\"https:\/\/www.zfoam.com\/wp-content\/uploads\/2023\/03\/zfoam-eco-icono-200x97.png 200w, https:\/\/www.zfoam.com\/wp-content\/uploads\/2023\/03\/zfoam-eco-icono-400x194.png 400w, https:\/\/www.zfoam.com\/wp-content\/uploads\/2023\/03\/zfoam-eco-icono-600x291.png 600w, https:\/\/www.zfoam.com\/wp-content\/uploads\/2023\/03\/zfoam-eco-icono.png 700w\" sizes=\"(max-width: 800px) 100vw, 300px\" \/><\/a><\/span><\/div><div class=\"fusion-clearfix\"><\/div><\/div><\/div><\/div><\/div><div class=\"fusion-fullwidth fullwidth-box fusion-builder-row-2 nonhundred-percent-fullwidth non-hundred-percent-height-scrolling\" style=\"background-color: rgba(255,255,255,0);background-position: center center;background-repeat: no-repeat;padding-top:0px;padding-right:0px;padding-bottom:0px;padding-left:0px;margin-bottom: 0px;margin-top: 0px;border-width: 0px 0px 0px 0px;border-color:#eae9e9;border-style:solid;\" ><div class=\"fusion-builder-row fusion-row\"><div class=\"fusion-layout-column fusion_builder_column fusion-builder-column-1 fusion_builder_column_1_1 1_1 fusion-one-full fusion-column-first fusion-column-last\" style=\"margin-top:0px;margin-bottom:20px;\"><div class=\"fusion-column-wrapper fusion-flex-column-wrapper-legacy\" style=\"background-position:left top;background-repeat:no-repeat;-webkit-background-size:cover;-moz-background-size:cover;-o-background-size:cover;background-size:cover;padding: 0px 0px 0px 0px;\"><div class=\"fusion-text fusion-text-1\"><h1 style=\"text-align: center;\"><span style=\"color: #333399;\">Lebenszyklusanalyse (LCA)<\/span><\/h1>\n<\/div><div class=\"fusion-text fusion-text-2\"><h4 style=\"text-align: center; font-size: 14px;\"><strong><span style=\"color: #333399;\">Wir vereinen Innovation und Nachhaltigkeit in einem Tool, das f\u00fcr Sie und Ihre Kunden besonders wertvoll ist.<\/span><\/strong><\/h4>\n<\/div><div class=\"fusion-sep-clear\"><\/div><div class=\"fusion-separator\" style=\"margin-left: auto;margin-right: auto;margin-bottom:40px;width:100%;max-width:100px;\"><div class=\"fusion-separator-border sep-single sep-solid\" style=\"border-color:#333399;border-top-width:2px;\"><\/div><\/div><div class=\"fusion-sep-clear\"><\/div><div class=\"fusion-text fusion-text-3\"><p style=\"text-align: center; font-size: 14px;\"><span style=\"color: #333399;\"><span style=\"font-weight: 400;\">Mit der Entwicklung eines Tools, das es erm\u00f6glicht, allen unseren Kunden die Lebenszyklusanalyse (LCA) der f\u00fcr sie gefertigten Produkte anzubieten, haben wir eine Pionierleistung in unserer Branche erbracht.<\/span><\/span><\/p>\n<\/div><div class=\"fusion-clearfix\"><\/div><\/div><\/div><\/div><\/div><div class=\"fusion-fullwidth fullwidth-box fusion-builder-row-3 nonhundred-percent-fullwidth non-hundred-percent-height-scrolling\" style=\"background-color: rgba(255,255,255,0);background-position: center center;background-repeat: no-repeat;padding-top:19px;padding-right:0px;padding-bottom:0px;padding-left:0px;margin-bottom: 0px;margin-top: 0px;border-width: 0px 0px 0px 0px;border-color:#eae9e9;border-style:solid;\" ><div class=\"fusion-builder-row fusion-row\"><div class=\"fusion-layout-column fusion_builder_column fusion-builder-column-2 fusion_builder_column_1_2 1_2 fusion-one-half fusion-column-first\" style=\"width:50%;width:calc(50% - ( ( 4% ) * 0.5 ) );margin-right: 4%;margin-top:0px;margin-bottom:20px;\"><div class=\"fusion-column-wrapper fusion-flex-column-wrapper-legacy\" style=\"background-position:left top;background-repeat:no-repeat;-webkit-background-size:cover;-moz-background-size:cover;-o-background-size:cover;background-size:cover;border-width: 0 2px 0 0;border-color:#d9eefc;border-style:solid;padding: 0px 0px 0px 60px;\"><span class=\" fusion-imageframe imageframe-none imageframe-2 hover-type-none\" style=\"border-radius:500px;margin-left:25px;float:right;\"><img decoding=\"async\" width=\"400\" height=\"400\" alt=\"ACV An\u00e1lisis de ciclo de vida\" title=\"400x400_Zfoam\" src=\"https:\/\/www.zfoam.com\/wp-content\/uploads\/2022\/02\/400x400_Zfoam.jpg\" class=\"img-responsive wp-image-7980\" srcset=\"https:\/\/www.zfoam.com\/wp-content\/uploads\/2022\/02\/400x400_Zfoam-200x200.jpg 200w, https:\/\/www.zfoam.com\/wp-content\/uploads\/2022\/02\/400x400_Zfoam.jpg 400w\" sizes=\"(max-width: 800px) 100vw, 400px\" \/><\/span><div class=\"fusion-clearfix\"><\/div><\/div><\/div><div class=\"fusion-layout-column fusion_builder_column fusion-builder-column-3 fusion_builder_column_1_2 1_2 fusion-one-half fusion-column-last\" style=\"width:50%;width:calc(50% - ( ( 4% ) * 0.5 ) );margin-top:0px;margin-bottom:20px;\"><div class=\"fusion-column-wrapper fusion-flex-column-wrapper-legacy\" style=\"background-position:left top;background-repeat:no-repeat;-webkit-background-size:cover;-moz-background-size:cover;-o-background-size:cover;background-size:cover;padding: 0px 0px 0px 0px;\"><div class=\"fusion-text fusion-text-4\"><p style=\"text-align: left; font-size: 22px;\"><strong><span style=\"color: #333399;\">Folgende Daten werden von unserem Rechner erstellt:<\/span><\/strong><\/p>\n<\/div><ul class=\"fusion-checklist fusion-checklist-1 fusion-checklist-divider\" style=\"font-size:14px;line-height:23.8px;\"><li class=\"fusion-li-item\" style=\"border-bottom-color:#e0dede\"><span style=\"background-color:#333b90;font-size:12.32px;height:23.8px;width:23.8px;margin-right:9.8px;\" class=\"icon-wrapper circle-yes\"><i class=\"fusion-li-icon fa fa-check\" style=\"color:#ffffff;\" aria-hidden=\"true\"><\/i><\/span><div class=\"fusion-li-item-content\" style=\"margin-left:33.6px;\">\n<p><b>Auswirkungen auf die Umwelt<\/b><\/p>\n<p><span style=\"font-weight: 400;\">Sowohl Sie selbst als auch Ihre Kunden, die solche Informationen immer h\u00e4ufiger anfragen, erfahren aus erster Hand, wie sich die Herstellung unserer Produkte auf die Umwelt auswirkt. <\/span><\/p>\n<\/div><\/li><li class=\"fusion-li-item\" style=\"border-bottom-color:#e0dede\"><span style=\"background-color:#333b90;font-size:12.32px;height:23.8px;width:23.8px;margin-right:9.8px;\" class=\"icon-wrapper circle-yes\"><i class=\"fusion-li-icon fa fa-check\" style=\"color:#ffffff;\" aria-hidden=\"true\"><\/i><\/span><div class=\"fusion-li-item-content\" style=\"margin-left:33.6px;\">\n<p><b>Vergleichsstudien<\/b><\/p>\n<p><span style=\"font-weight: 400;\">Au\u00dferdem k\u00f6nnen Sie auf Vergleichsstudien zur Umweltbelastung von Schaumstoffen im Vergleich zu anderen Materialien, wie zum Beispiel Pappe oder thermogeformten Kunststoffen, zugreifen.<\/span><\/p>\n<\/div><\/li><li class=\"fusion-li-item\" style=\"border-bottom-color:#e0dede\"><span style=\"background-color:#333b90;font-size:12.32px;height:23.8px;width:23.8px;margin-right:9.8px;\" class=\"icon-wrapper circle-yes\"><i class=\"fusion-li-icon fa fa-check\" style=\"color:#ffffff;\" aria-hidden=\"true\"><\/i><\/span><div class=\"fusion-li-item-content\" style=\"margin-left:33.6px;\">\n<p><strong>Bewertung der potenziellen Umweltauswirkungen<\/strong><\/p>\n<p><span style=\"font-weight: 400;\">Oberstes Ziel des LCA-Rechners ist es, die potenziellen Umweltauswirkungen eines Produkts, eines Prozesses oder einer T\u00e4tigkeit w\u00e4hrend des gesamten Lebenszyklus zu bewerten: von der Gewinnung der Rohstoffe bis hin zur Entsorgung der Abf\u00e4lle am Ende seiner Lebensdauer.<\/span><\/p>\n<\/div><\/li><li class=\"fusion-li-item\" style=\"border-bottom-color:#e0dede\"><span style=\"background-color:#333b90;font-size:12.32px;height:23.8px;width:23.8px;margin-right:9.8px;\" class=\"icon-wrapper circle-yes\"><i class=\"fusion-li-icon fa fa-check\" style=\"color:#ffffff;\" aria-hidden=\"true\"><\/i><\/span><div class=\"fusion-li-item-content\" style=\"margin-left:33.6px;\">\n<p><b>Unser LCA-Rechner<\/b><\/p>\n<p><span style=\"font-weight: 400;\">Dieses Tool wurde zusammen mit der CIRCE-Stiftung nach den ISO 14040 und ISO 14044 Standards entwickelt und kann 18 potenzielle Umweltauswirkungen berechnen, darunter den CO2-Fu\u00dfabdruck oder den Klimawandel.<\/span><\/p>\n<\/div><\/li><\/ul><div class=\"fusion-sep-clear\"><\/div><div class=\"fusion-separator fusion-full-width-sep\" style=\"margin-left: auto;margin-right: auto;width:100%;\"><div class=\"fusion-separator-border sep-double\" style=\"border-color:rgba(247,247,247,0);border-top-width:16px;border-bottom-width:16px;\"><\/div><\/div><div class=\"fusion-sep-clear\"><\/div><div class=\"fusion-clearfix\"><\/div><\/div><\/div><\/div><\/div><\/p>\n","protected":false},"excerpt":{"rendered":"","protected":false},"author":3,"featured_media":0,"parent":8961,"menu_order":0,"comment_status":"closed","ping_status":"closed","template":"100-width.php","meta":{"footnotes":""},"class_list":["post-9016","page","type-page","status-publish","hentry"],"yoast_head":"<!-- This site is optimized with the Yoast SEO plugin v27.2 - https:\/\/yoast.com\/product\/yoast-seo-wordpress\/ -->\n<title>Lebenszyklusanalyse - ZFoam<\/title>\n<meta name=\"robots\" content=\"index, follow, max-snippet:-1, max-image-preview:large, max-video-preview:-1\" \/>\n<link rel=\"canonical\" href=\"https:\/\/www.zfoam.com\/de\/oekologische-schaumstoffe\/lebenszyklusanalyse\/\" \/>\n<meta property=\"og:locale\" content=\"de_DE\" \/>\n<meta property=\"og:type\" content=\"article\" \/>\n<meta property=\"og:title\" content=\"Lebenszyklusanalyse - ZFoam\" \/>\n<meta property=\"og:url\" content=\"https:\/\/www.zfoam.com\/de\/oekologische-schaumstoffe\/lebenszyklusanalyse\/\" \/>\n<meta property=\"og:site_name\" content=\"ZFoam\" \/>\n<meta name=\"twitter:card\" content=\"summary_large_image\" \/>\n<meta name=\"twitter:label1\" content=\"Gesch\u00e4tzte Lesezeit\" \/>\n\t<meta name=\"twitter:data1\" content=\"10\u00a0Minuten\" \/>\n<script type=\"application\/ld+json\" class=\"yoast-schema-graph\">{\"@context\":\"https:\/\/schema.org\",\"@graph\":[{\"@type\":\"WebPage\",\"@id\":\"https:\/\/www.zfoam.com\/de\/oekologische-schaumstoffe\/lebenszyklusanalyse\/\",\"url\":\"https:\/\/www.zfoam.com\/de\/oekologische-schaumstoffe\/lebenszyklusanalyse\/\",\"name\":\"Lebenszyklusanalyse - ZFoam\",\"isPartOf\":{\"@id\":\"https:\/\/www.zfoam.com\/#website\"},\"datePublished\":\"2023-05-15T15:00:38+00:00\",\"breadcrumb\":{\"@id\":\"https:\/\/www.zfoam.com\/de\/oekologische-schaumstoffe\/lebenszyklusanalyse\/#breadcrumb\"},\"inLanguage\":\"de\",\"potentialAction\":[{\"@type\":\"ReadAction\",\"target\":[\"https:\/\/www.zfoam.com\/de\/oekologische-schaumstoffe\/lebenszyklusanalyse\/\"]}]},{\"@type\":\"BreadcrumbList\",\"@id\":\"https:\/\/www.zfoam.com\/de\/oekologische-schaumstoffe\/lebenszyklusanalyse\/#breadcrumb\",\"itemListElement\":[{\"@type\":\"ListItem\",\"position\":1,\"name\":\"Portada\",\"item\":\"https:\/\/www.zfoam.com\/de\/\"},{\"@type\":\"ListItem\",\"position\":2,\"name\":\"\u00d6kologische Schaumstoffe\",\"item\":\"https:\/\/www.zfoam.com\/de\/oekologische-schaumstoffe\/\"},{\"@type\":\"ListItem\",\"position\":3,\"name\":\"Lebenszyklusanalyse\"}]},{\"@type\":\"WebSite\",\"@id\":\"https:\/\/www.zfoam.com\/#website\",\"url\":\"https:\/\/www.zfoam.com\/\",\"name\":\"ZFoam\",\"description\":\"Fabricante de espumas\",\"publisher\":{\"@id\":\"https:\/\/www.zfoam.com\/#organization\"},\"potentialAction\":[{\"@type\":\"SearchAction\",\"target\":{\"@type\":\"EntryPoint\",\"urlTemplate\":\"https:\/\/www.zfoam.com\/?s={search_term_string}\"},\"query-input\":{\"@type\":\"PropertyValueSpecification\",\"valueRequired\":true,\"valueName\":\"search_term_string\"}}],\"inLanguage\":\"de\"},{\"@type\":\"Organization\",\"@id\":\"https:\/\/www.zfoam.com\/#organization\",\"name\":\"ZFoam\",\"url\":\"https:\/\/www.zfoam.com\/\",\"logo\":{\"@type\":\"ImageObject\",\"inLanguage\":\"de\",\"@id\":\"https:\/\/www.zfoam.com\/#\/schema\/logo\/image\/\",\"url\":\"https:\/\/www.zfoam.com\/wp-content\/uploads\/2017\/05\/logo_zfoam_25.png\",\"contentUrl\":\"https:\/\/www.zfoam.com\/wp-content\/uploads\/2017\/05\/logo_zfoam_25.png\",\"width\":220,\"height\":51,\"caption\":\"ZFoam\"},\"image\":{\"@id\":\"https:\/\/www.zfoam.com\/#\/schema\/logo\/image\/\"}}]}<\/script>\n<!-- \/ Yoast SEO plugin. -->","yoast_head_json":{"title":"Lebenszyklusanalyse - ZFoam","robots":{"index":"index","follow":"follow","max-snippet":"max-snippet:-1","max-image-preview":"max-image-preview:large","max-video-preview":"max-video-preview:-1"},"canonical":"https:\/\/www.zfoam.com\/de\/oekologische-schaumstoffe\/lebenszyklusanalyse\/","og_locale":"de_DE","og_type":"article","og_title":"Lebenszyklusanalyse - ZFoam","og_url":"https:\/\/www.zfoam.com\/de\/oekologische-schaumstoffe\/lebenszyklusanalyse\/","og_site_name":"ZFoam","twitter_card":"summary_large_image","twitter_misc":{"Gesch\u00e4tzte Lesezeit":"10\u00a0Minuten"},"schema":{"@context":"https:\/\/schema.org","@graph":[{"@type":"WebPage","@id":"https:\/\/www.zfoam.com\/de\/oekologische-schaumstoffe\/lebenszyklusanalyse\/","url":"https:\/\/www.zfoam.com\/de\/oekologische-schaumstoffe\/lebenszyklusanalyse\/","name":"Lebenszyklusanalyse - ZFoam","isPartOf":{"@id":"https:\/\/www.zfoam.com\/#website"},"datePublished":"2023-05-15T15:00:38+00:00","breadcrumb":{"@id":"https:\/\/www.zfoam.com\/de\/oekologische-schaumstoffe\/lebenszyklusanalyse\/#breadcrumb"},"inLanguage":"de","potentialAction":[{"@type":"ReadAction","target":["https:\/\/www.zfoam.com\/de\/oekologische-schaumstoffe\/lebenszyklusanalyse\/"]}]},{"@type":"BreadcrumbList","@id":"https:\/\/www.zfoam.com\/de\/oekologische-schaumstoffe\/lebenszyklusanalyse\/#breadcrumb","itemListElement":[{"@type":"ListItem","position":1,"name":"Portada","item":"https:\/\/www.zfoam.com\/de\/"},{"@type":"ListItem","position":2,"name":"\u00d6kologische Schaumstoffe","item":"https:\/\/www.zfoam.com\/de\/oekologische-schaumstoffe\/"},{"@type":"ListItem","position":3,"name":"Lebenszyklusanalyse"}]},{"@type":"WebSite","@id":"https:\/\/www.zfoam.com\/#website","url":"https:\/\/www.zfoam.com\/","name":"ZFoam","description":"Fabricante de espumas","publisher":{"@id":"https:\/\/www.zfoam.com\/#organization"},"potentialAction":[{"@type":"SearchAction","target":{"@type":"EntryPoint","urlTemplate":"https:\/\/www.zfoam.com\/?s={search_term_string}"},"query-input":{"@type":"PropertyValueSpecification","valueRequired":true,"valueName":"search_term_string"}}],"inLanguage":"de"},{"@type":"Organization","@id":"https:\/\/www.zfoam.com\/#organization","name":"ZFoam","url":"https:\/\/www.zfoam.com\/","logo":{"@type":"ImageObject","inLanguage":"de","@id":"https:\/\/www.zfoam.com\/#\/schema\/logo\/image\/","url":"https:\/\/www.zfoam.com\/wp-content\/uploads\/2017\/05\/logo_zfoam_25.png","contentUrl":"https:\/\/www.zfoam.com\/wp-content\/uploads\/2017\/05\/logo_zfoam_25.png","width":220,"height":51,"caption":"ZFoam"},"image":{"@id":"https:\/\/www.zfoam.com\/#\/schema\/logo\/image\/"}}]}},"_links":{"self":[{"href":"https:\/\/www.zfoam.com\/de\/wp-json\/wp\/v2\/pages\/9016","targetHints":{"allow":["GET"]}}],"collection":[{"href":"https:\/\/www.zfoam.com\/de\/wp-json\/wp\/v2\/pages"}],"about":[{"href":"https:\/\/www.zfoam.com\/de\/wp-json\/wp\/v2\/types\/page"}],"author":[{"embeddable":true,"href":"https:\/\/www.zfoam.com\/de\/wp-json\/wp\/v2\/users\/3"}],"replies":[{"embeddable":true,"href":"https:\/\/www.zfoam.com\/de\/wp-json\/wp\/v2\/comments?post=9016"}],"version-history":[{"count":5,"href":"https:\/\/www.zfoam.com\/de\/wp-json\/wp\/v2\/pages\/9016\/revisions"}],"predecessor-version":[{"id":9317,"href":"https:\/\/www.zfoam.com\/de\/wp-json\/wp\/v2\/pages\/9016\/revisions\/9317"}],"up":[{"embeddable":true,"href":"https:\/\/www.zfoam.com\/de\/wp-json\/wp\/v2\/pages\/8961"}],"wp:attachment":[{"href":"https:\/\/www.zfoam.com\/de\/wp-json\/wp\/v2\/media?parent=9016"}],"curies":[{"name":"wp","href":"https:\/\/api.w.org\/{rel}","templated":true}]}}