{"id":2011,"date":"2019-07-24T10:57:51","date_gmt":"2019-07-24T10:57:51","guid":{"rendered":"https:\/\/www.zfoam.com\/?page_id=2011"},"modified":"2026-04-17T22:52:05","modified_gmt":"2026-04-17T20:52:05","slug":"politique-de-confidentialite","status":"publish","type":"page","link":"https:\/\/www.zfoam.com\/fr\/politique-de-confidentialite\/","title":{"rendered":"Politique de confidentialit\u00e9"},"content":{"rendered":"<div class=\"fusion-fullwidth fullwidth-box fusion-builder-row-1 nonhundred-percent-fullwidth non-hundred-percent-height-scrolling\" style=\"background-color: rgba(255,255,255,0);background-position: center center;background-repeat: no-repeat;padding-top:0px;padding-right:0px;padding-bottom:0px;padding-left:0px;margin-bottom: 0px;margin-top: 0px;border-width: 0px 0px 0px 0px;border-color:#eae9e9;border-style:solid;\" ><div class=\"fusion-builder-row fusion-row\"><div class=\"fusion-layout-column fusion_builder_column fusion-builder-column-0 fusion_builder_column_1_1 1_1 fusion-one-full fusion-column-first fusion-column-last\" style=\"margin-top:0px;margin-bottom:20px;\"><div class=\"fusion-column-wrapper fusion-flex-column-wrapper-legacy\" style=\"background-position:left top;background-repeat:no-repeat;-webkit-background-size:cover;-moz-background-size:cover;-o-background-size:cover;background-size:cover;padding: 0px 0px 0px 0px;\"><div class=\"fusion-text fusion-text-1\"><h1>Politique de confidentialit\u00e9<\/h1>\n<p>Conform\u00e9ment aux principes de l\u00e9galit\u00e9, de loyaut\u00e9 et de transparence, nous mettons \u00e0 votre disposition la pr\u00e9sente politique de confidentialit\u00e9.<\/p>\n<h2>Qui est le responsable du traitement de vos donn\u00e9es ?<\/h2>\n<table width=\"576\">\n<tbody>\n<tr>\n<td width=\"140\">Responsable<\/td>\n<td width=\"437\">Z FOAM S.L.<\/td>\n<\/tr>\n<tr>\n<td width=\"140\">Num\u00e9ro d&rsquo;identification fiscale<\/td>\n<td width=\"437\">B50525187<\/td>\n<\/tr>\n<tr>\n<td width=\"140\">Siege social<\/td>\n<td width=\"437\">POL. IND. ALFAJAR\u00cdN, PARCELA 10, 50172, ALFAJAR\u00cdN, ZARAGOZA<\/td>\n<\/tr>\n<tr>\n<td width=\"140\">Adresse e-mail<\/td>\n<td width=\"437\">administracion@zfoam.com<\/td>\n<\/tr>\n<tr>\n<td width=\"140\">Num\u00e9ro de t\u00e9l\u00e9phone<\/td>\n<td width=\"437\">\u00a0976790640<\/td>\n<\/tr>\n<\/tbody>\n<\/table>\n<h2>Dans quel but traitons-nous vos donn\u00e9es \u00e0 caract\u00e8re personnel ?<\/h2>\n<p>Chez Z FOAM S.L., en fonction de la cat\u00e9gorie de personne concern\u00e9e, nous traitons les informations que vous nous fournissez aux fins suivantes :<\/p>\n<table width=\"576\">\n<tbody>\n<tr>\n<td width=\"93\">Personnes int\u00e9ress\u00e9es<\/td>\n<td width=\"483\">Finalit\u00e9s du traitement<\/td>\n<\/tr>\n<tr>\n<td width=\"93\">Clients potentiels<\/td>\n<td width=\"483\">G\u00e9rer la relation commerciale et\/ou professionnelle potentielle, g\u00e9rer l&rsquo;envoi des informations demand\u00e9es et\/ou r\u00e9pondre aux questions pos\u00e9es, proposer des offres concernant nos services et\/ou produits susceptibles de vous int\u00e9resser.<\/td>\n<\/tr>\n<tr>\n<td width=\"93\">Clients<\/td>\n<td width=\"483\">G\u00e9rer la relation commerciale et\/ou professionnelle, vous proposer des offres concernant nos services et\/ou produits susceptibles de vous int\u00e9resser.<\/td>\n<\/tr>\n<tr>\n<td width=\"93\">Fournisseurs<\/td>\n<td width=\"483\">G\u00e9rer la relation commerciale et\/ou professionnelle.<\/td>\n<\/tr>\n<tr>\n<td width=\"93\">Candidats<\/td>\n<td width=\"483\">G\u00e9rer le processus de recrutement.<\/td>\n<\/tr>\n<tr>\n<td width=\"93\">Utilisateurs du site web<\/td>\n<td width=\"483\">G\u00e9rer l&rsquo;analyse de vos donn\u00e9es de navigation<\/td>\n<\/tr>\n<\/tbody>\n<\/table>\n<h2>Sur quelle base l\u00e9gale vos donn\u00e9es sont-elles trait\u00e9es?<\/h2>\n<p>La base l\u00e9gale du traitement de vos donn\u00e9es \u00e0 caract\u00e8re personnel, selon la cat\u00e9gorie de personne concern\u00e9e, peut-\u00eatre :<\/p>\n<table width=\"567\">\n<tbody>\n<tr>\n<td width=\"94\">Personnes int\u00e9ress\u00e9es<\/td>\n<td width=\"473\">Fondement juridique (article 6 du RGPD)<\/td>\n<\/tr>\n<tr>\n<td width=\"94\">Clients potentiels<\/td>\n<td width=\"473\">Art. 6.1.b du RGPD : mise en \u0153uvre, \u00e0 la demande de la personne concern\u00e9e, de mesures pr\u00e9contractuelles (devis, bons de commande, offres de services\u2026).<\/td>\n<\/tr>\n<tr>\n<td width=\"94\">Clients<\/td>\n<td width=\"473\">Art. 6.1.f du RGPD : int\u00e9r\u00eat l\u00e9gitime (envoi des informations demand\u00e9es, r\u00e9ponse aux questions pos\u00e9es\u2026).<\/td>\n<\/tr>\n<tr>\n<td width=\"94\">Fournisseurs<\/td>\n<td width=\"473\">Art. 6.1.a RGPD : consentement de la personne concern\u00e9e (proposer nos services et\/ou produits).<\/td>\n<\/tr>\n<tr>\n<td width=\"94\">Candidats<\/td>\n<td width=\"473\">Art. 6.1.b RGPD : ex\u00e9cution d&rsquo;un contrat auquel la personne concern\u00e9e est partie.<\/td>\n<\/tr>\n<tr>\n<td width=\"94\">Utilisateurs du site web<\/td>\n<td width=\"473\">Art. 6.1.b RGPD : ex\u00e9cution d&rsquo;un contrat auquel la personne concern\u00e9e est partie.<\/td>\n<\/tr>\n<\/tbody>\n<\/table>\n<p>Les donn\u00e9es que nous vous demandons sont ad\u00e9quates, pertinentes et strictement n\u00e9cessaires ; vous n&rsquo;\u00eates en aucun cas tenu de nous les fournir, mais le fait de ne pas les communiquer peut compromettre la finalit\u00e9 du service ou rendre impossible sa prestation.<\/p>\n<h2>Combien de temps conserv\u02dderons-nous vos donn\u00e9es personnelles ?<\/h2>\n<p>Vos donn\u00e9es seront conserv\u00e9es pendant la dur\u00e9e minimale n\u00e9cessaire \u00e0 la bonne prestation du service propos\u00e9, ainsi qu&rsquo;\u00e0 l&rsquo;ex\u00e9cution des obligations qui pourraient en d\u00e9couler et de toute autre exigence l\u00e9gale.<\/p>\n<h2>\u00c0 quels destinataires vos donn\u00e9es seront-elles communiqu\u00e9es ?<\/h2>\n<p>Z FOAM S.L. ne transmettra vos donn\u00e9es \u00e0 aucun tiers, sauf si cela vous est express\u00e9ment signal\u00e9.<\/p>\n<p>Nous vous informons en outre que certaines donn\u00e9es, en vertu de la r\u00e9glementation en vigueur ou de la relation contractuelle que vous entretenez avec Z FOAM S.L., pourront \u00eatre communiqu\u00e9es \u00e0 :<\/p>\n<ul>\n<li>Les banques et \u00e9tablissements financiers pour le recouvrement des services souscrits et\/ou des produits achet\u00e9s.<\/li>\n<\/ul>\n<ul>\n<li>Les administrations publiques comp\u00e9tentes dans les secteurs d&rsquo;activit\u00e9 de Z FOAM S.L., lorsque la r\u00e9glementation en vigueur le pr\u00e9voit.<\/li>\n<\/ul>\n<h2>Quels sont vos droits lorsque vous nous communiquez vos donn\u00e9es ?<\/h2>\n<p>Les droits en mati\u00e8re de protection des donn\u00e9es que les personnes concern\u00e9es peuvent exercer, le cas \u00e9ch\u00e9ant, sont les suivants :<\/p>\n<table width=\"539\">\n<tbody>\n<tr>\n<td width=\"198\">Droit<\/td>\n<td width=\"340\">En quoi consiste-t-il ?<\/td>\n<\/tr>\n<tr>\n<td width=\"198\">Droit d&rsquo;acc\u00e8s<\/td>\n<td width=\"340\">Consulter les donn\u00e9es \u00e0 caract\u00e8re personnel trait\u00e9es par le responsable du traitement. Plus d&rsquo;informations, <a href=\"https:\/\/www.aepd.es\/es\/derechos-y-deberes\/conoce-tus-derechos\/derecho-de-acceso\">ici<\/a>.<\/td>\n<\/tr>\n<tr>\n<td width=\"198\">Droit de rectification<\/td>\n<td width=\"340\">Modifier les donn\u00e9es \u00e0 caract\u00e8re personnel trait\u00e9es par le responsable du traitement lorsqu&rsquo;elles sont inexactes, erron\u00e9es ou incompl\u00e8tes. Plus d&rsquo;informations, <a href=\"https:\/\/www.aepd.es\/es\/derechos-y-deberes\/conoce-tus-derechos\/derecho-de-rectificacion\">ici<\/a>.<\/td>\n<\/tr>\n<tr>\n<td width=\"198\">Droit d&rsquo;opposition<\/td>\n<td width=\"340\">Demander au responsable du traitement de ne pas traiter vos donn\u00e9es \u00e0 caract\u00e8re personnel \u00e0 certaines fins sp\u00e9cifiques. Plus d&rsquo;informations, <a href=\"https:\/\/www.aepd.es\/es\/derechos-y-deberes\/conoce-tus-derechos\/derecho-de-oposicion\">ici<\/a>.<\/td>\n<\/tr>\n<tr>\n<td width=\"198\">Droit \u00e0 l&rsquo;effacement<\/td>\n<td width=\"340\">Demander au responsable du traitement d&rsquo;effacer vos donn\u00e9es \u00e0 caract\u00e8re personnel. Plus d&rsquo;informations, <a href=\"https:\/\/www.aepd.es\/es\/derechos-y-deberes\/conoce-tus-derechos\/derecho-de-supresion-al-olvido\">ici<\/a>.<\/td>\n<\/tr>\n<tr>\n<td width=\"198\">Droit \u00e0 la limitation<\/td>\n<td width=\"340\">Demander au responsable du traitement de limiter le traitement de vos donn\u00e9es \u00e0 caract\u00e8re personnel. Plus d&rsquo;informations, <a href=\"https:\/\/www.aepd.es\/es\/derechos-y-deberes\/conoce-tus-derechos\/derecho-la-limitacion-del-tratamiento\">ici<\/a>.<\/td>\n<\/tr>\n<tr>\n<td width=\"198\">Droit \u00e0 la portabilit\u00e9<\/td>\n<td width=\"340\">Lorsque le traitement est effectu\u00e9 par des moyens automatis\u00e9s, recevoir vos donn\u00e9es \u00e0 caract\u00e8re personnel dans un format structur\u00e9, couramment utilis\u00e9, lisible par machine et interop\u00e9rable, et pouvoir les transmettre \u00e0 un autre responsable du traitement. Plus d&rsquo;informations, <a href=\"https:\/\/www.aepd.es\/es\/derechos-y-deberes\/conoce-tus-derechos\/derecho-la-portabilidad\">ici<\/a>.<\/td>\n<\/tr>\n<tr>\n<td width=\"198\">Droit de ne pas faire l&rsquo;objet de d\u00e9cisions individuelles automatis\u00e9es.<\/td>\n<td width=\"340\">Ce droit vise \u00e0 garantir que vous ne fassiez pas l&rsquo;objet d&rsquo;une d\u00e9cision fond\u00e9e uniquement sur le traitement de vos donn\u00e9es, y compris le profilage, qui produit des effets juridiques \u00e0 votre \u00e9gard ou vous affecte de mani\u00e8re significative de fa\u00e7on similaire. Plus d&rsquo;informations, <a href=\"https:\/\/www.aepd.es\/es\/derechos-y-deberes\/conoce-tus-derechos\/derecho-no-ser-objeto-de-decisiones-individuales\">ici<\/a>.<\/td>\n<\/tr>\n<tr>\n<td width=\"198\">Droit d&rsquo;introduire une r\u00e9clamation aupr\u00e8s de l&rsquo;autorit\u00e9 comp\u00e9tente<\/td>\n<td width=\"340\">D\u00e9poser une r\u00e9clamation contre le responsable du traitement aupr\u00e8s de l&rsquo;Agence espagnole de protection des donn\u00e9es (AEPD) si l&rsquo;utilisateur estime que l&rsquo;entit\u00e9 a trait\u00e9 ses donn\u00e9es personnelles en violation de la r\u00e9glementation.<\/td>\n<\/tr>\n<\/tbody>\n<\/table>\n<p>Les personnes concern\u00e9es par les donn\u00e9es \u00e0 caract\u00e8re personnel collect\u00e9es peuvent exercer leurs droits en mati\u00e8re de protection des donn\u00e9es \u00e0 caract\u00e8re personnel en adressant une demande \u00e9crite au si\u00e8ge social de Z FOAM S.L., situ\u00e9 \u00e0 POL. IND. ALFAJAR\u00cdN, PARCELA 10, 50172, ALFAJAR\u00cdN, ZARAGOZA ou \u00e0 l&rsquo;adresse e-mail pr\u00e9vue \u00e0 cet effet : ADMINISTRACION@ZFOAM.COM<\/p>\n<p>Vous pouvez utiliser les mod\u00e8les suivants pour exercer vos droits :<\/p>\n<ul>\n<li><a href=\"https:\/\/www.aepd.es\/es\/documento\/formulario-derecho-de-acceso.pdf\">Acc\u00e8s au formulaire permettant d&rsquo;exercer le droit d&rsquo;acc\u00e8s.<\/a><\/li>\n<li><a href=\"https:\/\/www.aepd.es\/es\/documento\/formulario-derecho-de-rectificacion.pdf\">Acc\u00e8s au formulaire permettant d&rsquo;exercer le droit de rectification.<\/a><\/li>\n<li><a href=\"https:\/\/www.aepd.es\/es\/documento\/formulario-derecho-de-supresion.pdf\">Acc\u00e8s au formulaire permettant d&rsquo;exercer le droit \u00e0 l&rsquo;effacement.<\/a><\/li>\n<li><a href=\"https:\/\/www.aepd.es\/es\/documento\/formulario-derecho-de-oposicion.pdf\">Acc\u00e8s au formulaire permettant d&rsquo;exercer le droit d&rsquo;opposition.<\/a><\/li>\n<li><a href=\"https:\/\/www.aepd.es\/es\/documento\/formulario-derecho-de-limitacion.pdf\">Acc\u00e8s au formulaire permettant d&rsquo;exercer le droit \u00e0 la limitation du traitement.<\/a><\/li>\n<li><a href=\"https:\/\/www.aepd.es\/es\/documento\/formulario-derecho-de-portabilidad.pdf\">Acc\u00e8s au formulaire permettant d&rsquo;exercer le droit \u00e0 la portabilit\u00e9.<\/a><\/li>\n<li><a href=\"https:\/\/www.aepd.es\/es\/documento\/formulario-derecho-de-oposicion-decisiones-automatizadas.pdf\">Acc\u00e8s au formulaire permettant d&rsquo;exercer le droit de ne pas faire l&rsquo;objet de d\u00e9cisions individuelles automatis\u00e9es<\/a><\/li>\n<\/ul>\n<p>Pour plus d&rsquo;informations sur l&rsquo;exercice de vos droits, consultez le site officiel de l&rsquo;Agence espagnole de protection des donn\u00e9es (ci-apr\u00e8s \u00ab AEPD \u00bb) en cliquant sur le lien suivant.<\/p>\n<\/div><div class=\"fusion-clearfix\"><\/div><\/div><\/div><\/div><\/div>\n","protected":false},"excerpt":{"rendered":"","protected":false},"author":1,"featured_media":0,"parent":0,"menu_order":0,"comment_status":"closed","ping_status":"closed","template":"","meta":{"footnotes":""},"class_list":["post-2011","page","type-page","status-publish","hentry"],"yoast_head":"<!-- This site is optimized with the Yoast SEO plugin v27.2 - https:\/\/yoast.com\/product\/yoast-seo-wordpress\/ -->\n<title>Politique de confidentialit\u00e9 - ZFoam<\/title>\n<meta name=\"robots\" content=\"index, follow, max-snippet:-1, max-image-preview:large, max-video-preview:-1\" \/>\n<link rel=\"canonical\" href=\"https:\/\/www.zfoam.com\/fr\/politique-de-confidentialite\/\" \/>\n<meta property=\"og:locale\" content=\"fr_FR\" \/>\n<meta property=\"og:type\" content=\"article\" \/>\n<meta property=\"og:title\" content=\"Politique de confidentialit\u00e9 - ZFoam\" \/>\n<meta property=\"og:url\" content=\"https:\/\/www.zfoam.com\/fr\/politique-de-confidentialite\/\" \/>\n<meta property=\"og:site_name\" content=\"ZFoam\" \/>\n<meta property=\"article:modified_time\" content=\"2026-04-17T20:52:05+00:00\" \/>\n<meta name=\"twitter:card\" content=\"summary_large_image\" \/>\n<meta name=\"twitter:label1\" content=\"Dur\u00e9e de lecture estim\u00e9e\" \/>\n\t<meta name=\"twitter:data1\" content=\"5 minutes\" \/>\n<script type=\"application\/ld+json\" class=\"yoast-schema-graph\">{\"@context\":\"https:\/\/schema.org\",\"@graph\":[{\"@type\":\"WebPage\",\"@id\":\"https:\/\/www.zfoam.com\/fr\/politique-de-confidentialite\/\",\"url\":\"https:\/\/www.zfoam.com\/fr\/politique-de-confidentialite\/\",\"name\":\"Politique de confidentialit\u00e9 - ZFoam\",\"isPartOf\":{\"@id\":\"https:\/\/www.zfoam.com\/#website\"},\"datePublished\":\"2019-07-24T10:57:51+00:00\",\"dateModified\":\"2026-04-17T20:52:05+00:00\",\"breadcrumb\":{\"@id\":\"https:\/\/www.zfoam.com\/fr\/politique-de-confidentialite\/#breadcrumb\"},\"inLanguage\":\"fr-FR\",\"potentialAction\":[{\"@type\":\"ReadAction\",\"target\":[\"https:\/\/www.zfoam.com\/fr\/politique-de-confidentialite\/\"]}]},{\"@type\":\"BreadcrumbList\",\"@id\":\"https:\/\/www.zfoam.com\/fr\/politique-de-confidentialite\/#breadcrumb\",\"itemListElement\":[{\"@type\":\"ListItem\",\"position\":1,\"name\":\"Portada\",\"item\":\"https:\/\/www.zfoam.com\/fr\/\"},{\"@type\":\"ListItem\",\"position\":2,\"name\":\"Politique de confidentialit\u00e9\"}]},{\"@type\":\"WebSite\",\"@id\":\"https:\/\/www.zfoam.com\/#website\",\"url\":\"https:\/\/www.zfoam.com\/\",\"name\":\"ZFoam\",\"description\":\"Fabricante de espumas\",\"publisher\":{\"@id\":\"https:\/\/www.zfoam.com\/#organization\"},\"potentialAction\":[{\"@type\":\"SearchAction\",\"target\":{\"@type\":\"EntryPoint\",\"urlTemplate\":\"https:\/\/www.zfoam.com\/?s={search_term_string}\"},\"query-input\":{\"@type\":\"PropertyValueSpecification\",\"valueRequired\":true,\"valueName\":\"search_term_string\"}}],\"inLanguage\":\"fr-FR\"},{\"@type\":\"Organization\",\"@id\":\"https:\/\/www.zfoam.com\/#organization\",\"name\":\"ZFoam\",\"url\":\"https:\/\/www.zfoam.com\/\",\"logo\":{\"@type\":\"ImageObject\",\"inLanguage\":\"fr-FR\",\"@id\":\"https:\/\/www.zfoam.com\/#\/schema\/logo\/image\/\",\"url\":\"https:\/\/www.zfoam.com\/wp-content\/uploads\/2017\/05\/logo_zfoam_25.png\",\"contentUrl\":\"https:\/\/www.zfoam.com\/wp-content\/uploads\/2017\/05\/logo_zfoam_25.png\",\"width\":220,\"height\":51,\"caption\":\"ZFoam\"},\"image\":{\"@id\":\"https:\/\/www.zfoam.com\/#\/schema\/logo\/image\/\"}}]}<\/script>\n<!-- \/ Yoast SEO plugin. -->","yoast_head_json":{"title":"Politique de confidentialit\u00e9 - ZFoam","robots":{"index":"index","follow":"follow","max-snippet":"max-snippet:-1","max-image-preview":"max-image-preview:large","max-video-preview":"max-video-preview:-1"},"canonical":"https:\/\/www.zfoam.com\/fr\/politique-de-confidentialite\/","og_locale":"fr_FR","og_type":"article","og_title":"Politique de confidentialit\u00e9 - ZFoam","og_url":"https:\/\/www.zfoam.com\/fr\/politique-de-confidentialite\/","og_site_name":"ZFoam","article_modified_time":"2026-04-17T20:52:05+00:00","twitter_card":"summary_large_image","twitter_misc":{"Dur\u00e9e de lecture estim\u00e9e":"5 minutes"},"schema":{"@context":"https:\/\/schema.org","@graph":[{"@type":"WebPage","@id":"https:\/\/www.zfoam.com\/fr\/politique-de-confidentialite\/","url":"https:\/\/www.zfoam.com\/fr\/politique-de-confidentialite\/","name":"Politique de confidentialit\u00e9 - ZFoam","isPartOf":{"@id":"https:\/\/www.zfoam.com\/#website"},"datePublished":"2019-07-24T10:57:51+00:00","dateModified":"2026-04-17T20:52:05+00:00","breadcrumb":{"@id":"https:\/\/www.zfoam.com\/fr\/politique-de-confidentialite\/#breadcrumb"},"inLanguage":"fr-FR","potentialAction":[{"@type":"ReadAction","target":["https:\/\/www.zfoam.com\/fr\/politique-de-confidentialite\/"]}]},{"@type":"BreadcrumbList","@id":"https:\/\/www.zfoam.com\/fr\/politique-de-confidentialite\/#breadcrumb","itemListElement":[{"@type":"ListItem","position":1,"name":"Portada","item":"https:\/\/www.zfoam.com\/fr\/"},{"@type":"ListItem","position":2,"name":"Politique de confidentialit\u00e9"}]},{"@type":"WebSite","@id":"https:\/\/www.zfoam.com\/#website","url":"https:\/\/www.zfoam.com\/","name":"ZFoam","description":"Fabricante de espumas","publisher":{"@id":"https:\/\/www.zfoam.com\/#organization"},"potentialAction":[{"@type":"SearchAction","target":{"@type":"EntryPoint","urlTemplate":"https:\/\/www.zfoam.com\/?s={search_term_string}"},"query-input":{"@type":"PropertyValueSpecification","valueRequired":true,"valueName":"search_term_string"}}],"inLanguage":"fr-FR"},{"@type":"Organization","@id":"https:\/\/www.zfoam.com\/#organization","name":"ZFoam","url":"https:\/\/www.zfoam.com\/","logo":{"@type":"ImageObject","inLanguage":"fr-FR","@id":"https:\/\/www.zfoam.com\/#\/schema\/logo\/image\/","url":"https:\/\/www.zfoam.com\/wp-content\/uploads\/2017\/05\/logo_zfoam_25.png","contentUrl":"https:\/\/www.zfoam.com\/wp-content\/uploads\/2017\/05\/logo_zfoam_25.png","width":220,"height":51,"caption":"ZFoam"},"image":{"@id":"https:\/\/www.zfoam.com\/#\/schema\/logo\/image\/"}}]}},"_links":{"self":[{"href":"https:\/\/www.zfoam.com\/fr\/wp-json\/wp\/v2\/pages\/2011","targetHints":{"allow":["GET"]}}],"collection":[{"href":"https:\/\/www.zfoam.com\/fr\/wp-json\/wp\/v2\/pages"}],"about":[{"href":"https:\/\/www.zfoam.com\/fr\/wp-json\/wp\/v2\/types\/page"}],"author":[{"embeddable":true,"href":"https:\/\/www.zfoam.com\/fr\/wp-json\/wp\/v2\/users\/1"}],"replies":[{"embeddable":true,"href":"https:\/\/www.zfoam.com\/fr\/wp-json\/wp\/v2\/comments?post=2011"}],"version-history":[{"count":7,"href":"https:\/\/www.zfoam.com\/fr\/wp-json\/wp\/v2\/pages\/2011\/revisions"}],"predecessor-version":[{"id":11282,"href":"https:\/\/www.zfoam.com\/fr\/wp-json\/wp\/v2\/pages\/2011\/revisions\/11282"}],"wp:attachment":[{"href":"https:\/\/www.zfoam.com\/fr\/wp-json\/wp\/v2\/media?parent=2011"}],"curies":[{"name":"wp","href":"https:\/\/api.w.org\/{rel}","templated":true}]}}