{"id":4074,"date":"2020-06-26T12:25:00","date_gmt":"2020-06-26T12:25:00","guid":{"rendered":"https:\/\/www.zfoam.com\/?page_id=4074"},"modified":"2020-08-12T11:18:02","modified_gmt":"2020-08-12T11:18:02","slug":"zfoam-packaging-mallettes-et-valises","status":"publish","type":"page","link":"https:\/\/www.zfoam.com\/fr\/zfoam-packaging\/zfoam-packaging-mallettes-et-valises\/","title":{"rendered":"Zfoam Packaging Int\u00e9rieurs de mallettes et valises"},"content":{"rendered":"<p><div class=\"fusion-fullwidth fullwidth-box fusion-builder-row-1 nonhundred-percent-fullwidth non-hundred-percent-height-scrolling fusion-equal-height-columns\" style=\"background-color: #d47e80;background-position: center center;background-repeat: no-repeat;padding-top:27px;padding-right:0px;padding-bottom:0px;padding-left:0px;margin-bottom: 0px;margin-top: 0px;border-width: 0px 0px 0px 0px;border-color:#eae9e9;border-style:solid;\" ><div class=\"fusion-builder-row fusion-row\"><div class=\"fusion-layout-column fusion_builder_column fusion-builder-column-0 fusion_builder_column_1_1 1_1 fusion-one-full fusion-column-first fusion-column-last\" style=\"margin-top:0px;margin-bottom:20px;\"><div class=\"fusion-column-wrapper fusion-flex-column-wrapper-legacy\" style=\"background-position:left top;background-repeat:no-repeat;-webkit-background-size:cover;-moz-background-size:cover;-o-background-size:cover;background-size:cover;padding: 0px 0px 0px 0px;\"><div class=\"imageframe-align-center\"><span class=\" fusion-imageframe imageframe-none imageframe-1 hover-type-none\" style=\"width:100%;max-width:280px;\"><img decoding=\"async\" width=\"700\" height=\"230\" title=\"zfoam-packaging-sectores\" src=\"https:\/\/www.zfoam.com\/wp-content\/uploads\/2017\/05\/zfoam-packaging-sectores.png\" class=\"img-responsive wp-image-1667\" srcset=\"https:\/\/www.zfoam.com\/wp-content\/uploads\/2017\/05\/zfoam-packaging-sectores-200x66.png 200w, https:\/\/www.zfoam.com\/wp-content\/uploads\/2017\/05\/zfoam-packaging-sectores-400x131.png 400w, https:\/\/www.zfoam.com\/wp-content\/uploads\/2017\/05\/zfoam-packaging-sectores-600x197.png 600w, https:\/\/www.zfoam.com\/wp-content\/uploads\/2017\/05\/zfoam-packaging-sectores.png 700w\" sizes=\"(max-width: 800px) 100vw, 700px\" \/><\/span><\/div><div class=\"fusion-clearfix\"><\/div><\/div><\/div><\/div><\/div><div class=\"fusion-fullwidth fullwidth-box fusion-builder-row-2 nonhundred-percent-fullwidth non-hundred-percent-height-scrolling\" style=\"background-color: rgba(255,255,255,0);background-position: center center;background-repeat: no-repeat;padding-top:0px;padding-right:0px;padding-bottom:0px;padding-left:0px;margin-bottom: 0px;margin-top: 0px;border-width: 0px 0px 0px 0px;border-color:#eae9e9;border-style:solid;\" ><div class=\"fusion-builder-row fusion-row\"><div class=\"fusion-layout-column fusion_builder_column fusion-builder-column-1 fusion_builder_column_1_1 1_1 fusion-one-full fusion-column-first fusion-column-last\" style=\"margin-top:0px;margin-bottom:20px;\"><div class=\"fusion-column-wrapper fusion-flex-column-wrapper-legacy\" style=\"background-position:left top;background-repeat:no-repeat;-webkit-background-size:cover;-moz-background-size:cover;-o-background-size:cover;background-size:cover;padding: 0px 0px 0px 0px;\"><div class=\"fusion-text fusion-text-1\"><h1 style=\"text-align: center;\"><span style=\"color: #d47e80;\">Mousses techniques pour l&rsquo;int\u00e9rieur des valises et des porte-documents<br \/>\n<\/span><\/h1>\n<\/div><div class=\"fusion-text fusion-text-2\"><p style=\"text-align: center; font-size: 14px;\"><span style=\"color: #d47e80;\">Rev\u00eatements pour l&rsquo;int\u00e9rieur des valises et des porte-documents avec des options de finitions et de traitements adapt\u00e9s \u00e0 vos besoins<\/span><\/p>\n<\/div><div class=\"fusion-sep-clear\"><\/div><div class=\"fusion-separator\" style=\"margin-left: auto;margin-right: auto;margin-bottom:40px;width:100%;max-width:100px;\"><div class=\"fusion-separator-border sep-single sep-solid\" style=\"border-color:#d47e80;border-top-width:2px;\"><\/div><\/div><div class=\"fusion-sep-clear\"><\/div><div class=\"fusion-text fusion-text-3\"><p style=\"text-align: center; font-size: 14px;\">Une vaste gamme de mousses de doublure int\u00e9rieure de valises et attach\u00e9s-cases. D\u00e9couvrez toutes les options que nous vous proposons.<\/p>\n<\/div><div class=\"fusion-clearfix\"><\/div><\/div><\/div><\/div><\/div><div class=\"fusion-fullwidth fullwidth-box fusion-builder-row-3 nonhundred-percent-fullwidth non-hundred-percent-height-scrolling\" style=\"background-color: rgba(255,255,255,0);background-position: center center;background-repeat: no-repeat;padding-top:19px;padding-right:0px;padding-bottom:0px;padding-left:0px;margin-bottom: 0px;margin-top: 0px;border-width: 0px 0px 0px 0px;border-color:#eae9e9;border-style:solid;\" ><div class=\"fusion-builder-row fusion-row\"><div class=\"fusion-layout-column fusion_builder_column fusion-builder-column-2 fusion_builder_column_1_2 1_2 fusion-one-half fusion-column-first\" style=\"width:50%;width:calc(50% - ( ( 4% ) * 0.5 ) );margin-right: 4%;margin-top:0px;margin-bottom:20px;\"><div class=\"fusion-column-wrapper fusion-flex-column-wrapper-legacy\" style=\"background-position:left top;background-repeat:no-repeat;-webkit-background-size:cover;-moz-background-size:cover;-o-background-size:cover;background-size:cover;padding: 0px 0px 0px 140px;\"><span class=\" fusion-imageframe imageframe-none imageframe-2 hover-type-none\" style=\"width:100%;max-width:450px;\"><img decoding=\"async\" width=\"273\" height=\"300\" alt=\"Gama de Espumas ESD de ZFoam\nEspumas Est\u00e1tico Disipativas:\nGama Azote: Plastazote\u00ae LD30SD y Plastazote\u00ae LD40SD\nMateriales de color negro disponibles en forma de planchas a diferentes espesores, expandidos mediante un proceso \u00fanico de expansi\u00f3n por nitr\u00f3geno. Libres de agentes de expansi\u00f3n CFC (clorofluorocarbonos), HCFC (hidroclorofluorocarbonos) y residuos qu\u00edmicos de espumaci\u00f3n. Comparten caracter\u00edsticas t\u00edpicas de nuestras espumas est\u00e1ndar, como una estructura de celda cerrada, propiedades f\u00edsicas isotr\u00f3picas, buen rendimiento como material de amortiguaci\u00f3n y buena resistencia qu\u00edmica. Estos productos son tambi\u00e9n termoconformables.\nLa formulaci\u00f3n utilizada para producir Plastazote\u00ae LD30SD y Plastazote\u00ae LD40SD supera los problemas t\u00edpicamente asociados con la producci\u00f3n de una espuma de polietileno adecuada para el embalaje de equipos sensibles a ESD. \nLos enfoques generales para la modificaci\u00f3n de espumas de polietileno incluyen tratamiento superficial con productos qu\u00edmicos, aditivos qu\u00edmicos como amidas o aminas y aditivos conductivos.\nTratamiento superficial con soluciones salinas: Agrega costos al convertidor y a menudo es poco fiable, ya que puede frotarse o lavarse y requiere alta humedad para funcionar de manera efectiva.\nAditivos qu\u00edmicos como aminas: Dependen de la migraci\u00f3n del aditivo a la superficie del material. Aunque este m\u00e9todo tiende a proporcionar un efecto m\u00e1s duradero que el tratamiento superficial, la lixiviaci\u00f3n de algunos aditivos puede causar deterioro del equipo electr\u00f3nico que la espuma est\u00e1 destinada a proteger y un aumento de la resistividad superficial debido a la p\u00e9rdida del aditivo. Este m\u00e9todo tambi\u00e9n requiere alta humedad para dar un rendimiento satisfactorio, ya que los aditivos se activan con la humedad.\nAditivos conductivos como el negro de humo: Se pueden usar para crear baja resistividad permanente. Sin embargo, la formulaci\u00f3n de materiales en el rango disipativo est\u00e1tico ha demostrado ser dif\u00edcil, ya que los materiales tienden a ser conductores o aislantes. Esto se debe a las propiedades del negro de humo, que requiere concentraciones espec\u00edficas para crear un material conductivo.\nComo resultado de un extenso desarrollo, los materiales Plastazote\u00ae LD30SD y Plastazote\u00ae LD40SD se fabrican con un proceso controlado para proporcionar una espuma de polietileno reticulada verdaderamente disipativa est\u00e1tica expandida por nitr\u00f3geno.\nGama PNR: PNR 30 AS y PNR 35 AS\nMateriales de color rosa, fabricados mediante aditivos base aminas que proporcionan este color caracter\u00edstico.Como se ha comentado antes, estos aditivos se activan por la humedad y, por tanto, es preciso considerar variaciones de resistividad superficial relacionadas con el clima o ambiente de trabajo.\nGama LJ: LJ 33 FR AS\nMaterial especial que incluye aditivos antiest\u00e1ticos y retardantes de llama (FR). La activaci\u00f3n de los aditivos antiest\u00e1ticos, como en el caso anterior, se produce por humedad ambiental.\nGama PUD: PUD AS\nTipo de espuma de poliuretano de celda abierta (no celda cerrada como las espumas de polietileno). Color rosa y aditivo activado por humedad ambiental.\n\nEspumas Conductivas:\nGama Azote: Plastazote\u00ae LD32 CN, Plastazote\u00ae LD50 CN y Evazote\u00ae EV45CN\nMateriales de color negro disponibles en forma de l\u00e1minas de diferentes espesores.\nPresentan las mismas propiedades de pureza y caracter\u00edsticas \u00fanicas por su fabricaci\u00f3n con nitr\u00f3geno como agente espumante, y son termoconformables.\nLa formulaci\u00f3n se realiza con un aditivo de negro de humo especial para proporcionar propiedades conductivas. El aditivo se introduce mediante precompuesto (no impregnaci\u00f3n posterior como en algunos tipos de espumas conductoras) y est\u00e1 completamente encapsulado en el pol\u00edmero. Por lo tanto, las espumas no generan part\u00edculas y no marcan.\n\nCumplimiento con Est\u00e1ndares de protecci\u00f3n ESD\nLas definiciones de espumas conductivas var\u00edan ligeramente entre los diferentes est\u00e1ndares. A continuaci\u00f3n, se presenta un resumen de los est\u00e1ndares relacionados con la protecci\u00f3n ESD en embalaje:\nEst\u00e1ndares Generales:\nANSI\/ESD S541-2003: Material con una resistencia superficial inferior a 10^4 \u03a9 o resistencia volum\u00e9trica inferior a 10^4 \u03a9.\nANSI\/ESD STM 11.12: Material con una resistencia volum\u00e9trica inferior a 10^4 \u03a9.\nASTM D991-89 (2014): Material con una resistividad volum\u00e9trica inferior a 10^4 \u03a9.cm.\nJESD625-A (1999): Material con una resistividad superficial inferior a 10^5 \u03a9\/sq o resistividad volum\u00e9trica inferior a 10^4 \u03a9.cm.\n\nEst\u00e1ndares Militares:\nDStan 81-146\/1: Material con una resistividad volum\u00e9trica de 10^2 a 10^5 \u03a9.cm.\nMIL-HDBK-263B: Material con una resistividad volum\u00e9trica inferior a 10^4 \u03a9.cm o resistividad superficial inferior a 10^5 \u03a9\/sq. Este est\u00e1ndar contiene otros requisitos de propiedades f\u00edsicas que deben verificarse antes de seleccionar un material adecuado para aplicaciones que requieren cumplimiento.\nConclusi\u00f3n\nLas espumas ESD son esenciales para la protecci\u00f3n de dispositivos sensibles a las descargas electrost\u00e1ticas. \nLa gama de productos de ZFoam ofrece soluciones fiables y efectivas para diversas aplicaciones industriales cumpliendo con los est\u00e1ndares internacionales y militares m\u00e1s exigentes, garantizando as\u00ed la calidad y seguridad de nuestros productos.\nPara m\u00e1s informaci\u00f3n sobre nuestros productos, y c\u00f3mo estos pueden beneficiar a tu negocio, te invitamos a contactar con nosotros y ver juntos c\u00f3mo mejorar la competitividad de tu proyecto.\" title=\"espumas-tecnicas-packaging-maletas-273&#215;300\" src=\"https:\/\/www.zfoam.com\/wp-content\/uploads\/2020\/06\/espumas-tecnicas-packaging-maletas-273x300-1.jpg\" class=\"img-responsive wp-image-3282\" srcset=\"https:\/\/www.zfoam.com\/wp-content\/uploads\/2020\/06\/espumas-tecnicas-packaging-maletas-273x300-1-200x220.jpg 200w, https:\/\/www.zfoam.com\/wp-content\/uploads\/2020\/06\/espumas-tecnicas-packaging-maletas-273x300-1.jpg 273w\" sizes=\"(max-width: 800px) 100vw, 273px\" \/><\/span><div class=\"fusion-clearfix\"><\/div><\/div><\/div><div class=\"fusion-layout-column fusion_builder_column fusion-builder-column-3 fusion_builder_column_1_2 1_2 fusion-one-half fusion-column-last\" style=\"width:50%;width:calc(50% - ( ( 4% ) * 0.5 ) );margin-top:0px;margin-bottom:20px;\"><div class=\"fusion-column-wrapper fusion-flex-column-wrapper-legacy\" style=\"background-position:left top;background-repeat:no-repeat;-webkit-background-size:cover;-moz-background-size:cover;-o-background-size:cover;background-size:cover;border-left:2px solid #d9eefc;padding: 0px 0px 0px 20px;\"><div class=\"fusion-text fusion-text-4\"><p style=\"text-align: left; font-size: 22px;\"><strong><span style=\"color: #d47e80;\">Qu&rsquo;est-ce que nous vous offrons ?<\/span><\/strong><\/p>\n<\/div><ul class=\"fusion-checklist fusion-checklist-1\" style=\"font-size:14px;line-height:23.8px;\"><li class=\"fusion-li-item\"><span style=\"background-color:#d47e80;font-size:12.32px;height:23.8px;width:23.8px;margin-right:9.8px;\" class=\"icon-wrapper circle-yes\"><i class=\"fusion-li-icon fa fa-check\" style=\"color:#ffffff;\" aria-hidden=\"true\"><\/i><\/span><div class=\"fusion-li-item-content\" style=\"margin-left:33.6px;\"><strong>Mousses techniques pour :<\/strong><\/p>\n<ul>\n<li>Produits m\u00e9dicaux et pharmaceutiques.<\/li>\n<li>Appareils photo, audio et vid\u00e9o.<\/li>\n<li>Outils d\u2019assistance technique.<\/li>\n<li>Loisir<\/li>\n<li>S\u00e9curit\u00e9 et d\u00e9fense.<\/li>\n<\/ul>\n<\/div><\/li><li class=\"fusion-li-item\"><span style=\"background-color:#d47e80;font-size:12.32px;height:23.8px;width:23.8px;margin-right:9.8px;\" class=\"icon-wrapper circle-yes\"><i class=\"fusion-li-icon fa fa-check\" style=\"color:#ffffff;\" aria-hidden=\"true\"><\/i><\/span><div class=\"fusion-li-item-content\" style=\"margin-left:33.6px;\">Fabrication sur mesure pour prototypes et petites s\u00e9ries.<\/div><\/li><li class=\"fusion-li-item\"><span style=\"background-color:#d47e80;font-size:12.32px;height:23.8px;width:23.8px;margin-right:9.8px;\" class=\"icon-wrapper circle-yes\"><i class=\"fusion-li-icon fa fa-check\" style=\"color:#ffffff;\" aria-hidden=\"true\"><\/i><\/span><div class=\"fusion-li-item-content\" style=\"margin-left:33.6px;\">\n<div class=\"et_pb_module et_pb_blurb et_pb_blurb_2 et_pb_text_align_left et_pb_blurb_position_left et_pb_bg_layout_light\">\n<div class=\"et_pb_blurb_content\">\n<div class=\"et_pb_blurb_container\">\n<div class=\"et_pb_blurb_description\">\n<div class=\"et_pb_module et_pb_blurb et_pb_blurb_2 et_pb_text_align_left et_pb_blurb_position_left et_pb_bg_layout_light\">\n<div class=\"et_pb_blurb_content\">\n<div class=\"et_pb_blurb_container\">\n<div class=\"et_pb_blurb_description\">\n<p>Mousses sans COV (compos\u00e9s organiques volatils) qui ne contaminent pas le contenu.<\/p>\n<\/div>\n<\/div>\n<\/div>\n<\/div>\n<\/div>\n<\/div>\n<\/div>\n<\/div>\n<\/div><\/li><li class=\"fusion-li-item\"><span style=\"background-color:#d47e80;font-size:12.32px;height:23.8px;width:23.8px;margin-right:9.8px;\" class=\"icon-wrapper circle-yes\"><i class=\"fusion-li-icon fa fa-check\" style=\"color:#ffffff;\" aria-hidden=\"true\"><\/i><\/span><div class=\"fusion-li-item-content\" style=\"margin-left:33.6px;\">\n<div class=\"et_pb_module et_pb_blurb et_pb_blurb_3 et_pb_text_align_left et_pb_blurb_position_left et_pb_bg_layout_light\">\n<div class=\"et_pb_blurb_content\">\n<div class=\"et_pb_blurb_container\">\n<div class=\"et_pb_blurb_description\">\n<div class=\"et_pb_module et_pb_blurb et_pb_blurb_3 et_pb_text_align_left et_pb_blurb_position_left et_pb_bg_layout_light\">\n<div class=\"et_pb_blurb_content\">\n<div class=\"et_pb_blurb_container\">\n<div class=\"et_pb_blurb_description\">\n<p>Personnalisation : couleurs, gravure laser, impression num\u00e9rique.<\/p>\n<\/div>\n<\/div>\n<\/div>\n<\/div>\n<\/div>\n<\/div>\n<\/div>\n<\/div>\n<\/div><\/li><li class=\"fusion-li-item\"><span style=\"background-color:#d47e80;font-size:12.32px;height:23.8px;width:23.8px;margin-right:9.8px;\" class=\"icon-wrapper circle-yes\"><i class=\"fusion-li-icon fa fa-check\" style=\"color:#ffffff;\" aria-hidden=\"true\"><\/i><\/span><div class=\"fusion-li-item-content\" style=\"margin-left:33.6px;\">\n<div class=\"et_pb_module et_pb_blurb et_pb_blurb_4 et_pb_text_align_left et_pb_blurb_position_left et_pb_bg_layout_light\">\n<div class=\"et_pb_blurb_content\">\n<div class=\"et_pb_blurb_container\">\n<div class=\"et_pb_blurb_description\">\n<p>Combinaison de diff\u00e9rentes densit\u00e9s et duret\u00e9s.<\/p>\n<\/div>\n<\/div>\n<\/div>\n<\/div>\n<\/div><\/li><li class=\"fusion-li-item\"><span style=\"background-color:#d47e80;font-size:12.32px;height:23.8px;width:23.8px;margin-right:9.8px;\" class=\"icon-wrapper circle-yes\"><i class=\"fusion-li-icon fa fa-check\" style=\"color:#ffffff;\" aria-hidden=\"true\"><\/i><\/span><div class=\"fusion-li-item-content\" style=\"margin-left:33.6px;\">\n<div class=\"et_pb_module et_pb_blurb et_pb_blurb_5 et_pb_text_align_left et_pb_blurb_position_left et_pb_bg_layout_light\">\n<div class=\"et_pb_blurb_content\">\n<div class=\"et_pb_blurb_container\">\n<div class=\"et_pb_blurb_description\">\n<p>Variantes pour la protection contre les d\u00e9charges \u00e9lectrostatiques (SD, CN).<\/p>\n<\/div>\n<\/div>\n<\/div>\n<\/div>\n<\/div><\/li><\/ul><div class=\"fusion-sep-clear\"><\/div><div class=\"fusion-separator fusion-full-width-sep\" style=\"margin-left: auto;margin-right: auto;width:100%;\"><div class=\"fusion-separator-border sep-double\" style=\"border-color:rgba(247,247,247,0);border-top-width:16px;border-bottom-width:16px;\"><\/div><\/div><div class=\"fusion-sep-clear\"><\/div><div class=\"fusion-alignright\"><style type=\"text\/css\">.fusion-button.button-1 .fusion-button-text, .fusion-button.button-1 i {color:#ffffff;}.fusion-button.button-1 .fusion-button-icon-divider{border-color:#ffffff;}.fusion-button.button-1:hover .fusion-button-text, .fusion-button.button-1:hover i,.fusion-button.button-1:focus .fusion-button-text, .fusion-button.button-1:focus i,.fusion-button.button-1:active .fusion-button-text, .fusion-button.button-1:active{color:#ffffff;}.fusion-button.button-1:hover .fusion-button-icon-divider, .fusion-button.button-1:hover .fusion-button-icon-divider, .fusion-button.button-1:active .fusion-button-icon-divider{border-color:#ffffff;}.fusion-button.button-1:hover, .fusion-button.button-1:focus, .fusion-button.button-1:active{border-color:#ffffff;}.fusion-button.button-1 {border-color:#ffffff;border-radius:2px;}.fusion-button.button-1{background: #d47e80;}.fusion-button.button-1:hover,.button-1:focus,.fusion-button.button-1:active{background: #d47e80;}<\/style><a class=\"fusion-button button-flat button-small button-custom button-1 fusion-button-default-span fusion-button-default-type\" target=\"_self\" href=\"https:\/\/www.zfoam.com\/fr\/zfoam-packaging\/\"><i class=\"fa-angle-double-left fas button-icon-left\" aria-hidden=\"true\"><\/i><span class=\"fusion-button-text\">Retour \u00e0 zfoam packaging<\/span><\/a><\/div><div class=\"fusion-clearfix\"><\/div><\/div><\/div><\/div><\/div><\/p>\n","protected":false},"excerpt":{"rendered":"","protected":false},"author":1,"featured_media":0,"parent":4169,"menu_order":0,"comment_status":"closed","ping_status":"closed","template":"100-width.php","meta":{"footnotes":""},"class_list":["post-4074","page","type-page","status-publish","hentry"],"yoast_head":"<!-- This site is optimized with the Yoast SEO plugin v27.2 - https:\/\/yoast.com\/product\/yoast-seo-wordpress\/ -->\n<title>Zfoam Packaging Int\u00e9rieurs de mallettes et valises - ZFoam<\/title>\n<meta name=\"robots\" content=\"index, follow, max-snippet:-1, max-image-preview:large, max-video-preview:-1\" \/>\n<link rel=\"canonical\" href=\"https:\/\/www.zfoam.com\/fr\/zfoam-packaging\/zfoam-packaging-mallettes-et-valises\/\" \/>\n<meta property=\"og:locale\" content=\"fr_FR\" \/>\n<meta property=\"og:type\" content=\"article\" \/>\n<meta property=\"og:title\" content=\"Zfoam Packaging Int\u00e9rieurs de mallettes et valises - ZFoam\" \/>\n<meta property=\"og:url\" content=\"https:\/\/www.zfoam.com\/fr\/zfoam-packaging\/zfoam-packaging-mallettes-et-valises\/\" \/>\n<meta property=\"og:site_name\" content=\"ZFoam\" \/>\n<meta property=\"article:modified_time\" content=\"2020-08-12T11:18:02+00:00\" \/>\n<meta name=\"twitter:card\" content=\"summary_large_image\" \/>\n<meta name=\"twitter:label1\" content=\"Dur\u00e9e de lecture estim\u00e9e\" \/>\n\t<meta name=\"twitter:data1\" content=\"9 minutes\" \/>\n<script type=\"application\/ld+json\" class=\"yoast-schema-graph\">{\"@context\":\"https:\/\/schema.org\",\"@graph\":[{\"@type\":\"WebPage\",\"@id\":\"https:\/\/www.zfoam.com\/fr\/zfoam-packaging\/zfoam-packaging-mallettes-et-valises\/\",\"url\":\"https:\/\/www.zfoam.com\/fr\/zfoam-packaging\/zfoam-packaging-mallettes-et-valises\/\",\"name\":\"Zfoam Packaging Int\u00e9rieurs de mallettes et valises - ZFoam\",\"isPartOf\":{\"@id\":\"https:\/\/www.zfoam.com\/#website\"},\"datePublished\":\"2020-06-26T12:25:00+00:00\",\"dateModified\":\"2020-08-12T11:18:02+00:00\",\"breadcrumb\":{\"@id\":\"https:\/\/www.zfoam.com\/fr\/zfoam-packaging\/zfoam-packaging-mallettes-et-valises\/#breadcrumb\"},\"inLanguage\":\"fr-FR\",\"potentialAction\":[{\"@type\":\"ReadAction\",\"target\":[\"https:\/\/www.zfoam.com\/fr\/zfoam-packaging\/zfoam-packaging-mallettes-et-valises\/\"]}]},{\"@type\":\"BreadcrumbList\",\"@id\":\"https:\/\/www.zfoam.com\/fr\/zfoam-packaging\/zfoam-packaging-mallettes-et-valises\/#breadcrumb\",\"itemListElement\":[{\"@type\":\"ListItem\",\"position\":1,\"name\":\"Portada\",\"item\":\"https:\/\/www.zfoam.com\/fr\/\"},{\"@type\":\"ListItem\",\"position\":2,\"name\":\"ZFOAM Packaging\",\"item\":\"https:\/\/www.zfoam.com\/fr\/zfoam-packaging\/\"},{\"@type\":\"ListItem\",\"position\":3,\"name\":\"Zfoam Packaging Int\u00e9rieurs de mallettes et valises\"}]},{\"@type\":\"WebSite\",\"@id\":\"https:\/\/www.zfoam.com\/#website\",\"url\":\"https:\/\/www.zfoam.com\/\",\"name\":\"ZFoam\",\"description\":\"Fabricante de espumas\",\"publisher\":{\"@id\":\"https:\/\/www.zfoam.com\/#organization\"},\"potentialAction\":[{\"@type\":\"SearchAction\",\"target\":{\"@type\":\"EntryPoint\",\"urlTemplate\":\"https:\/\/www.zfoam.com\/?s={search_term_string}\"},\"query-input\":{\"@type\":\"PropertyValueSpecification\",\"valueRequired\":true,\"valueName\":\"search_term_string\"}}],\"inLanguage\":\"fr-FR\"},{\"@type\":\"Organization\",\"@id\":\"https:\/\/www.zfoam.com\/#organization\",\"name\":\"ZFoam\",\"url\":\"https:\/\/www.zfoam.com\/\",\"logo\":{\"@type\":\"ImageObject\",\"inLanguage\":\"fr-FR\",\"@id\":\"https:\/\/www.zfoam.com\/#\/schema\/logo\/image\/\",\"url\":\"https:\/\/www.zfoam.com\/wp-content\/uploads\/2017\/05\/logo_zfoam_25.png\",\"contentUrl\":\"https:\/\/www.zfoam.com\/wp-content\/uploads\/2017\/05\/logo_zfoam_25.png\",\"width\":220,\"height\":51,\"caption\":\"ZFoam\"},\"image\":{\"@id\":\"https:\/\/www.zfoam.com\/#\/schema\/logo\/image\/\"}}]}<\/script>\n<!-- \/ Yoast SEO plugin. -->","yoast_head_json":{"title":"Zfoam Packaging Int\u00e9rieurs de mallettes et valises - ZFoam","robots":{"index":"index","follow":"follow","max-snippet":"max-snippet:-1","max-image-preview":"max-image-preview:large","max-video-preview":"max-video-preview:-1"},"canonical":"https:\/\/www.zfoam.com\/fr\/zfoam-packaging\/zfoam-packaging-mallettes-et-valises\/","og_locale":"fr_FR","og_type":"article","og_title":"Zfoam Packaging Int\u00e9rieurs de mallettes et valises - ZFoam","og_url":"https:\/\/www.zfoam.com\/fr\/zfoam-packaging\/zfoam-packaging-mallettes-et-valises\/","og_site_name":"ZFoam","article_modified_time":"2020-08-12T11:18:02+00:00","twitter_card":"summary_large_image","twitter_misc":{"Dur\u00e9e de lecture estim\u00e9e":"9 minutes"},"schema":{"@context":"https:\/\/schema.org","@graph":[{"@type":"WebPage","@id":"https:\/\/www.zfoam.com\/fr\/zfoam-packaging\/zfoam-packaging-mallettes-et-valises\/","url":"https:\/\/www.zfoam.com\/fr\/zfoam-packaging\/zfoam-packaging-mallettes-et-valises\/","name":"Zfoam Packaging Int\u00e9rieurs de mallettes et valises - ZFoam","isPartOf":{"@id":"https:\/\/www.zfoam.com\/#website"},"datePublished":"2020-06-26T12:25:00+00:00","dateModified":"2020-08-12T11:18:02+00:00","breadcrumb":{"@id":"https:\/\/www.zfoam.com\/fr\/zfoam-packaging\/zfoam-packaging-mallettes-et-valises\/#breadcrumb"},"inLanguage":"fr-FR","potentialAction":[{"@type":"ReadAction","target":["https:\/\/www.zfoam.com\/fr\/zfoam-packaging\/zfoam-packaging-mallettes-et-valises\/"]}]},{"@type":"BreadcrumbList","@id":"https:\/\/www.zfoam.com\/fr\/zfoam-packaging\/zfoam-packaging-mallettes-et-valises\/#breadcrumb","itemListElement":[{"@type":"ListItem","position":1,"name":"Portada","item":"https:\/\/www.zfoam.com\/fr\/"},{"@type":"ListItem","position":2,"name":"ZFOAM Packaging","item":"https:\/\/www.zfoam.com\/fr\/zfoam-packaging\/"},{"@type":"ListItem","position":3,"name":"Zfoam Packaging Int\u00e9rieurs de mallettes et valises"}]},{"@type":"WebSite","@id":"https:\/\/www.zfoam.com\/#website","url":"https:\/\/www.zfoam.com\/","name":"ZFoam","description":"Fabricante de espumas","publisher":{"@id":"https:\/\/www.zfoam.com\/#organization"},"potentialAction":[{"@type":"SearchAction","target":{"@type":"EntryPoint","urlTemplate":"https:\/\/www.zfoam.com\/?s={search_term_string}"},"query-input":{"@type":"PropertyValueSpecification","valueRequired":true,"valueName":"search_term_string"}}],"inLanguage":"fr-FR"},{"@type":"Organization","@id":"https:\/\/www.zfoam.com\/#organization","name":"ZFoam","url":"https:\/\/www.zfoam.com\/","logo":{"@type":"ImageObject","inLanguage":"fr-FR","@id":"https:\/\/www.zfoam.com\/#\/schema\/logo\/image\/","url":"https:\/\/www.zfoam.com\/wp-content\/uploads\/2017\/05\/logo_zfoam_25.png","contentUrl":"https:\/\/www.zfoam.com\/wp-content\/uploads\/2017\/05\/logo_zfoam_25.png","width":220,"height":51,"caption":"ZFoam"},"image":{"@id":"https:\/\/www.zfoam.com\/#\/schema\/logo\/image\/"}}]}},"_links":{"self":[{"href":"https:\/\/www.zfoam.com\/fr\/wp-json\/wp\/v2\/pages\/4074","targetHints":{"allow":["GET"]}}],"collection":[{"href":"https:\/\/www.zfoam.com\/fr\/wp-json\/wp\/v2\/pages"}],"about":[{"href":"https:\/\/www.zfoam.com\/fr\/wp-json\/wp\/v2\/types\/page"}],"author":[{"embeddable":true,"href":"https:\/\/www.zfoam.com\/fr\/wp-json\/wp\/v2\/users\/1"}],"replies":[{"embeddable":true,"href":"https:\/\/www.zfoam.com\/fr\/wp-json\/wp\/v2\/comments?post=4074"}],"version-history":[{"count":4,"href":"https:\/\/www.zfoam.com\/fr\/wp-json\/wp\/v2\/pages\/4074\/revisions"}],"predecessor-version":[{"id":4785,"href":"https:\/\/www.zfoam.com\/fr\/wp-json\/wp\/v2\/pages\/4074\/revisions\/4785"}],"up":[{"embeddable":true,"href":"https:\/\/www.zfoam.com\/fr\/wp-json\/wp\/v2\/pages\/4169"}],"wp:attachment":[{"href":"https:\/\/www.zfoam.com\/fr\/wp-json\/wp\/v2\/media?parent=4074"}],"curies":[{"name":"wp","href":"https:\/\/api.w.org\/{rel}","templated":true}]}}