{"id":4347,"date":"2020-01-26T09:39:43","date_gmt":"2020-01-26T09:39:43","guid":{"rendered":"https:\/\/www.zfoam.com\/?page_id=4347"},"modified":"2022-11-18T15:08:30","modified_gmt":"2022-11-18T13:08:30","slug":"contact","status":"publish","type":"page","link":"https:\/\/www.zfoam.com\/fr\/contact\/","title":{"rendered":"CONTACT"},"content":{"rendered":"<p><div class=\"fusion-fullwidth fullwidth-box fusion-builder-row-1 nonhundred-percent-fullwidth non-hundred-percent-height-scrolling\" style=\"background-color: rgba(255,255,255,0);background-position: center center;background-repeat: no-repeat;padding-top:10px;padding-right:10px;padding-bottom:10px;padding-left:10px;margin-bottom: 0px;margin-top: 25px;border-width: 0px 0px 0px 0px;border-color:#eae9e9;border-style:solid;\" ><div class=\"fusion-builder-row fusion-row\"><div class=\"fusion-layout-column fusion_builder_column fusion-builder-column-0 fusion_builder_column_1_1 1_1 fusion-one-full fusion-column-first fusion-column-last\" style=\"margin-top:0px;margin-bottom:20px;\"><div class=\"fusion-column-wrapper fusion-flex-column-wrapper-legacy\" style=\"background-position:left top;background-repeat:no-repeat;-webkit-background-size:cover;-moz-background-size:cover;-o-background-size:cover;background-size:cover;padding: 0px 0px 0px 0px;\"><div class=\"imageframe-align-center\"><span class=\" fusion-imageframe imageframe-none imageframe-1 hover-type-none fusion-no-medium-visibility\"><img decoding=\"async\" width=\"155\" height=\"73\" title=\"zfoam-grupo-gz\" src=\"https:\/\/www.zfoam.com\/wp-content\/uploads\/2017\/05\/zfoam-grupo-gz.png\" class=\"img-responsive wp-image-1424\"\/><\/span><\/div><div class=\"fusion-sep-clear\"><\/div><div class=\"fusion-separator fusion-no-medium-visibility fusion-full-width-sep\" style=\"margin-left: auto;margin-right: auto;width:100%;\"><div class=\"fusion-separator-border sep-single sep-solid\" style=\"border-color:#e0dede;border-top-width:1px;\"><\/div><\/div><div class=\"fusion-sep-clear\"><\/div><div class=\"fusion-clearfix\"><\/div><\/div><\/div><\/div><\/div><div class=\"fusion-fullwidth fullwidth-box fusion-builder-row-2 nonhundred-percent-fullwidth non-hundred-percent-height-scrolling\" style=\"background-color: rgba(255,255,255,0);background-position: center center;background-repeat: no-repeat;padding-top:0px;padding-right:0px;padding-bottom:0px;padding-left:0px;margin-bottom: 0px;margin-top: 0px;border-width: 0px 0px 0px 0px;border-color:#eae9e9;border-style:solid;\" ><div class=\"fusion-builder-row fusion-row\"><div class=\"fusion-layout-column fusion_builder_column fusion-builder-column-1 fusion_builder_column_1_3 1_3 fusion-one-third fusion-column-first\" style=\"width:33.333333333333%;width:calc(33.333333333333% - ( ( 4% + 4% ) * 0.33333333333333 ) );margin-right: 4%;margin-top:0px;margin-bottom:20px;\"><div class=\"fusion-column-wrapper fusion-flex-column-wrapper-legacy\" style=\"background-position:left top;background-repeat:no-repeat;-webkit-background-size:cover;-moz-background-size:cover;-o-background-size:cover;background-size:cover;padding: 0px 0px 0px 0px;\"><div class=\"fusion-fa-align-center\"><i class=\"fb-icon-element-1 fb-icon-element fontawesome-icon fa-map-marker-alt fas circle-no\" style=\"font-size:32px;\"><\/i><\/div><style>i.fb-icon-element.fontawesome-icon.fb-icon-element-1{ color: #013db5;}i.fb-icon-element.fontawesome-icon.fb-icon-element-1:hover { color: #013db5;}<\/style><div class=\"fusion-text fusion-text-1\"><h2 style=\"text-align: center;\">\u00a0Pol. Ind. Alfajar\u00edn. P.10<br \/>\n50172 Alfajar\u00edn, Zaragoza (Espagne)<\/h2>\n<\/div><div class=\"fusion-clearfix\"><\/div><\/div><\/div><div class=\"fusion-layout-column fusion_builder_column fusion-builder-column-2 fusion_builder_column_1_3 1_3 fusion-one-third\" style=\"width:33.333333333333%;width:calc(33.333333333333% - ( ( 4% + 4% ) * 0.33333333333333 ) );margin-right: 4%;margin-top:0px;margin-bottom:20px;\"><div class=\"fusion-column-wrapper fusion-flex-column-wrapper-legacy\" style=\"background-position:left top;background-repeat:no-repeat;-webkit-background-size:cover;-moz-background-size:cover;-o-background-size:cover;background-size:cover;padding: 0px 0px 0px 0px;\"><div class=\"fusion-fa-align-center\"><i class=\"fb-icon-element-2 fb-icon-element fontawesome-icon fa-phone fas circle-no\" style=\"font-size:32px;\"><\/i><\/div><style>i.fb-icon-element.fontawesome-icon.fb-icon-element-2{ color: #013db5;}i.fb-icon-element.fontawesome-icon.fb-icon-element-2:hover { color: #013db5;}<\/style><div class=\"fusion-text fusion-text-2\"><h2 style=\"text-align: center;\">+34 976 790 640<\/h2>\n<\/div><div class=\"fusion-clearfix\"><\/div><\/div><\/div><div class=\"fusion-layout-column fusion_builder_column fusion-builder-column-3 fusion_builder_column_1_3 1_3 fusion-one-third fusion-column-last\" style=\"width:33.333333333333%;width:calc(33.333333333333% - ( ( 4% + 4% ) * 0.33333333333333 ) );margin-top:0px;margin-bottom:20px;\"><div class=\"fusion-column-wrapper fusion-flex-column-wrapper-legacy\" style=\"background-position:left top;background-repeat:no-repeat;-webkit-background-size:cover;-moz-background-size:cover;-o-background-size:cover;background-size:cover;padding: 0px 0px 0px 0px;\"><div class=\"fusion-fa-align-center\"><i class=\"fb-icon-element-3 fb-icon-element fontawesome-icon fa-envelope far circle-no\" style=\"font-size:32px;\"><\/i><\/div><style>i.fb-icon-element.fontawesome-icon.fb-icon-element-3{ color: #013db5;}i.fb-icon-element.fontawesome-icon.fb-icon-element-3:hover { color: #013db5;}<\/style><div class=\"fusion-text fusion-text-3\"><h2 style=\"text-align: center;\">Informations: \u00a0<a href=\"mailto:info@zfoam.com\">info@zfoam.com<\/a><\/h2>\n<\/div><div class=\"fusion-clearfix\"><\/div><\/div><\/div><\/div><\/div><div class=\"fusion-fullwidth fullwidth-box fusion-builder-row-3 hundred-percent-fullwidth non-hundred-percent-height-scrolling\" style=\"background-color: rgba(255,255,255,0);background-position: center center;background-repeat: no-repeat;padding-top:0px;padding-right:0px;padding-bottom:0px;padding-left:0px;border-width: 0px 0px 0px 0px;border-color:#eae9e9;border-style:solid;\" ><div class=\"fusion-builder-row fusion-row\"><div class=\"fusion-layout-column fusion_builder_column fusion-builder-column-4 fusion_builder_column_1_1 1_1 fusion-one-full fusion-column-first fusion-column-last\" style=\"margin-top:0px;margin-bottom:20px;\"><div class=\"fusion-column-wrapper fusion-flex-column-wrapper-legacy\" style=\"background-position:left top;background-repeat:no-repeat;-webkit-background-size:cover;-moz-background-size:cover;-o-background-size:cover;background-size:cover;padding: 0px 0px 0px 0px;\"><div class=\"fusion-text fusion-text-4\"><p><iframe style=\"border: 0;\" src=\"https:\/\/www.google.com\/maps\/embed?pb=!1m18!1m12!1m3!1d95434.92695592754!2d-0.7931836992225891!3d41.626750025665224!2m3!1f0!2f0!3f0!3m2!1i1024!2i768!4f13.1!3m3!1m2!1s0x0%3A0x2f720379a9ec46ae!2sZFoam+Espa%C3%B1a+S.l.!5e0!3m2!1ses!2ses!4v1495552163164\" width=\"100%\" height=\"350\" frameborder=\"0\" allowfullscreen=\"allowfullscreen\"><\/iframe><\/p>\n<\/div><div class=\"fusion-text fusion-text-5\"><p style=\"text-align: center;\"><strong>Coordonn\u00e9es GPS:<\/strong> 41\u00b0 36&prime; 20.97\u00a0\u00bb N, 0\u00b0 41&prime; 13.66\u00a0\u00bb W<\/p>\n<\/div><div class=\"fusion-clearfix\"><\/div><\/div><\/div><\/div><\/div><div class=\"fusion-fullwidth fullwidth-box fusion-builder-row-4 nonhundred-percent-fullwidth non-hundred-percent-height-scrolling\" style=\"background-color: rgba(255,255,255,0);background-position: center center;background-repeat: no-repeat;padding-top:0px;padding-right:0px;padding-bottom:0px;padding-left:0px;margin-bottom: 0px;margin-top: 0px;border-width: 0px 0px 0px 0px;border-color:#eae9e9;border-style:solid;\" ><div class=\"fusion-builder-row fusion-row\"><div class=\"fusion-layout-column fusion_builder_column fusion-builder-column-5 fusion_builder_column_1_1 1_1 fusion-one-full fusion-column-first fusion-column-last\" style=\"margin-top:0px;margin-bottom:20px;\"><div class=\"fusion-column-wrapper fusion-flex-column-wrapper-legacy\" style=\"background-position:left top;background-repeat:no-repeat;-webkit-background-size:cover;-moz-background-size:cover;-o-background-size:cover;background-size:cover;padding: 0px 0px 0px 0px;\"><div class=\"fusion-text fusion-text-6\"><p style=\"text-align: center; font-size: 30px;\"><strong><span style=\"color: #26388c;\">Contact avec nous<\/span><\/strong><\/p>\n<\/div>\n<div class=\"wpcf7 no-js\" id=\"wpcf7-f4348-o1\" lang=\"es-ES\" dir=\"ltr\" data-wpcf7-id=\"4348\">\n<div class=\"screen-reader-response\"><p role=\"status\" aria-live=\"polite\" aria-atomic=\"true\"><\/p> <ul><\/ul><\/div>\n<form action=\"\/fr\/wp-json\/wp\/v2\/pages\/4347#wpcf7-f4348-o1\" method=\"post\" class=\"wpcf7-form init\" aria-label=\"Formulario de contacto\" novalidate=\"novalidate\" data-status=\"init\">\n<fieldset class=\"hidden-fields-container\"><input type=\"hidden\" name=\"_wpcf7\" value=\"4348\" \/><input type=\"hidden\" name=\"_wpcf7_version\" value=\"6.1.5\" \/><input type=\"hidden\" name=\"_wpcf7_locale\" value=\"es_ES\" \/><input type=\"hidden\" name=\"_wpcf7_unit_tag\" value=\"wpcf7-f4348-o1\" \/><input type=\"hidden\" name=\"_wpcf7_container_post\" value=\"0\" \/><input type=\"hidden\" name=\"_wpcf7_posted_data_hash\" value=\"\" \/>\n<\/fieldset>\n<input class=\"wpcf7-form-control wpcf7-hidden\" value=\"Formulario Web Zfoam\" type=\"hidden\" name=\"your-subject\" \/>\n<p>Remplissez les champs du formulaire suivant et nous vous r\u00e9pondrons dans les plus brefs d\u00e9lais. Merci beaucoup.\n<\/p>\n<p><label> Pr\u00e9nom*<br \/>\n<span class=\"wpcf7-form-control-wrap\" data-name=\"your-name\"><input size=\"40\" maxlength=\"400\" class=\"wpcf7-form-control wpcf7-text wpcf7-validates-as-required\" aria-required=\"true\" aria-invalid=\"false\" value=\"\" type=\"text\" name=\"your-name\" \/><\/span> <\/label>\n<\/p>\n<p><label> Nom*<br \/>\n<span class=\"wpcf7-form-control-wrap\" data-name=\"your-surname\"><input size=\"40\" maxlength=\"400\" class=\"wpcf7-form-control wpcf7-text wpcf7-validates-as-required\" aria-required=\"true\" aria-invalid=\"false\" value=\"\" type=\"text\" name=\"your-surname\" \/><\/span> <\/label>\n<\/p>\n<p><label> Adresse e-mail*<br \/>\n<span class=\"wpcf7-form-control-wrap\" data-name=\"your-email\"><input size=\"40\" maxlength=\"400\" class=\"wpcf7-form-control wpcf7-email wpcf7-validates-as-required wpcf7-text wpcf7-validates-as-email\" aria-required=\"true\" aria-invalid=\"false\" value=\"\" type=\"email\" name=\"your-email\" \/><\/span> <\/label>\n<\/p>\n<p><label> T\u00e9l\u00e9phone<br \/>\n<span class=\"wpcf7-form-control-wrap\" data-name=\"your-phone\"><input size=\"40\" maxlength=\"400\" class=\"wpcf7-form-control wpcf7-tel wpcf7-text wpcf7-validates-as-tel\" aria-invalid=\"false\" value=\"\" type=\"tel\" name=\"your-phone\" \/><\/span> <\/label>\n<\/p>\n<p><label> Question*<br \/>\n<span class=\"wpcf7-form-control-wrap\" data-name=\"your-message\"><textarea cols=\"40\" rows=\"10\" maxlength=\"2000\" class=\"wpcf7-form-control wpcf7-textarea wpcf7-validates-as-required\" aria-required=\"true\" aria-invalid=\"false\" name=\"your-message\"><\/textarea><\/span> <\/label>\n<\/p>\n<p><small><strong>Informations g\u00e9n\u00e9rales sur la protection des donn\u00e9es<\/strong><br \/>\nZFoam, S.L. immatricul\u00e9e sous le num\u00e9ro B50525187, Zone industrielle \u00ab Alfajar\u00edn \u00bb - Parcela 10, 50172, Saragosse, joignable par t\u00e9l\u00e9phone au 976 79 06 40 et par courriel \u00e0 l'adresse administracion@zfoam.com en tant que responsable du traitement, vous informe que vos donn\u00e9es seront trait\u00e9es dans le but de g\u00e9rer la relation commerciale potentielle entre les parties, de r\u00e9pondre \u00e0 vos demandes et de vous envoyer des informations sur nos produits ou services. \u00c0 tout moment, vous pouvez exercer les droits reconnus aux articles 15 \u00e0 22 du RGPD, \u00e0 savoir le droit d\u2019acc\u00e8s, de rectification, d\u2019effacement, d\u2019opposition, de portabilit\u00e9, de limitation, ainsi que le droit de ne pas faire l\u2019objet de d\u00e9cisions individuelles automatis\u00e9es, le cas \u00e9ch\u00e9ant, en envoyant un courriel \u00e0 administracion@zfoam.com ou par courrier postal \u00e0 Pol. Ind. \u00ab Alfajar\u00edn \u00bb - Parcela 10, 50172, Saragosse. Vous pouvez \u00e9galement contacter notre d\u00e9l\u00e9gu\u00e9 \u00e0 la protection des donn\u00e9es \u00e0 l'adresse administracion@zfoam.com. Vous pouvez consulter les informations suppl\u00e9mentaires et d\u00e9taill\u00e9es concernant notre politique de confidentialit\u00e9 sur https:\/\/www.zfoam.com\/.<\/small>\n<\/p>\n<p><span class=\"wpcf7-form-control-wrap\" data-name=\"acceptance-58\"><span class=\"wpcf7-form-control wpcf7-acceptance\"><span class=\"wpcf7-list-item\"><label><input type=\"checkbox\" name=\"acceptance-58\" value=\"1\" aria-invalid=\"false\" \/><span class=\"wpcf7-list-item-label\">Je d\u00e9clare avoir pris connaissance des informations fournies et j'accepte le traitement de mes donn\u00e9es \u00e0 caract\u00e8re personnel. <a href=\"https:\/\/www.zfoam.com\/fr\/politique-de-confidentialite\/\" target=\"_blank\"> Politique de confidentialit\u00e9.<\/a><\/span><\/label><\/span><\/span><\/span>\n<\/p>\n<p><span class=\"wpcf7-form-control-wrap\" data-name=\"your-acceptance-marketing\"><span class=\"wpcf7-form-control wpcf7-acceptance optional\"><span class=\"wpcf7-list-item\"><label><input type=\"checkbox\" name=\"your-acceptance-marketing\" value=\"1\" aria-invalid=\"false\" \/><span class=\"wpcf7-list-item-label\">J'autorise l'envoi de communications d'information concernant les activit\u00e9s, les produits ou les services par courrier postal, par courrier \u00e9lectronique ou par tout autre moyen \u00e9lectronique \u00e9quivalent.<\/span><\/label><\/span><\/span><\/span>\n<\/p>\n<p><input class=\"wpcf7-form-control wpcf7-submit has-spinner\" type=\"submit\" value=\"Envoyer\" \/>\n<\/p><div class=\"inv-recaptcha-holder\"><\/div><div class=\"fusion-alert alert custom alert-custom fusion-alert-center wpcf7-response-output fusion-alert-capitalize alert-dismissable\" style=\"border-width:1px;\"><button type=\"button\" class=\"close toggle-alert\" data-dismiss=\"alert\" aria-hidden=\"true\">&times;<\/button><div class=\"fusion-alert-content-wrapper\"><span class=\"fusion-alert-content\"><\/span><\/div><\/div>\n<\/form>\n<\/div>\n<div class=\"fusion-clearfix\"><\/div><\/div><\/div><\/div><\/div><\/p>\n","protected":false},"excerpt":{"rendered":"","protected":false},"author":1,"featured_media":0,"parent":0,"menu_order":0,"comment_status":"closed","ping_status":"closed","template":"100-width.php","meta":{"footnotes":""},"class_list":["post-4347","page","type-page","status-publish","hentry"],"yoast_head":"<!-- This site is optimized with the Yoast SEO plugin v27.2 - https:\/\/yoast.com\/product\/yoast-seo-wordpress\/ -->\n<title>CONTACT - ZFoam<\/title>\n<meta name=\"robots\" content=\"index, follow, max-snippet:-1, max-image-preview:large, max-video-preview:-1\" \/>\n<link rel=\"canonical\" href=\"https:\/\/www.zfoam.com\/fr\/contact\/\" \/>\n<meta property=\"og:locale\" content=\"fr_FR\" \/>\n<meta property=\"og:type\" content=\"article\" \/>\n<meta property=\"og:title\" content=\"CONTACT - ZFoam\" \/>\n<meta property=\"og:url\" content=\"https:\/\/www.zfoam.com\/fr\/contact\/\" \/>\n<meta property=\"og:site_name\" content=\"ZFoam\" \/>\n<meta property=\"article:modified_time\" content=\"2022-11-18T13:08:30+00:00\" \/>\n<meta name=\"twitter:card\" content=\"summary_large_image\" \/>\n<meta name=\"twitter:label1\" content=\"Dur\u00e9e de lecture estim\u00e9e\" \/>\n\t<meta name=\"twitter:data1\" content=\"4 minutes\" \/>\n<script type=\"application\/ld+json\" class=\"yoast-schema-graph\">{\"@context\":\"https:\/\/schema.org\",\"@graph\":[{\"@type\":\"WebPage\",\"@id\":\"https:\/\/www.zfoam.com\/fr\/contact\/\",\"url\":\"https:\/\/www.zfoam.com\/fr\/contact\/\",\"name\":\"CONTACT - ZFoam\",\"isPartOf\":{\"@id\":\"https:\/\/www.zfoam.com\/#website\"},\"datePublished\":\"2020-01-26T09:39:43+00:00\",\"dateModified\":\"2022-11-18T13:08:30+00:00\",\"breadcrumb\":{\"@id\":\"https:\/\/www.zfoam.com\/fr\/contact\/#breadcrumb\"},\"inLanguage\":\"fr-FR\",\"potentialAction\":[{\"@type\":\"ReadAction\",\"target\":[\"https:\/\/www.zfoam.com\/fr\/contact\/\"]}]},{\"@type\":\"BreadcrumbList\",\"@id\":\"https:\/\/www.zfoam.com\/fr\/contact\/#breadcrumb\",\"itemListElement\":[{\"@type\":\"ListItem\",\"position\":1,\"name\":\"Portada\",\"item\":\"https:\/\/www.zfoam.com\/fr\/\"},{\"@type\":\"ListItem\",\"position\":2,\"name\":\"CONTACT\"}]},{\"@type\":\"WebSite\",\"@id\":\"https:\/\/www.zfoam.com\/#website\",\"url\":\"https:\/\/www.zfoam.com\/\",\"name\":\"ZFoam\",\"description\":\"Fabricante de espumas\",\"publisher\":{\"@id\":\"https:\/\/www.zfoam.com\/#organization\"},\"potentialAction\":[{\"@type\":\"SearchAction\",\"target\":{\"@type\":\"EntryPoint\",\"urlTemplate\":\"https:\/\/www.zfoam.com\/?s={search_term_string}\"},\"query-input\":{\"@type\":\"PropertyValueSpecification\",\"valueRequired\":true,\"valueName\":\"search_term_string\"}}],\"inLanguage\":\"fr-FR\"},{\"@type\":\"Organization\",\"@id\":\"https:\/\/www.zfoam.com\/#organization\",\"name\":\"ZFoam\",\"url\":\"https:\/\/www.zfoam.com\/\",\"logo\":{\"@type\":\"ImageObject\",\"inLanguage\":\"fr-FR\",\"@id\":\"https:\/\/www.zfoam.com\/#\/schema\/logo\/image\/\",\"url\":\"https:\/\/www.zfoam.com\/wp-content\/uploads\/2017\/05\/logo_zfoam_25.png\",\"contentUrl\":\"https:\/\/www.zfoam.com\/wp-content\/uploads\/2017\/05\/logo_zfoam_25.png\",\"width\":220,\"height\":51,\"caption\":\"ZFoam\"},\"image\":{\"@id\":\"https:\/\/www.zfoam.com\/#\/schema\/logo\/image\/\"}}]}<\/script>\n<!-- \/ Yoast SEO plugin. -->","yoast_head_json":{"title":"CONTACT - ZFoam","robots":{"index":"index","follow":"follow","max-snippet":"max-snippet:-1","max-image-preview":"max-image-preview:large","max-video-preview":"max-video-preview:-1"},"canonical":"https:\/\/www.zfoam.com\/fr\/contact\/","og_locale":"fr_FR","og_type":"article","og_title":"CONTACT - ZFoam","og_url":"https:\/\/www.zfoam.com\/fr\/contact\/","og_site_name":"ZFoam","article_modified_time":"2022-11-18T13:08:30+00:00","twitter_card":"summary_large_image","twitter_misc":{"Dur\u00e9e de lecture estim\u00e9e":"4 minutes"},"schema":{"@context":"https:\/\/schema.org","@graph":[{"@type":"WebPage","@id":"https:\/\/www.zfoam.com\/fr\/contact\/","url":"https:\/\/www.zfoam.com\/fr\/contact\/","name":"CONTACT - ZFoam","isPartOf":{"@id":"https:\/\/www.zfoam.com\/#website"},"datePublished":"2020-01-26T09:39:43+00:00","dateModified":"2022-11-18T13:08:30+00:00","breadcrumb":{"@id":"https:\/\/www.zfoam.com\/fr\/contact\/#breadcrumb"},"inLanguage":"fr-FR","potentialAction":[{"@type":"ReadAction","target":["https:\/\/www.zfoam.com\/fr\/contact\/"]}]},{"@type":"BreadcrumbList","@id":"https:\/\/www.zfoam.com\/fr\/contact\/#breadcrumb","itemListElement":[{"@type":"ListItem","position":1,"name":"Portada","item":"https:\/\/www.zfoam.com\/fr\/"},{"@type":"ListItem","position":2,"name":"CONTACT"}]},{"@type":"WebSite","@id":"https:\/\/www.zfoam.com\/#website","url":"https:\/\/www.zfoam.com\/","name":"ZFoam","description":"Fabricante de espumas","publisher":{"@id":"https:\/\/www.zfoam.com\/#organization"},"potentialAction":[{"@type":"SearchAction","target":{"@type":"EntryPoint","urlTemplate":"https:\/\/www.zfoam.com\/?s={search_term_string}"},"query-input":{"@type":"PropertyValueSpecification","valueRequired":true,"valueName":"search_term_string"}}],"inLanguage":"fr-FR"},{"@type":"Organization","@id":"https:\/\/www.zfoam.com\/#organization","name":"ZFoam","url":"https:\/\/www.zfoam.com\/","logo":{"@type":"ImageObject","inLanguage":"fr-FR","@id":"https:\/\/www.zfoam.com\/#\/schema\/logo\/image\/","url":"https:\/\/www.zfoam.com\/wp-content\/uploads\/2017\/05\/logo_zfoam_25.png","contentUrl":"https:\/\/www.zfoam.com\/wp-content\/uploads\/2017\/05\/logo_zfoam_25.png","width":220,"height":51,"caption":"ZFoam"},"image":{"@id":"https:\/\/www.zfoam.com\/#\/schema\/logo\/image\/"}}]}},"_links":{"self":[{"href":"https:\/\/www.zfoam.com\/fr\/wp-json\/wp\/v2\/pages\/4347","targetHints":{"allow":["GET"]}}],"collection":[{"href":"https:\/\/www.zfoam.com\/fr\/wp-json\/wp\/v2\/pages"}],"about":[{"href":"https:\/\/www.zfoam.com\/fr\/wp-json\/wp\/v2\/types\/page"}],"author":[{"embeddable":true,"href":"https:\/\/www.zfoam.com\/fr\/wp-json\/wp\/v2\/users\/1"}],"replies":[{"embeddable":true,"href":"https:\/\/www.zfoam.com\/fr\/wp-json\/wp\/v2\/comments?post=4347"}],"version-history":[{"count":10,"href":"https:\/\/www.zfoam.com\/fr\/wp-json\/wp\/v2\/pages\/4347\/revisions"}],"predecessor-version":[{"id":8706,"href":"https:\/\/www.zfoam.com\/fr\/wp-json\/wp\/v2\/pages\/4347\/revisions\/8706"}],"wp:attachment":[{"href":"https:\/\/www.zfoam.com\/fr\/wp-json\/wp\/v2\/media?parent=4347"}],"curies":[{"name":"wp","href":"https:\/\/api.w.org\/{rel}","templated":true}]}}