{"id":8982,"date":"2023-05-15T10:53:01","date_gmt":"2023-05-15T08:53:01","guid":{"rendered":"https:\/\/www.zfoam.com\/?page_id=8982"},"modified":"2023-05-15T12:33:04","modified_gmt":"2023-05-15T10:33:04","slug":"fabrication","status":"publish","type":"page","link":"https:\/\/www.zfoam.com\/fr\/mousses-ecologiques\/fabrication\/","title":{"rendered":"Fabrication"},"content":{"rendered":"<p><div class=\"fusion-fullwidth fullwidth-box fusion-builder-row-1 nonhundred-percent-fullwidth non-hundred-percent-height-scrolling fusion-equal-height-columns\" style=\"background-color: #419e49;background-position: center center;background-repeat: no-repeat;padding-top:27px;padding-right:0px;padding-bottom:0px;padding-left:0px;margin-bottom: 0px;margin-top: 0px;border-width: 0px 0px 0px 0px;border-color:#eae9e9;border-style:solid;\" ><div class=\"fusion-builder-row fusion-row\"><div class=\"fusion-layout-column fusion_builder_column fusion-builder-column-0 fusion_builder_column_1_1 1_1 fusion-one-full fusion-column-first fusion-column-last\" style=\"margin-top:0px;margin-bottom:20px;\"><div class=\"fusion-column-wrapper fusion-flex-column-wrapper-legacy\" style=\"background-position:left top;background-repeat:no-repeat;-webkit-background-size:cover;-moz-background-size:cover;-o-background-size:cover;background-size:cover;padding: 0px 0px 0px 0px;\"><div class=\"imageframe-align-center\"><span class=\" fusion-imageframe imageframe-none imageframe-1 hover-type-none\" style=\"width:100%;max-width:280px;\"><a class=\"fusion-no-lightbox\" href=\"https:\/\/www.zfoam.com\/zfoam-eco\/\" target=\"_self\" aria-label=\"zfoam-eco-icono\"><img decoding=\"async\" width=\"300\" height=\"146\" src=\"https:\/\/www.zfoam.com\/wp-content\/uploads\/2023\/03\/zfoam-eco-icono-300x146.png\" class=\"img-responsive wp-image-8974\" srcset=\"https:\/\/www.zfoam.com\/wp-content\/uploads\/2023\/03\/zfoam-eco-icono-200x97.png 200w, https:\/\/www.zfoam.com\/wp-content\/uploads\/2023\/03\/zfoam-eco-icono-400x194.png 400w, https:\/\/www.zfoam.com\/wp-content\/uploads\/2023\/03\/zfoam-eco-icono-600x291.png 600w, https:\/\/www.zfoam.com\/wp-content\/uploads\/2023\/03\/zfoam-eco-icono.png 700w\" sizes=\"(max-width: 800px) 100vw, 300px\" \/><\/a><\/span><\/div><div class=\"fusion-clearfix\"><\/div><\/div><\/div><\/div><\/div><div class=\"fusion-fullwidth fullwidth-box fusion-builder-row-2 nonhundred-percent-fullwidth non-hundred-percent-height-scrolling\" style=\"background-color: rgba(255,255,255,0);background-position: center center;background-repeat: no-repeat;padding-top:0px;padding-right:0px;padding-bottom:0px;padding-left:0px;margin-bottom: 0px;margin-top: 0px;border-width: 0px 0px 0px 0px;border-color:#eae9e9;border-style:solid;\" ><div class=\"fusion-builder-row fusion-row\"><div class=\"fusion-layout-column fusion_builder_column fusion-builder-column-1 fusion_builder_column_1_1 1_1 fusion-one-full fusion-column-first fusion-column-last\" style=\"margin-top:0px;margin-bottom:20px;\"><div class=\"fusion-column-wrapper fusion-flex-column-wrapper-legacy\" style=\"background-position:left top;background-repeat:no-repeat;-webkit-background-size:cover;-moz-background-size:cover;-o-background-size:cover;background-size:cover;padding: 0px 0px 0px 0px;\"><div class=\"fusion-text fusion-text-1\"><h1 style=\"text-align: center;\"><span style=\"color: #333399;\">Fabrication<\/span><\/h1>\n<\/div><div class=\"fusion-text fusion-text-2\"><p style=\"text-align: center; font-size: 14px;\"><span style=\"color: #333399;\"><strong>Quand faire plus avec moins est r\u00e9volutionnaire et bon pour la plan\u00e8te.<\/strong><br \/>\n<\/span><\/p>\n<\/div><div class=\"fusion-sep-clear\"><\/div><div class=\"fusion-separator\" style=\"margin-left: auto;margin-right: auto;margin-bottom:40px;width:100%;max-width:100px;\"><div class=\"fusion-separator-border sep-single sep-solid\" style=\"border-color:#333399;border-top-width:2px;\"><\/div><\/div><div class=\"fusion-sep-clear\"><\/div><div class=\"fusion-text fusion-text-3\"><p style=\"text-align: center; font-size: 14px;\">Nous sommes fermement convaincus que nous devons \u00eatre les premiers \u00e0 \u00eatre respectueux de l\u2019environnement, dans le cadre de notre propre syst\u00e8me de fabrication. C\u2019est pourquoi, chez ZFoam, nous avons r\u00e9alis\u00e9 des investissements importants pour r\u00e9duire notre consommation de ressources (\u00e9nergie et mati\u00e8res premi\u00e8res), ainsi que les \u00e9missions et les rejets que nous g\u00e9n\u00e9rons, au moyen d\u2019actions sp\u00e9cifiques :<\/p>\n<\/div><div class=\"fusion-clearfix\"><\/div><\/div><\/div><\/div><\/div><div class=\"fusion-fullwidth fullwidth-box fusion-builder-row-3 nonhundred-percent-fullwidth non-hundred-percent-height-scrolling\" style=\"background-color: rgba(255,255,255,0);background-position: center center;background-repeat: no-repeat;padding-top:19px;padding-right:0px;padding-bottom:0px;padding-left:0px;margin-bottom: 0px;margin-top: 0px;border-width: 0px 0px 0px 0px;border-color:#eae9e9;border-style:solid;\" ><div class=\"fusion-builder-row fusion-row\"><div class=\"fusion-layout-column fusion_builder_column fusion-builder-column-2 fusion_builder_column_1_2 1_2 fusion-one-half fusion-column-first\" style=\"width:50%;width:calc(50% - ( ( 4% ) * 0.5 ) );margin-right: 4%;margin-top:0px;margin-bottom:20px;\"><div class=\"fusion-column-wrapper fusion-flex-column-wrapper-legacy\" style=\"background-position:left top;background-repeat:no-repeat;-webkit-background-size:cover;-moz-background-size:cover;-o-background-size:cover;background-size:cover;border-width: 0 2px 0 0;border-color:#d9eefc;border-style:solid;padding: 0px 0px 0px 60px;\"><div class=\"imageframe-align-center\"><span class=\" fusion-imageframe imageframe-none imageframe-2 hover-type-none\" style=\"width:100%;max-width:450px;\"><img decoding=\"async\" width=\"1100\" height=\"850\" alt=\"Objetivos de Desarrollo Sostenible (ODS)\" title=\"Objetivos de Desarrollo Sostenible (ODS)\" src=\"https:\/\/www.zfoam.com\/wp-content\/uploads\/2022\/12\/Objetivos-de-Desarrollo-Sostenible-ODS-1.jpg\" class=\"img-responsive wp-image-8725\" srcset=\"https:\/\/www.zfoam.com\/wp-content\/uploads\/2022\/12\/Objetivos-de-Desarrollo-Sostenible-ODS-1-200x155.jpg 200w, https:\/\/www.zfoam.com\/wp-content\/uploads\/2022\/12\/Objetivos-de-Desarrollo-Sostenible-ODS-1-400x309.jpg 400w, https:\/\/www.zfoam.com\/wp-content\/uploads\/2022\/12\/Objetivos-de-Desarrollo-Sostenible-ODS-1-600x464.jpg 600w, https:\/\/www.zfoam.com\/wp-content\/uploads\/2022\/12\/Objetivos-de-Desarrollo-Sostenible-ODS-1-800x618.jpg 800w, https:\/\/www.zfoam.com\/wp-content\/uploads\/2022\/12\/Objetivos-de-Desarrollo-Sostenible-ODS-1.jpg 1100w\" sizes=\"(max-width: 800px) 100vw, 600px\" \/><\/span><\/div><div class=\"fusion-clearfix\"><\/div><\/div><\/div><div class=\"fusion-layout-column fusion_builder_column fusion-builder-column-3 fusion_builder_column_1_2 1_2 fusion-one-half fusion-column-last\" style=\"width:50%;width:calc(50% - ( ( 4% ) * 0.5 ) );margin-top:0px;margin-bottom:20px;\"><div class=\"fusion-column-wrapper fusion-flex-column-wrapper-legacy\" style=\"background-position:left top;background-repeat:no-repeat;-webkit-background-size:cover;-moz-background-size:cover;-o-background-size:cover;background-size:cover;padding: 0px 0px 0px 0px;\"><div class=\"fusion-text fusion-text-4\"><p style=\"text-align: left; font-size: 22px;\"><strong><span style=\"color: #333399;\">Quelles mesures avons-nous prises ?<\/span><\/strong><\/p>\n<\/div><ul class=\"fusion-checklist fusion-checklist-1 fusion-checklist-divider\" style=\"font-size:14px;line-height:23.8px;\"><li class=\"fusion-li-item\" style=\"border-bottom-color:#e0dede\"><span style=\"background-color:#333b90;font-size:12.32px;height:23.8px;width:23.8px;margin-right:9.8px;\" class=\"icon-wrapper circle-yes\"><i class=\"fusion-li-icon fa fa-check\" style=\"color:#ffffff;\" aria-hidden=\"true\"><\/i><\/span><div class=\"fusion-li-item-content\" style=\"margin-left:33.6px;\">\n<p><b>\u00c9clairage<\/b><\/p>\n<p><span style=\"font-weight: 400;\">Nous avons remplac\u00e9 tous les \u00e9clairages de l\u2019usine par des lampes LED, ce qui a permis de r\u00e9duire consid\u00e9rablement la consommation, tout en obtenant un meilleur \u00e9clairage, qui se traduit \u00e9galement par un plus grand confort pour notre \u00e9quipe.<\/span><\/p>\n<\/div><\/li><li class=\"fusion-li-item\" style=\"border-bottom-color:#e0dede\"><span style=\"background-color:#333b90;font-size:12.32px;height:23.8px;width:23.8px;margin-right:9.8px;\" class=\"icon-wrapper circle-yes\"><i class=\"fusion-li-icon fa fa-check\" style=\"color:#ffffff;\" aria-hidden=\"true\"><\/i><\/span><div class=\"fusion-li-item-content\" style=\"margin-left:33.6px;\">\n<p><b>Nous sommes engag\u00e9s dans l\u2019autoconsommation<\/b><\/p>\n<p><span style=\"font-weight: 400;\">Nous avons install\u00e9 une centrale photovolta\u00efque d\u2019autoconsommation, d\u2019une puissance totale install\u00e9e de 380 kW. Cela repr\u00e9sente une r\u00e9duction de 384 tonnes d\u2019\u00e9missions de CO2 par an, une \u00e9conomie de carbone \u00e9quivalente de 156 tonnes par an et la plantation de 21 024 arbres par an. Nous croyons en l\u2019utilisation de sources d\u2019\u00e9nergie propres comme une \u00e9vidence aujourd\u2019hui.<\/span><\/p>\n<\/div><\/li><li class=\"fusion-li-item\" style=\"border-bottom-color:#e0dede\"><span style=\"background-color:#333b90;font-size:12.32px;height:23.8px;width:23.8px;margin-right:9.8px;\" class=\"icon-wrapper circle-yes\"><i class=\"fusion-li-icon fa fa-check\" style=\"color:#ffffff;\" aria-hidden=\"true\"><\/i><\/span><div class=\"fusion-li-item-content\" style=\"margin-left:33.6px;\">\n<p><b>Des machines plus intelligentes et plus efficaces<\/b><\/p>\n<p><span style=\"font-weight: 400;\">Le moyen d\u2019optimiser au maximum nos processus de fabrication passe par l\u2019industrie 4.0 et par des machines plus modernes et plus efficaces, capables de contr\u00f4ler leur propre efficacit\u00e9 et de nombreuses autres variables. En plus de ces investissements, nous avons install\u00e9 des capteurs dans le reste de l\u2019\u00e9quipement afin de fournir un feedback constant sur ses performances, de r\u00e9duire la consommation d\u2019\u00e9nergie inefficace et de pr\u00e9voir les pannes \u00e9ventuelles.<\/span><\/p>\n<\/div><\/li><li class=\"fusion-li-item\" style=\"border-bottom-color:#e0dede\"><span style=\"background-color:#333b90;font-size:12.32px;height:23.8px;width:23.8px;margin-right:9.8px;\" class=\"icon-wrapper circle-yes\"><i class=\"fusion-li-icon fa fa-check\" style=\"color:#ffffff;\" aria-hidden=\"true\"><\/i><\/span><div class=\"fusion-li-item-content\" style=\"margin-left:33.6px;\">\n<p><b>Un traitement interne de nos propres d\u00e9chets<\/b><\/p>\n<p><span style=\"font-weight: 400;\">Nous traitons nos d\u00e9chets en interne afin de r\u00e9duire au maximum l\u2019impact que nous g\u00e9n\u00e9rons nous-m\u00eames, en atteignant des valeurs bien inf\u00e9rieures aux limites fix\u00e9es par la loi. <\/span><\/p>\n<\/div><\/li><\/ul><div class=\"fusion-clearfix\"><\/div><\/div><\/div><\/div><\/div><div class=\"fusion-fullwidth fullwidth-box fusion-builder-row-4 nonhundred-percent-fullwidth non-hundred-percent-height-scrolling\" style=\"background-color: rgba(255,255,255,0);background-position: center center;background-repeat: no-repeat;padding-top:0px;padding-right:0px;padding-bottom:0px;padding-left:0px;margin-bottom: 0px;margin-top: 0px;border-width: 0px 0px 0px 0px;border-color:#eae9e9;border-style:solid;\" ><div class=\"fusion-builder-row fusion-row\"><div class=\"fusion-layout-column fusion_builder_column fusion-builder-column-4 fusion_builder_column_1_1 1_1 fusion-one-full fusion-column-first fusion-column-last\" style=\"margin-top:0px;margin-bottom:20px;\"><div class=\"fusion-column-wrapper fusion-flex-column-wrapper-legacy\" style=\"background-position:left top;background-repeat:no-repeat;-webkit-background-size:cover;-moz-background-size:cover;-o-background-size:cover;background-size:cover;padding: 0px 0px 0px 0px;\"><div class=\"fusion-sep-clear\"><\/div><div class=\"fusion-separator\" style=\"margin-left: auto;margin-right: auto;margin-bottom:40px;width:100%;max-width:100px;\"><div class=\"fusion-separator-border sep-single sep-solid\" style=\"border-color:#333399;border-top-width:2px;\"><\/div><\/div><div class=\"fusion-sep-clear\"><\/div><div class=\"fusion-text fusion-text-5\"><p style=\"text-align: center; font-size: 14px;\"><span style=\"font-weight: 400;\">Toutes ces actions, et bien d\u2019autres que nous mettrons en \u0153uvre, visent \u00e0 assurer une fabrication propre et durable de nos produits ECO, conform\u00e9ment \u00e0 l\u2019objectif de d\u00e9veloppement durable num\u00e9ro 12 fix\u00e9 par les Nations Unies (Production responsable) et dans le but d\u2019\u00eatre une entreprise \u00ab Z\u00e9ro D\u00e9chet \u00bb.<\/span><\/p>\n<\/div><div class=\"fusion-clearfix\"><\/div><\/div><\/div><\/div><\/div><\/p>\n","protected":false},"excerpt":{"rendered":"","protected":false},"author":3,"featured_media":0,"parent":8963,"menu_order":0,"comment_status":"closed","ping_status":"closed","template":"100-width.php","meta":{"footnotes":""},"class_list":["post-8982","page","type-page","status-publish","hentry"],"yoast_head":"<!-- This site is optimized with the Yoast SEO plugin v27.2 - https:\/\/yoast.com\/product\/yoast-seo-wordpress\/ -->\n<title>Fabrication - ZFoam<\/title>\n<meta name=\"robots\" content=\"index, follow, max-snippet:-1, max-image-preview:large, max-video-preview:-1\" \/>\n<link rel=\"canonical\" href=\"https:\/\/www.zfoam.com\/fr\/mousses-ecologiques\/fabrication\/\" \/>\n<meta property=\"og:locale\" content=\"fr_FR\" \/>\n<meta property=\"og:type\" content=\"article\" \/>\n<meta property=\"og:title\" content=\"Fabrication - ZFoam\" \/>\n<meta property=\"og:url\" content=\"https:\/\/www.zfoam.com\/fr\/mousses-ecologiques\/fabrication\/\" \/>\n<meta property=\"og:site_name\" content=\"ZFoam\" \/>\n<meta property=\"article:modified_time\" content=\"2023-05-15T10:33:04+00:00\" \/>\n<meta name=\"twitter:card\" content=\"summary_large_image\" \/>\n<meta name=\"twitter:label1\" content=\"Dur\u00e9e de lecture estim\u00e9e\" \/>\n\t<meta name=\"twitter:data1\" content=\"12 minutes\" \/>\n<script type=\"application\/ld+json\" class=\"yoast-schema-graph\">{\"@context\":\"https:\/\/schema.org\",\"@graph\":[{\"@type\":\"WebPage\",\"@id\":\"https:\/\/www.zfoam.com\/fr\/mousses-ecologiques\/fabrication\/\",\"url\":\"https:\/\/www.zfoam.com\/fr\/mousses-ecologiques\/fabrication\/\",\"name\":\"Fabrication - ZFoam\",\"isPartOf\":{\"@id\":\"https:\/\/www.zfoam.com\/#website\"},\"datePublished\":\"2023-05-15T08:53:01+00:00\",\"dateModified\":\"2023-05-15T10:33:04+00:00\",\"breadcrumb\":{\"@id\":\"https:\/\/www.zfoam.com\/fr\/mousses-ecologiques\/fabrication\/#breadcrumb\"},\"inLanguage\":\"fr-FR\",\"potentialAction\":[{\"@type\":\"ReadAction\",\"target\":[\"https:\/\/www.zfoam.com\/fr\/mousses-ecologiques\/fabrication\/\"]}]},{\"@type\":\"BreadcrumbList\",\"@id\":\"https:\/\/www.zfoam.com\/fr\/mousses-ecologiques\/fabrication\/#breadcrumb\",\"itemListElement\":[{\"@type\":\"ListItem\",\"position\":1,\"name\":\"Portada\",\"item\":\"https:\/\/www.zfoam.com\/fr\/\"},{\"@type\":\"ListItem\",\"position\":2,\"name\":\"Mousses \u00e9cologiques\",\"item\":\"https:\/\/www.zfoam.com\/fr\/mousses-ecologiques\/\"},{\"@type\":\"ListItem\",\"position\":3,\"name\":\"Fabrication\"}]},{\"@type\":\"WebSite\",\"@id\":\"https:\/\/www.zfoam.com\/#website\",\"url\":\"https:\/\/www.zfoam.com\/\",\"name\":\"ZFoam\",\"description\":\"Fabricante de espumas\",\"publisher\":{\"@id\":\"https:\/\/www.zfoam.com\/#organization\"},\"potentialAction\":[{\"@type\":\"SearchAction\",\"target\":{\"@type\":\"EntryPoint\",\"urlTemplate\":\"https:\/\/www.zfoam.com\/?s={search_term_string}\"},\"query-input\":{\"@type\":\"PropertyValueSpecification\",\"valueRequired\":true,\"valueName\":\"search_term_string\"}}],\"inLanguage\":\"fr-FR\"},{\"@type\":\"Organization\",\"@id\":\"https:\/\/www.zfoam.com\/#organization\",\"name\":\"ZFoam\",\"url\":\"https:\/\/www.zfoam.com\/\",\"logo\":{\"@type\":\"ImageObject\",\"inLanguage\":\"fr-FR\",\"@id\":\"https:\/\/www.zfoam.com\/#\/schema\/logo\/image\/\",\"url\":\"https:\/\/www.zfoam.com\/wp-content\/uploads\/2017\/05\/logo_zfoam_25.png\",\"contentUrl\":\"https:\/\/www.zfoam.com\/wp-content\/uploads\/2017\/05\/logo_zfoam_25.png\",\"width\":220,\"height\":51,\"caption\":\"ZFoam\"},\"image\":{\"@id\":\"https:\/\/www.zfoam.com\/#\/schema\/logo\/image\/\"}}]}<\/script>\n<!-- \/ Yoast SEO plugin. -->","yoast_head_json":{"title":"Fabrication - ZFoam","robots":{"index":"index","follow":"follow","max-snippet":"max-snippet:-1","max-image-preview":"max-image-preview:large","max-video-preview":"max-video-preview:-1"},"canonical":"https:\/\/www.zfoam.com\/fr\/mousses-ecologiques\/fabrication\/","og_locale":"fr_FR","og_type":"article","og_title":"Fabrication - ZFoam","og_url":"https:\/\/www.zfoam.com\/fr\/mousses-ecologiques\/fabrication\/","og_site_name":"ZFoam","article_modified_time":"2023-05-15T10:33:04+00:00","twitter_card":"summary_large_image","twitter_misc":{"Dur\u00e9e de lecture estim\u00e9e":"12 minutes"},"schema":{"@context":"https:\/\/schema.org","@graph":[{"@type":"WebPage","@id":"https:\/\/www.zfoam.com\/fr\/mousses-ecologiques\/fabrication\/","url":"https:\/\/www.zfoam.com\/fr\/mousses-ecologiques\/fabrication\/","name":"Fabrication - ZFoam","isPartOf":{"@id":"https:\/\/www.zfoam.com\/#website"},"datePublished":"2023-05-15T08:53:01+00:00","dateModified":"2023-05-15T10:33:04+00:00","breadcrumb":{"@id":"https:\/\/www.zfoam.com\/fr\/mousses-ecologiques\/fabrication\/#breadcrumb"},"inLanguage":"fr-FR","potentialAction":[{"@type":"ReadAction","target":["https:\/\/www.zfoam.com\/fr\/mousses-ecologiques\/fabrication\/"]}]},{"@type":"BreadcrumbList","@id":"https:\/\/www.zfoam.com\/fr\/mousses-ecologiques\/fabrication\/#breadcrumb","itemListElement":[{"@type":"ListItem","position":1,"name":"Portada","item":"https:\/\/www.zfoam.com\/fr\/"},{"@type":"ListItem","position":2,"name":"Mousses \u00e9cologiques","item":"https:\/\/www.zfoam.com\/fr\/mousses-ecologiques\/"},{"@type":"ListItem","position":3,"name":"Fabrication"}]},{"@type":"WebSite","@id":"https:\/\/www.zfoam.com\/#website","url":"https:\/\/www.zfoam.com\/","name":"ZFoam","description":"Fabricante de espumas","publisher":{"@id":"https:\/\/www.zfoam.com\/#organization"},"potentialAction":[{"@type":"SearchAction","target":{"@type":"EntryPoint","urlTemplate":"https:\/\/www.zfoam.com\/?s={search_term_string}"},"query-input":{"@type":"PropertyValueSpecification","valueRequired":true,"valueName":"search_term_string"}}],"inLanguage":"fr-FR"},{"@type":"Organization","@id":"https:\/\/www.zfoam.com\/#organization","name":"ZFoam","url":"https:\/\/www.zfoam.com\/","logo":{"@type":"ImageObject","inLanguage":"fr-FR","@id":"https:\/\/www.zfoam.com\/#\/schema\/logo\/image\/","url":"https:\/\/www.zfoam.com\/wp-content\/uploads\/2017\/05\/logo_zfoam_25.png","contentUrl":"https:\/\/www.zfoam.com\/wp-content\/uploads\/2017\/05\/logo_zfoam_25.png","width":220,"height":51,"caption":"ZFoam"},"image":{"@id":"https:\/\/www.zfoam.com\/#\/schema\/logo\/image\/"}}]}},"_links":{"self":[{"href":"https:\/\/www.zfoam.com\/fr\/wp-json\/wp\/v2\/pages\/8982","targetHints":{"allow":["GET"]}}],"collection":[{"href":"https:\/\/www.zfoam.com\/fr\/wp-json\/wp\/v2\/pages"}],"about":[{"href":"https:\/\/www.zfoam.com\/fr\/wp-json\/wp\/v2\/types\/page"}],"author":[{"embeddable":true,"href":"https:\/\/www.zfoam.com\/fr\/wp-json\/wp\/v2\/users\/3"}],"replies":[{"embeddable":true,"href":"https:\/\/www.zfoam.com\/fr\/wp-json\/wp\/v2\/comments?post=8982"}],"version-history":[{"count":5,"href":"https:\/\/www.zfoam.com\/fr\/wp-json\/wp\/v2\/pages\/8982\/revisions"}],"predecessor-version":[{"id":9385,"href":"https:\/\/www.zfoam.com\/fr\/wp-json\/wp\/v2\/pages\/8982\/revisions\/9385"}],"up":[{"embeddable":true,"href":"https:\/\/www.zfoam.com\/fr\/wp-json\/wp\/v2\/pages\/8963"}],"wp:attachment":[{"href":"https:\/\/www.zfoam.com\/fr\/wp-json\/wp\/v2\/media?parent=8982"}],"curies":[{"name":"wp","href":"https:\/\/api.w.org\/{rel}","templated":true}]}}