{"id":8996,"date":"2023-05-15T12:51:29","date_gmt":"2023-05-15T10:51:29","guid":{"rendered":"https:\/\/www.zfoam.com\/?page_id=8996"},"modified":"2023-05-15T12:51:29","modified_gmt":"2023-05-15T10:51:29","slug":"applications","status":"publish","type":"page","link":"https:\/\/www.zfoam.com\/fr\/mousses-ecologiques\/applications\/","title":{"rendered":"Applications"},"content":{"rendered":"<p><div class=\"fusion-fullwidth fullwidth-box fusion-builder-row-1 nonhundred-percent-fullwidth non-hundred-percent-height-scrolling fusion-equal-height-columns\" style=\"background-color: #419e49;background-position: center center;background-repeat: no-repeat;padding-top:27px;padding-right:0px;padding-bottom:0px;padding-left:0px;margin-bottom: 0px;margin-top: 0px;border-width: 0px 0px 0px 0px;border-color:#eae9e9;border-style:solid;\" ><div class=\"fusion-builder-row fusion-row\"><div class=\"fusion-layout-column fusion_builder_column fusion-builder-column-0 fusion_builder_column_1_1 1_1 fusion-one-full fusion-column-first fusion-column-last\" style=\"margin-top:0px;margin-bottom:20px;\"><div class=\"fusion-column-wrapper fusion-flex-column-wrapper-legacy\" style=\"background-position:left top;background-repeat:no-repeat;-webkit-background-size:cover;-moz-background-size:cover;-o-background-size:cover;background-size:cover;padding: 0px 0px 0px 0px;\"><div class=\"imageframe-align-center\"><span class=\" fusion-imageframe imageframe-none imageframe-1 hover-type-none\" style=\"width:100%;max-width:280px;\"><a class=\"fusion-no-lightbox\" href=\"https:\/\/www.zfoam.com\/zfoam-eco\/\" target=\"_self\" aria-label=\"zfoam-eco-icono\"><img decoding=\"async\" width=\"300\" height=\"146\" src=\"https:\/\/www.zfoam.com\/wp-content\/uploads\/2023\/03\/zfoam-eco-icono-300x146.png\" class=\"img-responsive wp-image-8974\" srcset=\"https:\/\/www.zfoam.com\/wp-content\/uploads\/2023\/03\/zfoam-eco-icono-200x97.png 200w, https:\/\/www.zfoam.com\/wp-content\/uploads\/2023\/03\/zfoam-eco-icono-400x194.png 400w, https:\/\/www.zfoam.com\/wp-content\/uploads\/2023\/03\/zfoam-eco-icono-600x291.png 600w, https:\/\/www.zfoam.com\/wp-content\/uploads\/2023\/03\/zfoam-eco-icono.png 700w\" sizes=\"(max-width: 800px) 100vw, 300px\" \/><\/a><\/span><\/div><div class=\"fusion-clearfix\"><\/div><\/div><\/div><\/div><\/div><div class=\"fusion-fullwidth fullwidth-box fusion-builder-row-2 nonhundred-percent-fullwidth non-hundred-percent-height-scrolling\" style=\"background-color: rgba(255,255,255,0);background-position: center center;background-repeat: no-repeat;padding-top:0px;padding-right:0px;padding-bottom:0px;padding-left:0px;margin-bottom: 0px;margin-top: 0px;border-width: 0px 0px 0px 0px;border-color:#eae9e9;border-style:solid;\" ><div class=\"fusion-builder-row fusion-row\"><div class=\"fusion-layout-column fusion_builder_column fusion-builder-column-1 fusion_builder_column_1_1 1_1 fusion-one-full fusion-column-first fusion-column-last\" style=\"margin-top:0px;margin-bottom:20px;\"><div class=\"fusion-column-wrapper fusion-flex-column-wrapper-legacy\" style=\"background-position:left top;background-repeat:no-repeat;-webkit-background-size:cover;-moz-background-size:cover;-o-background-size:cover;background-size:cover;padding: 0px 0px 0px 0px;\"><div class=\"fusion-text fusion-text-1\"><h1 style=\"text-align: center;\"><span style=\"color: #333399;\">Applications<\/span><\/h1>\n<\/div><div class=\"fusion-text fusion-text-2\"><h4 style=\"text-align: center; font-size: 14px;\"><span style=\"color: #333399;\"><b>Obtenez les mousses les plus performantes pour votre entreprise et respectez l\u2019environnement avec ZFoam ECO<\/b><\/span><\/h4>\n<\/div><div class=\"fusion-sep-clear\"><\/div><div class=\"fusion-separator\" style=\"margin-left: auto;margin-right: auto;margin-bottom:40px;width:100%;max-width:100px;\"><div class=\"fusion-separator-border sep-single sep-solid\" style=\"border-color:#333399;border-top-width:2px;\"><\/div><\/div><div class=\"fusion-sep-clear\"><\/div><div class=\"fusion-text fusion-text-3\"><p style=\"text-align: center; font-size: 14px;\"><span style=\"font-weight: 400;\">La transition des mousses traditionnelles vers les mousses ECO est in\u00e9luctable. Un nombre croissant de mousses durables remplissent les m\u00eames fonctions que leurs homologues \u00e0 base de p\u00e9trole. Tous ces produits n\u2019ont pas d\u2019impact n\u00e9gatif sur l\u2019environnement et sont facilement r\u00e9utilisables.<\/span><\/p>\n<\/div><div class=\"fusion-sep-clear\"><\/div><div class=\"fusion-separator\" style=\"margin-left: auto;margin-right: auto;margin-bottom:40px;width:100%;max-width:100px;\"><div class=\"fusion-separator-border sep-single sep-solid\" style=\"border-color:#333399;border-top-width:2px;\"><\/div><\/div><div class=\"fusion-sep-clear\"><\/div><div class=\"fusion-text fusion-text-4\"><h4 style=\"text-align: center; font-size: 14px;\"><span style=\"color: #333399;\"><b>Nous vous pr\u00e9sentons quelques exemples d\u2019applications de ces mousses durables <\/b><\/span><span style=\"color: #333399;\"><b> dans des secteurs aussi vari\u00e9s que l\u2019emballage, l\u2019industrie ou le sport. <\/b><\/span><\/h4>\n<\/div><div class=\"fusion-clearfix\"><\/div><\/div><\/div><\/div><\/div><div class=\"fusion-fullwidth fullwidth-box fusion-builder-row-3 fusion-flex-container nonhundred-percent-fullwidth non-hundred-percent-height-scrolling\" style=\"background-color: rgba(255,255,255,0);background-position: center center;background-repeat: no-repeat;border-width: 0px 0px 0px 0px;border-color:#eae9e9;border-style:solid;\" ><div class=\"fusion-builder-row fusion-row fusion-flex-align-items-flex-start\" style=\"max-width:1144px;margin-left: calc(-4% \/ 2 );margin-right: calc(-4% \/ 2 );\"><div class=\"fusion-layout-column fusion_builder_column fusion-builder-column-2 fusion_builder_column_1_1 1_1 fusion-flex-column\"><div class=\"fusion-column-wrapper fusion-flex-justify-content-flex-start fusion-content-layout-column\" style=\"background-position:left top;background-repeat:no-repeat;-webkit-background-size:cover;-moz-background-size:cover;-o-background-size:cover;background-size:cover;padding: 0px 0px 0px 0px;\"><style type=\"text\/css\">.fusion-gallery-1 .fusion-gallery-image {border:0px solid #f6f6f6;}<\/style><div class=\"fusion-gallery fusion-gallery-container fusion-grid-3 fusion-columns-total-9 fusion-gallery-layout-grid fusion-gallery-1\" style=\"margin:-5px;\"><div style=\"padding:5px;\" class=\"fusion-grid-column fusion-gallery-column fusion-gallery-column-3 hover-type-zoomin\"><div class=\"fusion-gallery-image\"><a href=\"https:\/\/www.zfoam.com\/wp-content\/uploads\/2023\/04\/ZFoam-21-scaled.jpg\" rel=\"noreferrer\" data-rel=\"iLightbox[gallery_image_1]\" class=\"fusion-lightbox\" target=\"_self\"><img decoding=\"async\" src=\"https:\/\/www.zfoam.com\/wp-content\/uploads\/2023\/04\/ZFoam-21-scaled.jpg\" width=\"442\" height=\"295\" alt=\"Espuma ECO\" title=\"ZFoam 21\" aria-label=\"ZFoam 21\" class=\"img-responsive wp-image-9122 fusion-gallery-image-size-fixed\" srcset=\"https:\/\/www.zfoam.com\/wp-content\/uploads\/2023\/04\/ZFoam-21-300x200.jpg 300w, https:\/\/www.zfoam.com\/wp-content\/uploads\/2023\/04\/ZFoam-21-768x512.jpg 768w, https:\/\/www.zfoam.com\/wp-content\/uploads\/2023\/04\/ZFoam-21-1024x683.jpg 1024w, https:\/\/www.zfoam.com\/wp-content\/uploads\/2023\/04\/ZFoam-21-scaled.jpg 2560w\" sizes=\"(max-width: 442px) 100vw, 442px\" \/><\/a><\/div><\/div><div style=\"padding:5px;\" class=\"fusion-grid-column fusion-gallery-column fusion-gallery-column-3 hover-type-zoomin\"><div class=\"fusion-gallery-image\"><a href=\"https:\/\/www.zfoam.com\/wp-content\/uploads\/2023\/04\/ZFoam-7-LJ45BIO-1.jpg\" rel=\"noreferrer\" data-rel=\"iLightbox[gallery_image_1]\" class=\"fusion-lightbox\" target=\"_self\"><img decoding=\"async\" src=\"https:\/\/www.zfoam.com\/wp-content\/uploads\/2023\/04\/ZFoam-7-LJ45BIO-1-460x295.jpg\" width=\"460\" height=\"295\" alt=\"Espuma \" title=\"ZFoam 7-LJ45BIO\" aria-label=\"ZFoam 7-LJ45BIO\" class=\"img-responsive wp-image-9126 fusion-gallery-image-size-fixed\" \/><\/a><\/div><\/div><div style=\"padding:5px;\" class=\"fusion-grid-column fusion-gallery-column fusion-gallery-column-3 hover-type-zoomin\"><div class=\"fusion-gallery-image\"><a href=\"https:\/\/www.zfoam.com\/wp-content\/uploads\/2023\/04\/ZFoam22.jpg\" rel=\"noreferrer\" data-rel=\"iLightbox[gallery_image_1]\" class=\"fusion-lightbox\" target=\"_self\"><img decoding=\"async\" src=\"https:\/\/www.zfoam.com\/wp-content\/uploads\/2023\/04\/ZFoam22-460x295.jpg\" width=\"460\" height=\"295\" alt=\"Espuma \" title=\"ZFoam22\" aria-label=\"ZFoam22\" class=\"img-responsive wp-image-9154 fusion-gallery-image-size-fixed\" \/><\/a><\/div><\/div><div class=\"clearfix\"><\/div><div style=\"padding:5px;\" class=\"fusion-grid-column fusion-gallery-column fusion-gallery-column-3 hover-type-zoomin\"><div class=\"fusion-gallery-image\"><a href=\"https:\/\/www.zfoam.com\/wp-content\/uploads\/2023\/04\/ZFoam-11.-LJ45BIO-1.jpg\" rel=\"noreferrer\" data-rel=\"iLightbox[gallery_image_1]\" class=\"fusion-lightbox\" target=\"_self\"><img decoding=\"async\" src=\"https:\/\/www.zfoam.com\/wp-content\/uploads\/2023\/04\/ZFoam-11.-LJ45BIO-1-460x295.jpg\" width=\"460\" height=\"295\" alt=\"Espuma ECO \" title=\"ZFoam 11. LJ45BIO\" aria-label=\"ZFoam 11. LJ45BIO\" class=\"img-responsive wp-image-9130 fusion-gallery-image-size-fixed\" \/><\/a><\/div><\/div><div style=\"padding:5px;\" class=\"fusion-grid-column fusion-gallery-column fusion-gallery-column-3 hover-type-zoomin\"><div class=\"fusion-gallery-image\"><a href=\"https:\/\/www.zfoam.com\/wp-content\/uploads\/2023\/04\/ZFoam-20.jpg\" rel=\"noreferrer\" data-rel=\"iLightbox[gallery_image_1]\" class=\"fusion-lightbox\" target=\"_self\"><img decoding=\"async\" src=\"https:\/\/www.zfoam.com\/wp-content\/uploads\/2023\/04\/ZFoam-20-460x295.jpg\" width=\"460\" height=\"295\" alt=\"Espuma ECO \" title=\"ZFoam 20\" aria-label=\"ZFoam 20\" class=\"img-responsive wp-image-9159 fusion-gallery-image-size-fixed\" \/><\/a><\/div><\/div><div style=\"padding:5px;\" class=\"fusion-grid-column fusion-gallery-column fusion-gallery-column-3 hover-type-zoomin\"><div class=\"fusion-gallery-image\"><a href=\"https:\/\/www.zfoam.com\/wp-content\/uploads\/2023\/04\/ZFoam-16-1.jpg\" rel=\"noreferrer\" data-rel=\"iLightbox[gallery_image_1]\" class=\"fusion-lightbox\" target=\"_self\"><img decoding=\"async\" src=\"https:\/\/www.zfoam.com\/wp-content\/uploads\/2023\/04\/ZFoam-16-1-460x295.jpg\" width=\"460\" height=\"295\" alt=\"Espuma ZFoam ECO 16\" title=\"ZFoam 16\" aria-label=\"ZFoam 16\" class=\"img-responsive wp-image-9138 fusion-gallery-image-size-fixed\" \/><\/a><\/div><\/div><div class=\"clearfix\"><\/div><div style=\"padding:5px;\" class=\"fusion-grid-column fusion-gallery-column fusion-gallery-column-3 hover-type-zoomin\"><div class=\"fusion-gallery-image\"><a href=\"https:\/\/www.zfoam.com\/wp-content\/uploads\/2023\/04\/ZFoam-22-1.jpg\" rel=\"noreferrer\" data-rel=\"iLightbox[gallery_image_1]\" class=\"fusion-lightbox\" target=\"_self\"><img decoding=\"async\" src=\"https:\/\/www.zfoam.com\/wp-content\/uploads\/2023\/04\/ZFoam-22-1-460x295.jpg\" width=\"460\" height=\"295\" alt=\"Espuma ZFoam 22\" title=\"ZFoam 22\" aria-label=\"ZFoam 22\" class=\"img-responsive wp-image-9150 fusion-gallery-image-size-fixed\" \/><\/a><\/div><\/div><div style=\"padding:5px;\" class=\"fusion-grid-column fusion-gallery-column fusion-gallery-column-3 hover-type-zoomin\"><div class=\"fusion-gallery-image\"><a href=\"https:\/\/www.zfoam.com\/wp-content\/uploads\/2023\/04\/ZFoam-14.ECOS33-V2.jpg\" rel=\"noreferrer\" data-rel=\"iLightbox[gallery_image_1]\" class=\"fusion-lightbox\" target=\"_self\"><img decoding=\"async\" src=\"https:\/\/www.zfoam.com\/wp-content\/uploads\/2023\/04\/ZFoam-14.ECOS33-V2-460x295.jpg\" width=\"460\" height=\"295\" alt=\"Espuma \" title=\"ZFoam 14.ECOS33 V2\" aria-label=\"ZFoam 14.ECOS33 V2\" class=\"img-responsive wp-image-9134 fusion-gallery-image-size-fixed\" \/><\/a><\/div><\/div><div style=\"padding:5px;\" class=\"fusion-grid-column fusion-gallery-column fusion-gallery-column-3 hover-type-zoomin\"><div class=\"fusion-gallery-image\"><a href=\"https:\/\/www.zfoam.com\/wp-content\/uploads\/2023\/04\/ZFoam-19-1.jpg\" rel=\"noreferrer\" data-rel=\"iLightbox[gallery_image_1]\" class=\"fusion-lightbox\" target=\"_self\"><img decoding=\"async\" src=\"https:\/\/www.zfoam.com\/wp-content\/uploads\/2023\/04\/ZFoam-19-1-460x295.jpg\" width=\"460\" height=\"295\" alt=\"Espuma ZFoam 19\n\" title=\"ZFoam 19\" aria-label=\"ZFoam 19\" class=\"img-responsive wp-image-9142 fusion-gallery-image-size-fixed\" \/><\/a><\/div><\/div><div class=\"clearfix\"><\/div><\/div><\/div><style type=\"text\/css\">.fusion-body .fusion-builder-column-2{width:100% !important;margin-top : 0px;margin-bottom : 20px;}.fusion-builder-column-2 > .fusion-column-wrapper {padding-top : 0px !important;padding-right : 0px !important;margin-right : 1.92%;padding-bottom : 0px !important;padding-left : 0px !important;margin-left : 1.92%;}@media only screen and (max-width:1024px) {.fusion-body .fusion-builder-column-2{width:100% !important;order : 0;}.fusion-builder-column-2 > .fusion-column-wrapper {margin-right : 1.92%;margin-left : 1.92%;}}@media only screen and (max-width:640px) {.fusion-body .fusion-builder-column-2{width:100% !important;order : 0;}.fusion-builder-column-2 > .fusion-column-wrapper {margin-right : 1.92%;margin-left : 1.92%;}}<\/style><\/div><\/div><style type=\"text\/css\">.fusion-body .fusion-flex-container.fusion-builder-row-3{ padding-top : 0px;margin-top : 0px;padding-right : 0px;padding-bottom : 50px;margin-bottom : 0px;padding-left : 0px;}<\/style><\/div><\/p>\n","protected":false},"excerpt":{"rendered":"","protected":false},"author":3,"featured_media":0,"parent":8963,"menu_order":0,"comment_status":"closed","ping_status":"closed","template":"100-width.php","meta":{"footnotes":""},"class_list":["post-8996","page","type-page","status-publish","hentry"],"yoast_head":"<!-- This site is optimized with the Yoast SEO plugin v27.2 - https:\/\/yoast.com\/product\/yoast-seo-wordpress\/ -->\n<title>Applications - ZFoam<\/title>\n<meta name=\"robots\" content=\"index, follow, max-snippet:-1, max-image-preview:large, max-video-preview:-1\" \/>\n<link rel=\"canonical\" href=\"https:\/\/www.zfoam.com\/fr\/mousses-ecologiques\/applications\/\" \/>\n<meta property=\"og:locale\" content=\"fr_FR\" \/>\n<meta property=\"og:type\" content=\"article\" \/>\n<meta property=\"og:title\" content=\"Applications - ZFoam\" \/>\n<meta property=\"og:url\" content=\"https:\/\/www.zfoam.com\/fr\/mousses-ecologiques\/applications\/\" \/>\n<meta property=\"og:site_name\" content=\"ZFoam\" \/>\n<meta name=\"twitter:card\" content=\"summary_large_image\" \/>\n<meta name=\"twitter:label1\" content=\"Dur\u00e9e de lecture estim\u00e9e\" \/>\n\t<meta name=\"twitter:data1\" content=\"10 minutes\" \/>\n<script type=\"application\/ld+json\" class=\"yoast-schema-graph\">{\"@context\":\"https:\/\/schema.org\",\"@graph\":[{\"@type\":\"WebPage\",\"@id\":\"https:\/\/www.zfoam.com\/fr\/mousses-ecologiques\/applications\/\",\"url\":\"https:\/\/www.zfoam.com\/fr\/mousses-ecologiques\/applications\/\",\"name\":\"Applications - ZFoam\",\"isPartOf\":{\"@id\":\"https:\/\/www.zfoam.com\/#website\"},\"datePublished\":\"2023-05-15T10:51:29+00:00\",\"breadcrumb\":{\"@id\":\"https:\/\/www.zfoam.com\/fr\/mousses-ecologiques\/applications\/#breadcrumb\"},\"inLanguage\":\"fr-FR\",\"potentialAction\":[{\"@type\":\"ReadAction\",\"target\":[\"https:\/\/www.zfoam.com\/fr\/mousses-ecologiques\/applications\/\"]}]},{\"@type\":\"BreadcrumbList\",\"@id\":\"https:\/\/www.zfoam.com\/fr\/mousses-ecologiques\/applications\/#breadcrumb\",\"itemListElement\":[{\"@type\":\"ListItem\",\"position\":1,\"name\":\"Portada\",\"item\":\"https:\/\/www.zfoam.com\/fr\/\"},{\"@type\":\"ListItem\",\"position\":2,\"name\":\"Mousses \u00e9cologiques\",\"item\":\"https:\/\/www.zfoam.com\/fr\/mousses-ecologiques\/\"},{\"@type\":\"ListItem\",\"position\":3,\"name\":\"Applications\"}]},{\"@type\":\"WebSite\",\"@id\":\"https:\/\/www.zfoam.com\/#website\",\"url\":\"https:\/\/www.zfoam.com\/\",\"name\":\"ZFoam\",\"description\":\"Fabricante de espumas\",\"publisher\":{\"@id\":\"https:\/\/www.zfoam.com\/#organization\"},\"potentialAction\":[{\"@type\":\"SearchAction\",\"target\":{\"@type\":\"EntryPoint\",\"urlTemplate\":\"https:\/\/www.zfoam.com\/?s={search_term_string}\"},\"query-input\":{\"@type\":\"PropertyValueSpecification\",\"valueRequired\":true,\"valueName\":\"search_term_string\"}}],\"inLanguage\":\"fr-FR\"},{\"@type\":\"Organization\",\"@id\":\"https:\/\/www.zfoam.com\/#organization\",\"name\":\"ZFoam\",\"url\":\"https:\/\/www.zfoam.com\/\",\"logo\":{\"@type\":\"ImageObject\",\"inLanguage\":\"fr-FR\",\"@id\":\"https:\/\/www.zfoam.com\/#\/schema\/logo\/image\/\",\"url\":\"https:\/\/www.zfoam.com\/wp-content\/uploads\/2017\/05\/logo_zfoam_25.png\",\"contentUrl\":\"https:\/\/www.zfoam.com\/wp-content\/uploads\/2017\/05\/logo_zfoam_25.png\",\"width\":220,\"height\":51,\"caption\":\"ZFoam\"},\"image\":{\"@id\":\"https:\/\/www.zfoam.com\/#\/schema\/logo\/image\/\"}}]}<\/script>\n<!-- \/ Yoast SEO plugin. -->","yoast_head_json":{"title":"Applications - ZFoam","robots":{"index":"index","follow":"follow","max-snippet":"max-snippet:-1","max-image-preview":"max-image-preview:large","max-video-preview":"max-video-preview:-1"},"canonical":"https:\/\/www.zfoam.com\/fr\/mousses-ecologiques\/applications\/","og_locale":"fr_FR","og_type":"article","og_title":"Applications - ZFoam","og_url":"https:\/\/www.zfoam.com\/fr\/mousses-ecologiques\/applications\/","og_site_name":"ZFoam","twitter_card":"summary_large_image","twitter_misc":{"Dur\u00e9e de lecture estim\u00e9e":"10 minutes"},"schema":{"@context":"https:\/\/schema.org","@graph":[{"@type":"WebPage","@id":"https:\/\/www.zfoam.com\/fr\/mousses-ecologiques\/applications\/","url":"https:\/\/www.zfoam.com\/fr\/mousses-ecologiques\/applications\/","name":"Applications - ZFoam","isPartOf":{"@id":"https:\/\/www.zfoam.com\/#website"},"datePublished":"2023-05-15T10:51:29+00:00","breadcrumb":{"@id":"https:\/\/www.zfoam.com\/fr\/mousses-ecologiques\/applications\/#breadcrumb"},"inLanguage":"fr-FR","potentialAction":[{"@type":"ReadAction","target":["https:\/\/www.zfoam.com\/fr\/mousses-ecologiques\/applications\/"]}]},{"@type":"BreadcrumbList","@id":"https:\/\/www.zfoam.com\/fr\/mousses-ecologiques\/applications\/#breadcrumb","itemListElement":[{"@type":"ListItem","position":1,"name":"Portada","item":"https:\/\/www.zfoam.com\/fr\/"},{"@type":"ListItem","position":2,"name":"Mousses \u00e9cologiques","item":"https:\/\/www.zfoam.com\/fr\/mousses-ecologiques\/"},{"@type":"ListItem","position":3,"name":"Applications"}]},{"@type":"WebSite","@id":"https:\/\/www.zfoam.com\/#website","url":"https:\/\/www.zfoam.com\/","name":"ZFoam","description":"Fabricante de espumas","publisher":{"@id":"https:\/\/www.zfoam.com\/#organization"},"potentialAction":[{"@type":"SearchAction","target":{"@type":"EntryPoint","urlTemplate":"https:\/\/www.zfoam.com\/?s={search_term_string}"},"query-input":{"@type":"PropertyValueSpecification","valueRequired":true,"valueName":"search_term_string"}}],"inLanguage":"fr-FR"},{"@type":"Organization","@id":"https:\/\/www.zfoam.com\/#organization","name":"ZFoam","url":"https:\/\/www.zfoam.com\/","logo":{"@type":"ImageObject","inLanguage":"fr-FR","@id":"https:\/\/www.zfoam.com\/#\/schema\/logo\/image\/","url":"https:\/\/www.zfoam.com\/wp-content\/uploads\/2017\/05\/logo_zfoam_25.png","contentUrl":"https:\/\/www.zfoam.com\/wp-content\/uploads\/2017\/05\/logo_zfoam_25.png","width":220,"height":51,"caption":"ZFoam"},"image":{"@id":"https:\/\/www.zfoam.com\/#\/schema\/logo\/image\/"}}]}},"_links":{"self":[{"href":"https:\/\/www.zfoam.com\/fr\/wp-json\/wp\/v2\/pages\/8996","targetHints":{"allow":["GET"]}}],"collection":[{"href":"https:\/\/www.zfoam.com\/fr\/wp-json\/wp\/v2\/pages"}],"about":[{"href":"https:\/\/www.zfoam.com\/fr\/wp-json\/wp\/v2\/types\/page"}],"author":[{"embeddable":true,"href":"https:\/\/www.zfoam.com\/fr\/wp-json\/wp\/v2\/users\/3"}],"replies":[{"embeddable":true,"href":"https:\/\/www.zfoam.com\/fr\/wp-json\/wp\/v2\/comments?post=8996"}],"version-history":[{"count":5,"href":"https:\/\/www.zfoam.com\/fr\/wp-json\/wp\/v2\/pages\/8996\/revisions"}],"predecessor-version":[{"id":9325,"href":"https:\/\/www.zfoam.com\/fr\/wp-json\/wp\/v2\/pages\/8996\/revisions\/9325"}],"up":[{"embeddable":true,"href":"https:\/\/www.zfoam.com\/fr\/wp-json\/wp\/v2\/pages\/8963"}],"wp:attachment":[{"href":"https:\/\/www.zfoam.com\/fr\/wp-json\/wp\/v2\/media?parent=8996"}],"curies":[{"name":"wp","href":"https:\/\/api.w.org\/{rel}","templated":true}]}}