{"id":9018,"date":"2023-05-15T12:51:00","date_gmt":"2023-05-15T10:51:00","guid":{"rendered":"https:\/\/www.zfoam.com\/?page_id=9018"},"modified":"2023-05-15T12:51:00","modified_gmt":"2023-05-15T10:51:00","slug":"analyse-du-cycle-de-vie","status":"publish","type":"page","link":"https:\/\/www.zfoam.com\/fr\/mousses-ecologiques\/analyse-du-cycle-de-vie\/","title":{"rendered":"Analyse du cycle de vie"},"content":{"rendered":"<p><div class=\"fusion-fullwidth fullwidth-box fusion-builder-row-1 nonhundred-percent-fullwidth non-hundred-percent-height-scrolling fusion-equal-height-columns\" style=\"background-color: #419e49;background-position: center center;background-repeat: no-repeat;padding-top:27px;padding-right:0px;padding-bottom:0px;padding-left:0px;margin-bottom: 0px;margin-top: 0px;border-width: 0px 0px 0px 0px;border-color:#eae9e9;border-style:solid;\" ><div class=\"fusion-builder-row fusion-row\"><div class=\"fusion-layout-column fusion_builder_column fusion-builder-column-0 fusion_builder_column_1_1 1_1 fusion-one-full fusion-column-first fusion-column-last\" style=\"margin-top:0px;margin-bottom:20px;\"><div class=\"fusion-column-wrapper fusion-flex-column-wrapper-legacy\" style=\"background-position:left top;background-repeat:no-repeat;-webkit-background-size:cover;-moz-background-size:cover;-o-background-size:cover;background-size:cover;padding: 0px 0px 0px 0px;\"><div class=\"imageframe-align-center\"><span class=\" fusion-imageframe imageframe-none imageframe-1 hover-type-none\" style=\"width:100%;max-width:280px;\"><a class=\"fusion-no-lightbox\" href=\"https:\/\/www.zfoam.com\/zfoam-eco\/\" target=\"_self\" aria-label=\"zfoam-eco-icono\"><img decoding=\"async\" width=\"300\" height=\"146\" src=\"https:\/\/www.zfoam.com\/wp-content\/uploads\/2023\/03\/zfoam-eco-icono-300x146.png\" class=\"img-responsive wp-image-8974\" srcset=\"https:\/\/www.zfoam.com\/wp-content\/uploads\/2023\/03\/zfoam-eco-icono-200x97.png 200w, https:\/\/www.zfoam.com\/wp-content\/uploads\/2023\/03\/zfoam-eco-icono-400x194.png 400w, https:\/\/www.zfoam.com\/wp-content\/uploads\/2023\/03\/zfoam-eco-icono-600x291.png 600w, https:\/\/www.zfoam.com\/wp-content\/uploads\/2023\/03\/zfoam-eco-icono.png 700w\" sizes=\"(max-width: 800px) 100vw, 300px\" \/><\/a><\/span><\/div><div class=\"fusion-clearfix\"><\/div><\/div><\/div><\/div><\/div><div class=\"fusion-fullwidth fullwidth-box fusion-builder-row-2 nonhundred-percent-fullwidth non-hundred-percent-height-scrolling\" style=\"background-color: rgba(255,255,255,0);background-position: center center;background-repeat: no-repeat;padding-top:0px;padding-right:0px;padding-bottom:0px;padding-left:0px;margin-bottom: 0px;margin-top: 0px;border-width: 0px 0px 0px 0px;border-color:#eae9e9;border-style:solid;\" ><div class=\"fusion-builder-row fusion-row\"><div class=\"fusion-layout-column fusion_builder_column fusion-builder-column-1 fusion_builder_column_1_1 1_1 fusion-one-full fusion-column-first fusion-column-last\" style=\"margin-top:0px;margin-bottom:20px;\"><div class=\"fusion-column-wrapper fusion-flex-column-wrapper-legacy\" style=\"background-position:left top;background-repeat:no-repeat;-webkit-background-size:cover;-moz-background-size:cover;-o-background-size:cover;background-size:cover;padding: 0px 0px 0px 0px;\"><div class=\"fusion-text fusion-text-1\"><h1 style=\"text-align: center;\"><span style=\"color: #333399;\">Analyse du cycle de vie (ACV)<\/span><\/h1>\n<\/div><div class=\"fusion-text fusion-text-2\"><h4 style=\"text-align: center; font-size: 14px;\"><strong><span style=\"color: #333399;\">Nous combinons l\u2019innovation et la durabilit\u00e9 dans un outil de grande valeur pour vous et vos clients.<\/span><\/strong><\/h4>\n<\/div><div class=\"fusion-sep-clear\"><\/div><div class=\"fusion-separator\" style=\"margin-left: auto;margin-right: auto;margin-bottom:40px;width:100%;max-width:100px;\"><div class=\"fusion-separator-border sep-single sep-solid\" style=\"border-color:#333399;border-top-width:2px;\"><\/div><\/div><div class=\"fusion-sep-clear\"><\/div><div class=\"fusion-text fusion-text-3\"><p style=\"text-align: center; font-size: 14px;\"><span style=\"color: #333399;\"><span style=\"font-weight: 400;\">Nous avons pris un engagement pionnier dans notre secteur en d\u00e9veloppant un outil capable de proposer \u00e0 tous nos clients une Analyse du Cycle de Vie (ACV) des produits fabriqu\u00e9s que nous fabriquons pour eux.<\/span><\/span><\/p>\n<\/div><div class=\"fusion-clearfix\"><\/div><\/div><\/div><\/div><\/div><div class=\"fusion-fullwidth fullwidth-box fusion-builder-row-3 nonhundred-percent-fullwidth non-hundred-percent-height-scrolling\" style=\"background-color: rgba(255,255,255,0);background-position: center center;background-repeat: no-repeat;padding-top:19px;padding-right:0px;padding-bottom:0px;padding-left:0px;margin-bottom: 0px;margin-top: 0px;border-width: 0px 0px 0px 0px;border-color:#eae9e9;border-style:solid;\" ><div class=\"fusion-builder-row fusion-row\"><div class=\"fusion-layout-column fusion_builder_column fusion-builder-column-2 fusion_builder_column_1_2 1_2 fusion-one-half fusion-column-first\" style=\"width:50%;width:calc(50% - ( ( 4% ) * 0.5 ) );margin-right: 4%;margin-top:0px;margin-bottom:20px;\"><div class=\"fusion-column-wrapper fusion-flex-column-wrapper-legacy\" style=\"background-position:left top;background-repeat:no-repeat;-webkit-background-size:cover;-moz-background-size:cover;-o-background-size:cover;background-size:cover;border-width: 0 2px 0 0;border-color:#d9eefc;border-style:solid;padding: 0px 0px 0px 60px;\"><span class=\" fusion-imageframe imageframe-none imageframe-2 hover-type-none\" style=\"border-radius:500px;margin-left:25px;float:right;\"><img decoding=\"async\" width=\"400\" height=\"400\" alt=\"ACV An\u00e1lisis de ciclo de vida\" title=\"400x400_Zfoam\" src=\"https:\/\/www.zfoam.com\/wp-content\/uploads\/2022\/02\/400x400_Zfoam.jpg\" class=\"img-responsive wp-image-7979\" srcset=\"https:\/\/www.zfoam.com\/wp-content\/uploads\/2022\/02\/400x400_Zfoam-200x200.jpg 200w, https:\/\/www.zfoam.com\/wp-content\/uploads\/2022\/02\/400x400_Zfoam.jpg 400w\" sizes=\"(max-width: 800px) 100vw, 400px\" \/><\/span><div class=\"fusion-clearfix\"><\/div><\/div><\/div><div class=\"fusion-layout-column fusion_builder_column fusion-builder-column-3 fusion_builder_column_1_2 1_2 fusion-one-half fusion-column-last\" style=\"width:50%;width:calc(50% - ( ( 4% ) * 0.5 ) );margin-top:0px;margin-bottom:20px;\"><div class=\"fusion-column-wrapper fusion-flex-column-wrapper-legacy\" style=\"background-position:left top;background-repeat:no-repeat;-webkit-background-size:cover;-moz-background-size:cover;-o-background-size:cover;background-size:cover;padding: 0px 0px 0px 0px;\"><div class=\"fusion-text fusion-text-4\"><p style=\"text-align: left; font-size: 22px;\"><strong><span style=\"color: #333399;\">Quelles sont les donn\u00e9es fournies par notre calculateur ?<\/span><\/strong><\/p>\n<\/div><ul class=\"fusion-checklist fusion-checklist-1 fusion-checklist-divider\" style=\"font-size:14px;line-height:23.8px;\"><li class=\"fusion-li-item\" style=\"border-bottom-color:#e0dede\"><span style=\"background-color:#333b90;font-size:12.32px;height:23.8px;width:23.8px;margin-right:9.8px;\" class=\"icon-wrapper circle-yes\"><i class=\"fusion-li-icon fa fa-check\" style=\"color:#ffffff;\" aria-hidden=\"true\"><\/i><\/span><div class=\"fusion-li-item-content\" style=\"margin-left:33.6px;\">\n<p><b>Impact environnemental<\/b><\/p>\n<p><span style=\"font-weight: 400;\">Vous d\u00e9couvrirez de premi\u00e8re main l\u2019impact environnemental de la fabrication de nos produits, ainsi que pour vos clients, qui sont de plus en plus demandeurs de ce type d\u2019informations. <\/span><\/p>\n<\/div><\/li><li class=\"fusion-li-item\" style=\"border-bottom-color:#e0dede\"><span style=\"background-color:#333b90;font-size:12.32px;height:23.8px;width:23.8px;margin-right:9.8px;\" class=\"icon-wrapper circle-yes\"><i class=\"fusion-li-icon fa fa-check\" style=\"color:#ffffff;\" aria-hidden=\"true\"><\/i><\/span><div class=\"fusion-li-item-content\" style=\"margin-left:33.6px;\">\n<p><b>Comparaisons<\/b><\/p>\n<p><span style=\"font-weight: 400;\">Vous pouvez \u00e9galement acc\u00e9der \u00e0 des comparaisons de l\u2019impact environnemental des mousses par rapport \u00e0 d\u2019autres mat\u00e9riaux tels que le carton ou les plastiques thermoform\u00e9s.<\/span><\/p>\n<\/div><\/li><li class=\"fusion-li-item\" style=\"border-bottom-color:#e0dede\"><span style=\"background-color:#333b90;font-size:12.32px;height:23.8px;width:23.8px;margin-right:9.8px;\" class=\"icon-wrapper circle-yes\"><i class=\"fusion-li-icon fa fa-check\" style=\"color:#ffffff;\" aria-hidden=\"true\"><\/i><\/span><div class=\"fusion-li-item-content\" style=\"margin-left:33.6px;\">\n<p><strong>\u00c9valuer l\u2019impact potentiel sur l\u2019environnement<\/strong><\/p>\n<p><span style=\"font-weight: 400;\">L\u2019objectif ultime du calcul d\u2019ACV est d\u2019\u00e9valuer l\u2019impact potentiel sur l\u2019environnement d\u2019un produit, d\u2019un processus ou d\u2019une activit\u00e9 tout au long de son cycle de vie : de l\u2019extraction des mati\u00e8res premi\u00e8res \u00e0 l\u2019\u00e9limination des d\u00e9chets \u00e0 la fin de sa vie utile.<\/span><\/p>\n<\/div><\/li><li class=\"fusion-li-item\" style=\"border-bottom-color:#e0dede\"><span style=\"background-color:#333b90;font-size:12.32px;height:23.8px;width:23.8px;margin-right:9.8px;\" class=\"icon-wrapper circle-yes\"><i class=\"fusion-li-icon fa fa-check\" style=\"color:#ffffff;\" aria-hidden=\"true\"><\/i><\/span><div class=\"fusion-li-item-content\" style=\"margin-left:33.6px;\">\n<p><b>Notre calculateur d\u2019ACV<\/b><\/p>\n<p><span style=\"font-weight: 400;\">Cet outil a \u00e9t\u00e9 d\u00e9velopp\u00e9 en collaboration avec la fondation CIRCE conform\u00e9ment aux normes ISO 14040 et ISO 14044 et permet de mesurer 18 impacts environnementaux potentiels, y compris l\u2019empreinte carbone ou le changement climatique.<\/span><\/p>\n<\/div><\/li><\/ul><div class=\"fusion-sep-clear\"><\/div><div class=\"fusion-separator fusion-full-width-sep\" style=\"margin-left: auto;margin-right: auto;width:100%;\"><div class=\"fusion-separator-border sep-double\" style=\"border-color:rgba(247,247,247,0);border-top-width:16px;border-bottom-width:16px;\"><\/div><\/div><div class=\"fusion-sep-clear\"><\/div><div class=\"fusion-clearfix\"><\/div><\/div><\/div><\/div><\/div><\/p>\n","protected":false},"excerpt":{"rendered":"","protected":false},"author":3,"featured_media":0,"parent":8963,"menu_order":0,"comment_status":"closed","ping_status":"closed","template":"100-width.php","meta":{"footnotes":""},"class_list":["post-9018","page","type-page","status-publish","hentry"],"yoast_head":"<!-- This site is optimized with the Yoast SEO plugin v27.2 - https:\/\/yoast.com\/product\/yoast-seo-wordpress\/ -->\n<title>Analyse du cycle de vie - ZFoam<\/title>\n<meta name=\"robots\" content=\"index, follow, max-snippet:-1, max-image-preview:large, max-video-preview:-1\" \/>\n<link rel=\"canonical\" href=\"https:\/\/www.zfoam.com\/fr\/mousses-ecologiques\/analyse-du-cycle-de-vie\/\" \/>\n<meta property=\"og:locale\" content=\"fr_FR\" \/>\n<meta property=\"og:type\" content=\"article\" \/>\n<meta property=\"og:title\" content=\"Analyse du cycle de vie - ZFoam\" \/>\n<meta property=\"og:url\" content=\"https:\/\/www.zfoam.com\/fr\/mousses-ecologiques\/analyse-du-cycle-de-vie\/\" \/>\n<meta property=\"og:site_name\" content=\"ZFoam\" \/>\n<meta name=\"twitter:card\" content=\"summary_large_image\" \/>\n<meta name=\"twitter:label1\" content=\"Dur\u00e9e de lecture estim\u00e9e\" \/>\n\t<meta name=\"twitter:data1\" content=\"10 minutes\" \/>\n<script type=\"application\/ld+json\" class=\"yoast-schema-graph\">{\"@context\":\"https:\/\/schema.org\",\"@graph\":[{\"@type\":\"WebPage\",\"@id\":\"https:\/\/www.zfoam.com\/fr\/mousses-ecologiques\/analyse-du-cycle-de-vie\/\",\"url\":\"https:\/\/www.zfoam.com\/fr\/mousses-ecologiques\/analyse-du-cycle-de-vie\/\",\"name\":\"Analyse du cycle de vie - ZFoam\",\"isPartOf\":{\"@id\":\"https:\/\/www.zfoam.com\/#website\"},\"datePublished\":\"2023-05-15T10:51:00+00:00\",\"breadcrumb\":{\"@id\":\"https:\/\/www.zfoam.com\/fr\/mousses-ecologiques\/analyse-du-cycle-de-vie\/#breadcrumb\"},\"inLanguage\":\"fr-FR\",\"potentialAction\":[{\"@type\":\"ReadAction\",\"target\":[\"https:\/\/www.zfoam.com\/fr\/mousses-ecologiques\/analyse-du-cycle-de-vie\/\"]}]},{\"@type\":\"BreadcrumbList\",\"@id\":\"https:\/\/www.zfoam.com\/fr\/mousses-ecologiques\/analyse-du-cycle-de-vie\/#breadcrumb\",\"itemListElement\":[{\"@type\":\"ListItem\",\"position\":1,\"name\":\"Portada\",\"item\":\"https:\/\/www.zfoam.com\/fr\/\"},{\"@type\":\"ListItem\",\"position\":2,\"name\":\"Mousses \u00e9cologiques\",\"item\":\"https:\/\/www.zfoam.com\/fr\/mousses-ecologiques\/\"},{\"@type\":\"ListItem\",\"position\":3,\"name\":\"Analyse du cycle de vie\"}]},{\"@type\":\"WebSite\",\"@id\":\"https:\/\/www.zfoam.com\/#website\",\"url\":\"https:\/\/www.zfoam.com\/\",\"name\":\"ZFoam\",\"description\":\"Fabricante de espumas\",\"publisher\":{\"@id\":\"https:\/\/www.zfoam.com\/#organization\"},\"potentialAction\":[{\"@type\":\"SearchAction\",\"target\":{\"@type\":\"EntryPoint\",\"urlTemplate\":\"https:\/\/www.zfoam.com\/?s={search_term_string}\"},\"query-input\":{\"@type\":\"PropertyValueSpecification\",\"valueRequired\":true,\"valueName\":\"search_term_string\"}}],\"inLanguage\":\"fr-FR\"},{\"@type\":\"Organization\",\"@id\":\"https:\/\/www.zfoam.com\/#organization\",\"name\":\"ZFoam\",\"url\":\"https:\/\/www.zfoam.com\/\",\"logo\":{\"@type\":\"ImageObject\",\"inLanguage\":\"fr-FR\",\"@id\":\"https:\/\/www.zfoam.com\/#\/schema\/logo\/image\/\",\"url\":\"https:\/\/www.zfoam.com\/wp-content\/uploads\/2017\/05\/logo_zfoam_25.png\",\"contentUrl\":\"https:\/\/www.zfoam.com\/wp-content\/uploads\/2017\/05\/logo_zfoam_25.png\",\"width\":220,\"height\":51,\"caption\":\"ZFoam\"},\"image\":{\"@id\":\"https:\/\/www.zfoam.com\/#\/schema\/logo\/image\/\"}}]}<\/script>\n<!-- \/ Yoast SEO plugin. -->","yoast_head_json":{"title":"Analyse du cycle de vie - ZFoam","robots":{"index":"index","follow":"follow","max-snippet":"max-snippet:-1","max-image-preview":"max-image-preview:large","max-video-preview":"max-video-preview:-1"},"canonical":"https:\/\/www.zfoam.com\/fr\/mousses-ecologiques\/analyse-du-cycle-de-vie\/","og_locale":"fr_FR","og_type":"article","og_title":"Analyse du cycle de vie - ZFoam","og_url":"https:\/\/www.zfoam.com\/fr\/mousses-ecologiques\/analyse-du-cycle-de-vie\/","og_site_name":"ZFoam","twitter_card":"summary_large_image","twitter_misc":{"Dur\u00e9e de lecture estim\u00e9e":"10 minutes"},"schema":{"@context":"https:\/\/schema.org","@graph":[{"@type":"WebPage","@id":"https:\/\/www.zfoam.com\/fr\/mousses-ecologiques\/analyse-du-cycle-de-vie\/","url":"https:\/\/www.zfoam.com\/fr\/mousses-ecologiques\/analyse-du-cycle-de-vie\/","name":"Analyse du cycle de vie - ZFoam","isPartOf":{"@id":"https:\/\/www.zfoam.com\/#website"},"datePublished":"2023-05-15T10:51:00+00:00","breadcrumb":{"@id":"https:\/\/www.zfoam.com\/fr\/mousses-ecologiques\/analyse-du-cycle-de-vie\/#breadcrumb"},"inLanguage":"fr-FR","potentialAction":[{"@type":"ReadAction","target":["https:\/\/www.zfoam.com\/fr\/mousses-ecologiques\/analyse-du-cycle-de-vie\/"]}]},{"@type":"BreadcrumbList","@id":"https:\/\/www.zfoam.com\/fr\/mousses-ecologiques\/analyse-du-cycle-de-vie\/#breadcrumb","itemListElement":[{"@type":"ListItem","position":1,"name":"Portada","item":"https:\/\/www.zfoam.com\/fr\/"},{"@type":"ListItem","position":2,"name":"Mousses \u00e9cologiques","item":"https:\/\/www.zfoam.com\/fr\/mousses-ecologiques\/"},{"@type":"ListItem","position":3,"name":"Analyse du cycle de vie"}]},{"@type":"WebSite","@id":"https:\/\/www.zfoam.com\/#website","url":"https:\/\/www.zfoam.com\/","name":"ZFoam","description":"Fabricante de espumas","publisher":{"@id":"https:\/\/www.zfoam.com\/#organization"},"potentialAction":[{"@type":"SearchAction","target":{"@type":"EntryPoint","urlTemplate":"https:\/\/www.zfoam.com\/?s={search_term_string}"},"query-input":{"@type":"PropertyValueSpecification","valueRequired":true,"valueName":"search_term_string"}}],"inLanguage":"fr-FR"},{"@type":"Organization","@id":"https:\/\/www.zfoam.com\/#organization","name":"ZFoam","url":"https:\/\/www.zfoam.com\/","logo":{"@type":"ImageObject","inLanguage":"fr-FR","@id":"https:\/\/www.zfoam.com\/#\/schema\/logo\/image\/","url":"https:\/\/www.zfoam.com\/wp-content\/uploads\/2017\/05\/logo_zfoam_25.png","contentUrl":"https:\/\/www.zfoam.com\/wp-content\/uploads\/2017\/05\/logo_zfoam_25.png","width":220,"height":51,"caption":"ZFoam"},"image":{"@id":"https:\/\/www.zfoam.com\/#\/schema\/logo\/image\/"}}]}},"_links":{"self":[{"href":"https:\/\/www.zfoam.com\/fr\/wp-json\/wp\/v2\/pages\/9018","targetHints":{"allow":["GET"]}}],"collection":[{"href":"https:\/\/www.zfoam.com\/fr\/wp-json\/wp\/v2\/pages"}],"about":[{"href":"https:\/\/www.zfoam.com\/fr\/wp-json\/wp\/v2\/types\/page"}],"author":[{"embeddable":true,"href":"https:\/\/www.zfoam.com\/fr\/wp-json\/wp\/v2\/users\/3"}],"replies":[{"embeddable":true,"href":"https:\/\/www.zfoam.com\/fr\/wp-json\/wp\/v2\/comments?post=9018"}],"version-history":[{"count":5,"href":"https:\/\/www.zfoam.com\/fr\/wp-json\/wp\/v2\/pages\/9018\/revisions"}],"predecessor-version":[{"id":9319,"href":"https:\/\/www.zfoam.com\/fr\/wp-json\/wp\/v2\/pages\/9018\/revisions\/9319"}],"up":[{"embeddable":true,"href":"https:\/\/www.zfoam.com\/fr\/wp-json\/wp\/v2\/pages\/8963"}],"wp:attachment":[{"href":"https:\/\/www.zfoam.com\/fr\/wp-json\/wp\/v2\/media?parent=9018"}],"curies":[{"name":"wp","href":"https:\/\/api.w.org\/{rel}","templated":true}]}}